{"id":770704,"date":"2025-06-17T22:49:20","date_gmt":"2025-06-17T19:49:20","guid":{"rendered":"https:\/\/nextsnkr.com\/product\/north-face-dark-blue\/"},"modified":"2026-01-30T16:42:03","modified_gmt":"2026-01-30T13:42:03","slug":"north-face-dark-blue","status":"publish","type":"product","link":"https:\/\/nextsnkr.com\/et\/toode\/north-face-dark-blue\/","title":{"rendered":"North FACE Dark Blue m\u00fcts-akr\u00fc\u00fcl, universaalne suurus"},"content":{"rendered":"<h2>North FACE Dark Blue m\u00fcts-akr\u00fc\u00fcl, universaalne suurus<\/h2>\n<p>North FACE Dark Blue m\u00fcts on valmistatud kvaliteetsest akr\u00fc\u00fclist, mis pakub k\u00fclma ilmaga soojust ja mugavust. Universaalne suurus sobib enamusele ja mahukas tikand lisab teie v\u00e4limusele stiilse aktsendi. Lihtne hooldada \u2014 pestav temperatuuril 30\u00b0C. ideaalne valik v\u00e4litegevuseks, jalutamiseks ja igap\u00e4evaseks kasutamiseks, North FACE Dark Blue m\u00fcts \u00fchendab praktilisuse, vastupidavuse ja trendika disaini.<\/p>\n","protected":false},"excerpt":{"rendered":"<p>North FACE Dark Blue m\u00fcts on valmistatud kvaliteetsest akr\u00fc\u00fclist, mis pakub k\u00fclma ilmaga soojust ja mugavust. Universaalne suurus sobib enamusele ja mahukas tikand lisab teie v\u00e4limusele stiilse aktsendi. Lihtne hooldada \u2014 pestav temperatuuril 30\u00b0C. ideaalne valik v\u00e4litegevuseks, jalutamiseks ja igap\u00e4evaseks kasutamiseks, North FACE Dark Blue m\u00fcts \u00fchendab praktilisuse, vastupidavuse ja trendika disaini.<\/p>\n","protected":false},"featured_media":770705,"comment_status":"open","ping_status":"open","template":"","meta":[],"product_brand":[],"product_cat":[3186,4447],"product_tag":[],"class_list":{"0":"post-770704","1":"product","2":"type-product","3":"status-publish","4":"has-post-thumbnail","6":"product_cat-all-product","7":"product_cat-shapky","8":"pa_rozmir-one-size","10":"first","11":"instock","12":"purchasable","13":"product-type-simple"},"_links":{"self":[{"href":"https:\/\/nextsnkr.com\/et\/wp-json\/wp\/v2\/product\/770704","targetHints":{"allow":["GET"]}}],"collection":[{"href":"https:\/\/nextsnkr.com\/et\/wp-json\/wp\/v2\/product"}],"about":[{"href":"https:\/\/nextsnkr.com\/et\/wp-json\/wp\/v2\/types\/product"}],"replies":[{"embeddable":true,"href":"https:\/\/nextsnkr.com\/et\/wp-json\/wp\/v2\/comments?post=770704"}],"version-history":[{"count":0,"href":"https:\/\/nextsnkr.com\/et\/wp-json\/wp\/v2\/product\/770704\/revisions"}],"wp:featuredmedia":[{"embeddable":true,"href":"https:\/\/nextsnkr.com\/et\/wp-json\/wp\/v2\/media\/770705"}],"wp:attachment":[{"href":"https:\/\/nextsnkr.com\/et\/wp-json\/wp\/v2\/media?parent=770704"}],"wp:term":[{"taxonomy":"product_brand","embeddable":true,"href":"https:\/\/nextsnkr.com\/et\/wp-json\/wp\/v2\/product_brand?post=770704"},{"taxonomy":"product_cat","embeddable":true,"href":"https:\/\/nextsnkr.com\/et\/wp-json\/wp\/v2\/product_cat?post=770704"},{"taxonomy":"product_tag","embeddable":true,"href":"https:\/\/nextsnkr.com\/et\/wp-json\/wp\/v2\/product_tag?post=770704"}],"curies":[{"name":"wp","href":"https:\/\/api.w.org\/{rel}","templated":true}]}}