{"id":770319,"date":"2025-06-17T22:49:30","date_gmt":"2025-06-17T19:49:30","guid":{"rendered":"https:\/\/nextsnkr.com\/product\/champion-white\/"},"modified":"2026-01-30T16:41:28","modified_gmt":"2026-01-30T13:41:28","slug":"champion-white","status":"publish","type":"product","link":"https:\/\/nextsnkr.com\/et\/toode\/champion-white\/","title":{"rendered":"Champion White m\u00fcts &#8211; akr\u00fc\u00fcl universaalne tikandiga"},"content":{"rendered":"<h2>Champion White m\u00fcts &#8211; akr\u00fc\u00fcl universaalne tikandiga<\/h2>\n<p>Stiilne Champion White m\u00fcts on valmistatud kvaliteetsest akr\u00fc\u00fclist, mis pakub k\u00fclma ilmaga soojust ja mugavust. Universaalne suurus sobib enamusele ja mahukas tikand lisab teie v\u00e4limusele trendika aktsendi. Lihtne hooldada-saab pesta 30 kraadi juures. Ideaalne igap\u00e4evaseks kandmiseks ja sportliku v\u00f5i igap\u00e4evase stiili loomiseks. Valige Champion White mugavuse ja stiilse v\u00e4ljan\u00e4gemise jaoks igal aastaajal.<\/p>\n","protected":false},"excerpt":{"rendered":"<p>Stiilne Champion White m\u00fcts on valmistatud kvaliteetsest akr\u00fc\u00fclist, mis pakub k\u00fclma ilmaga soojust ja mugavust. Universaalne suurus sobib enamusele ja mahukas tikand lisab teie v\u00e4limusele trendika aktsendi. Lihtne hooldada-saab pesta 30 kraadi juures. Ideaalne igap\u00e4evaseks kandmiseks ja sportliku v\u00f5i igap\u00e4evase stiili loomiseks. Valige Champion White mugavuse ja stiilse v\u00e4ljan\u00e4gemise jaoks igal aastaajal.<\/p>\n","protected":false},"featured_media":770321,"comment_status":"open","ping_status":"open","template":"","meta":[],"product_brand":[],"product_cat":[3186,4447],"product_tag":[],"class_list":{"0":"post-770319","1":"product","2":"type-product","3":"status-publish","4":"has-post-thumbnail","6":"product_cat-all-product","7":"product_cat-shapky","8":"pa_rozmir-one-size","10":"first","11":"instock","12":"purchasable","13":"product-type-simple"},"_links":{"self":[{"href":"https:\/\/nextsnkr.com\/et\/wp-json\/wp\/v2\/product\/770319","targetHints":{"allow":["GET"]}}],"collection":[{"href":"https:\/\/nextsnkr.com\/et\/wp-json\/wp\/v2\/product"}],"about":[{"href":"https:\/\/nextsnkr.com\/et\/wp-json\/wp\/v2\/types\/product"}],"replies":[{"embeddable":true,"href":"https:\/\/nextsnkr.com\/et\/wp-json\/wp\/v2\/comments?post=770319"}],"version-history":[{"count":0,"href":"https:\/\/nextsnkr.com\/et\/wp-json\/wp\/v2\/product\/770319\/revisions"}],"wp:featuredmedia":[{"embeddable":true,"href":"https:\/\/nextsnkr.com\/et\/wp-json\/wp\/v2\/media\/770321"}],"wp:attachment":[{"href":"https:\/\/nextsnkr.com\/et\/wp-json\/wp\/v2\/media?parent=770319"}],"wp:term":[{"taxonomy":"product_brand","embeddable":true,"href":"https:\/\/nextsnkr.com\/et\/wp-json\/wp\/v2\/product_brand?post=770319"},{"taxonomy":"product_cat","embeddable":true,"href":"https:\/\/nextsnkr.com\/et\/wp-json\/wp\/v2\/product_cat?post=770319"},{"taxonomy":"product_tag","embeddable":true,"href":"https:\/\/nextsnkr.com\/et\/wp-json\/wp\/v2\/product_tag?post=770319"}],"curies":[{"name":"wp","href":"https:\/\/api.w.org\/{rel}","templated":true}]}}