{"id":769936,"date":"2025-06-17T22:49:40","date_gmt":"2025-06-17T19:49:40","guid":{"rendered":"https:\/\/nextsnkr.com\/product\/under-armour-red\/"},"modified":"2026-01-30T16:41:03","modified_gmt":"2026-01-30T13:41:03","slug":"under-armour-red","status":"publish","type":"product","link":"https:\/\/nextsnkr.com\/et\/toode\/under-armour-red\/","title":{"rendered":"Under ARMOUR Red m\u00fcts-akr\u00fc\u00fcl, mitmek\u00fclgne, stiilne"},"content":{"rendered":"<h2>Under ARMOUR Red m\u00fcts-akr\u00fc\u00fcl, mitmek\u00fclgne, stiilne<\/h2>\n<p>Under ARMOUR Red m\u00fcts on valmistatud kvaliteetsest akr\u00fc\u00fclist, mis pakub soojust ja mugavust k\u00fclmal aastaajal. Universaalne suurus sobib enamusele ja mahukas tikand lisab stiilse aktsendi. Lihtne hooldus: peske temperatuuril 30\u00b0C. ideaalne valik v\u00e4litegevuseks, jalutamiseks v\u00f5i Sportimiseks, \u00fchendades kaubam\u00e4rgi, kvaliteedi ja kaasaegse disaini \u00fches aksessuaaris.<\/p>\n","protected":false},"excerpt":{"rendered":"<p>Under ARMOUR Red m\u00fcts on valmistatud kvaliteetsest akr\u00fc\u00fclist, mis pakub soojust ja mugavust k\u00fclmal aastaajal. Universaalne suurus sobib enamusele ja mahukas tikand lisab stiilse aktsendi. Lihtne hooldus: peske temperatuuril 30\u00b0C. ideaalne valik v\u00e4litegevuseks, jalutamiseks v\u00f5i Sportimiseks, \u00fchendades kaubam\u00e4rgi, kvaliteedi ja kaasaegse disaini \u00fches aksessuaaris.<\/p>\n","protected":false},"featured_media":769941,"comment_status":"open","ping_status":"open","template":"","meta":[],"product_brand":[],"product_cat":[3186,4447],"product_tag":[],"class_list":{"0":"post-769936","1":"product","2":"type-product","3":"status-publish","4":"has-post-thumbnail","6":"product_cat-all-product","7":"product_cat-shapky","8":"pa_rozmir-one-size","10":"first","11":"instock","12":"purchasable","13":"product-type-simple"},"_links":{"self":[{"href":"https:\/\/nextsnkr.com\/et\/wp-json\/wp\/v2\/product\/769936","targetHints":{"allow":["GET"]}}],"collection":[{"href":"https:\/\/nextsnkr.com\/et\/wp-json\/wp\/v2\/product"}],"about":[{"href":"https:\/\/nextsnkr.com\/et\/wp-json\/wp\/v2\/types\/product"}],"replies":[{"embeddable":true,"href":"https:\/\/nextsnkr.com\/et\/wp-json\/wp\/v2\/comments?post=769936"}],"version-history":[{"count":0,"href":"https:\/\/nextsnkr.com\/et\/wp-json\/wp\/v2\/product\/769936\/revisions"}],"wp:featuredmedia":[{"embeddable":true,"href":"https:\/\/nextsnkr.com\/et\/wp-json\/wp\/v2\/media\/769941"}],"wp:attachment":[{"href":"https:\/\/nextsnkr.com\/et\/wp-json\/wp\/v2\/media?parent=769936"}],"wp:term":[{"taxonomy":"product_brand","embeddable":true,"href":"https:\/\/nextsnkr.com\/et\/wp-json\/wp\/v2\/product_brand?post=769936"},{"taxonomy":"product_cat","embeddable":true,"href":"https:\/\/nextsnkr.com\/et\/wp-json\/wp\/v2\/product_cat?post=769936"},{"taxonomy":"product_tag","embeddable":true,"href":"https:\/\/nextsnkr.com\/et\/wp-json\/wp\/v2\/product_tag?post=769936"}],"curies":[{"name":"wp","href":"https:\/\/api.w.org\/{rel}","templated":true}]}}