{"id":769557,"date":"2025-06-17T22:49:50","date_gmt":"2025-06-17T19:49:50","guid":{"rendered":"https:\/\/nextsnkr.com\/product\/fila-grey\/"},"modified":"2026-01-30T16:40:40","modified_gmt":"2026-01-30T13:40:40","slug":"fila-grey","status":"publish","type":"product","link":"https:\/\/nextsnkr.com\/et\/toode\/fila-grey\/","title":{"rendered":"Fila Grey akr\u00fc\u00fclist m\u00fcts-universaalne suurus, mahuline tikand"},"content":{"rendered":"<h2>Fila Grey akr\u00fc\u00fclist m\u00fcts-universaalne suurus, mahuline tikand<\/h2>\n<p>FILA Grey m\u00fcts on valmistatud pehmest ja soojast akr\u00fc\u00fclist, et pakkuda mugavust ja kaitset k\u00fclma eest. Universaalse suurusega mudel sobib igale peakujule ja stiilne mahukas tikand lisab v\u00e4limusele moes aktsendi. Lihtne pesta temperatuuril 30\u00b0C, FILA m\u00fcts sobib ideaalselt igap\u00e4evaseks kandmiseks k\u00fclmal ajal, \u00fchendades br\u00e4ndi kvaliteedi, kaasaegse disaini ja praktilisuse k\u00f5igi Talviste tegevuste jaoks.<\/p>\n","protected":false},"excerpt":{"rendered":"<p>FILA Grey m\u00fcts on valmistatud pehmest ja soojast akr\u00fc\u00fclist, et pakkuda mugavust ja kaitset k\u00fclma eest. Universaalse suurusega mudel sobib igale peakujule ja stiilne mahukas tikand lisab v\u00e4limusele moes aktsendi. Lihtne pesta temperatuuril 30\u00b0C, FILA m\u00fcts sobib ideaalselt igap\u00e4evaseks kandmiseks k\u00fclmal ajal, \u00fchendades br\u00e4ndi kvaliteedi, kaasaegse disaini ja praktilisuse k\u00f5igi Talviste tegevuste jaoks.<\/p>\n","protected":false},"featured_media":769560,"comment_status":"open","ping_status":"open","template":"","meta":[],"product_brand":[],"product_cat":[3186,4447],"product_tag":[],"class_list":{"0":"post-769557","1":"product","2":"type-product","3":"status-publish","4":"has-post-thumbnail","6":"product_cat-all-product","7":"product_cat-shapky","8":"pa_rozmir-one-size","10":"first","11":"instock","12":"purchasable","13":"product-type-simple"},"_links":{"self":[{"href":"https:\/\/nextsnkr.com\/et\/wp-json\/wp\/v2\/product\/769557","targetHints":{"allow":["GET"]}}],"collection":[{"href":"https:\/\/nextsnkr.com\/et\/wp-json\/wp\/v2\/product"}],"about":[{"href":"https:\/\/nextsnkr.com\/et\/wp-json\/wp\/v2\/types\/product"}],"replies":[{"embeddable":true,"href":"https:\/\/nextsnkr.com\/et\/wp-json\/wp\/v2\/comments?post=769557"}],"version-history":[{"count":0,"href":"https:\/\/nextsnkr.com\/et\/wp-json\/wp\/v2\/product\/769557\/revisions"}],"wp:featuredmedia":[{"embeddable":true,"href":"https:\/\/nextsnkr.com\/et\/wp-json\/wp\/v2\/media\/769560"}],"wp:attachment":[{"href":"https:\/\/nextsnkr.com\/et\/wp-json\/wp\/v2\/media?parent=769557"}],"wp:term":[{"taxonomy":"product_brand","embeddable":true,"href":"https:\/\/nextsnkr.com\/et\/wp-json\/wp\/v2\/product_brand?post=769557"},{"taxonomy":"product_cat","embeddable":true,"href":"https:\/\/nextsnkr.com\/et\/wp-json\/wp\/v2\/product_cat?post=769557"},{"taxonomy":"product_tag","embeddable":true,"href":"https:\/\/nextsnkr.com\/et\/wp-json\/wp\/v2\/product_tag?post=769557"}],"curies":[{"name":"wp","href":"https:\/\/api.w.org\/{rel}","templated":true}]}}