{"id":767946,"date":"2025-06-18T18:48:15","date_gmt":"2025-06-18T15:48:15","guid":{"rendered":"https:\/\/nextsnkr.com\/product\/muzhskoe-bele-tommy-hilfiger-dark-blue\/"},"modified":"2026-01-30T16:39:05","modified_gmt":"2026-01-30T13:39:05","slug":"muzhskoe-bele-tommy-hilfiger-dark-blue","status":"publish","type":"product","link":"https:\/\/nextsnkr.com\/et\/toode\/muzhskoe-bele-tommy-hilfiger-dark-blue\/","title":{"rendered":"TOMMY HILFIGER tume sinine Meeste aluspesu-puuvill ja spandex"},"content":{"rendered":"<h2>TOMMY HILFIGER tume sinine Meeste aluspesu-puuvill ja spandex<\/h2>\n<p>TOMMY HILFIGER Dark Blue meeste aluspesu on valmistatud kvaliteetsest puuvilla ja spandeksi segust (95% \/ 5%), mis tagab kogu p\u00e4eva mugavuse, elastsuse ja liikumisvabaduse. Stiilne tumesinine v\u00e4rv r\u00f5hutab elegantsi ja kaasaegset disaini, samas kui S\u2013XXL suuruste lai valik tagab ideaalse sobivuse. Ideaalne valik igap\u00e4evaseks kandmiseks, br\u00e4ndi, mugavuse ja materjalide vastupidavuse kombinatsioon muudab selle pesu praktiliseks ja stiilseks garderoobielemendiks.<\/p>\n","protected":false},"excerpt":{"rendered":"<p>TOMMY HILFIGER Dark Blue meeste aluspesu on valmistatud kvaliteetsest puuvilla ja spandeksi segust (95% \/ 5%), mis tagab kogu p\u00e4eva mugavuse, elastsuse ja liikumisvabaduse. Stiilne tumesinine v\u00e4rv r\u00f5hutab elegantsi ja kaasaegset disaini, samas kui S\u2013XXL suuruste lai valik tagab ideaalse sobivuse. Ideaalne valik igap\u00e4evaseks kandmiseks, br\u00e4ndi, mugavuse ja materjalide vastupidavuse kombinatsioon muudab selle pesu praktiliseks ja stiilseks garderoobielemendiks.<\/p>\n","protected":false},"featured_media":767947,"comment_status":"open","ping_status":"open","template":"","meta":[],"product_brand":[],"product_cat":[3186,3521],"product_tag":[],"class_list":{"0":"post-767946","1":"product","2":"type-product","3":"status-publish","4":"has-post-thumbnail","6":"product_cat-all-product","7":"product_cat-cholovicha-bilyzna","8":"pa_rozmir-s","9":"pa_rozmir-m","10":"pa_rozmir-l","11":"pa_rozmir-xl","12":"pa_rozmir-xxl","14":"first","15":"onbackorder","16":"purchasable","17":"product-type-variable"},"_links":{"self":[{"href":"https:\/\/nextsnkr.com\/et\/wp-json\/wp\/v2\/product\/767946","targetHints":{"allow":["GET"]}}],"collection":[{"href":"https:\/\/nextsnkr.com\/et\/wp-json\/wp\/v2\/product"}],"about":[{"href":"https:\/\/nextsnkr.com\/et\/wp-json\/wp\/v2\/types\/product"}],"replies":[{"embeddable":true,"href":"https:\/\/nextsnkr.com\/et\/wp-json\/wp\/v2\/comments?post=767946"}],"version-history":[{"count":0,"href":"https:\/\/nextsnkr.com\/et\/wp-json\/wp\/v2\/product\/767946\/revisions"}],"wp:featuredmedia":[{"embeddable":true,"href":"https:\/\/nextsnkr.com\/et\/wp-json\/wp\/v2\/media\/767947"}],"wp:attachment":[{"href":"https:\/\/nextsnkr.com\/et\/wp-json\/wp\/v2\/media?parent=767946"}],"wp:term":[{"taxonomy":"product_brand","embeddable":true,"href":"https:\/\/nextsnkr.com\/et\/wp-json\/wp\/v2\/product_brand?post=767946"},{"taxonomy":"product_cat","embeddable":true,"href":"https:\/\/nextsnkr.com\/et\/wp-json\/wp\/v2\/product_cat?post=767946"},{"taxonomy":"product_tag","embeddable":true,"href":"https:\/\/nextsnkr.com\/et\/wp-json\/wp\/v2\/product_tag?post=767946"}],"curies":[{"name":"wp","href":"https:\/\/api.w.org\/{rel}","templated":true}]}}