{"id":766641,"date":"2025-06-18T18:50:06","date_gmt":"2025-06-18T15:50:06","guid":{"rendered":"https:\/\/nextsnkr.com\/product\/muzhskoe-bele-calvin-klein-white\/"},"modified":"2026-01-30T16:37:43","modified_gmt":"2026-01-30T13:37:43","slug":"muzhskoe-bele-calvin-klein-white","status":"publish","type":"product","link":"https:\/\/nextsnkr.com\/et\/toode\/muzhskoe-bele-calvin-klein-white\/","title":{"rendered":"Calvin Klein White meeste aluspesu-mugavus ja looduslik materjal"},"content":{"rendered":"<h2>Calvin Klein White meeste aluspesu-mugavus ja looduslik materjal<\/h2>\n<p>Calvin Klein White meeste aluspesu on valmistatud pehmest ja hingavast materjalist: 95% puuvill ja 5% spandex tagavad maksimaalse mugavuse ja liikumisvabaduse. Mudel on saadaval suurustes S-XXL ja sobib igap\u00e4evaseks kasutamiseks. Elegantne valge v\u00e4rv r\u00f5hutab Calvin Kleini stiili ja kaubam\u00e4rki, samas kui kvaliteetne kangas tagab vastupidavuse ja mugava kandmise. Ideaalne valik neile, kes hindavad mugavust, stiili ja looduslikke materjale.<\/p>\n","protected":false},"excerpt":{"rendered":"<p>Calvin Klein White meeste aluspesu on valmistatud pehmest ja hingavast materjalist: 95% puuvill ja 5% spandex tagavad maksimaalse mugavuse ja liikumisvabaduse. Mudel on saadaval suurustes S-XXL ja sobib igap\u00e4evaseks kasutamiseks. Elegantne valge v\u00e4rv r\u00f5hutab Calvin Kleini stiili ja kaubam\u00e4rki, samas kui kvaliteetne kangas tagab vastupidavuse ja mugava kandmise. Ideaalne valik neile, kes hindavad mugavust, stiili ja looduslikke materjale.<\/p>\n","protected":false},"featured_media":766642,"comment_status":"open","ping_status":"open","template":"","meta":[],"product_brand":[],"product_cat":[3186,3521],"product_tag":[],"class_list":{"0":"post-766641","1":"product","2":"type-product","3":"status-publish","4":"has-post-thumbnail","6":"product_cat-all-product","7":"product_cat-cholovicha-bilyzna","8":"pa_rozmir-s","9":"pa_rozmir-m","10":"pa_rozmir-l","11":"pa_rozmir-xl","12":"pa_rozmir-xxl","14":"first","15":"onbackorder","16":"purchasable","17":"product-type-variable"},"_links":{"self":[{"href":"https:\/\/nextsnkr.com\/et\/wp-json\/wp\/v2\/product\/766641","targetHints":{"allow":["GET"]}}],"collection":[{"href":"https:\/\/nextsnkr.com\/et\/wp-json\/wp\/v2\/product"}],"about":[{"href":"https:\/\/nextsnkr.com\/et\/wp-json\/wp\/v2\/types\/product"}],"replies":[{"embeddable":true,"href":"https:\/\/nextsnkr.com\/et\/wp-json\/wp\/v2\/comments?post=766641"}],"version-history":[{"count":0,"href":"https:\/\/nextsnkr.com\/et\/wp-json\/wp\/v2\/product\/766641\/revisions"}],"wp:featuredmedia":[{"embeddable":true,"href":"https:\/\/nextsnkr.com\/et\/wp-json\/wp\/v2\/media\/766642"}],"wp:attachment":[{"href":"https:\/\/nextsnkr.com\/et\/wp-json\/wp\/v2\/media?parent=766641"}],"wp:term":[{"taxonomy":"product_brand","embeddable":true,"href":"https:\/\/nextsnkr.com\/et\/wp-json\/wp\/v2\/product_brand?post=766641"},{"taxonomy":"product_cat","embeddable":true,"href":"https:\/\/nextsnkr.com\/et\/wp-json\/wp\/v2\/product_cat?post=766641"},{"taxonomy":"product_tag","embeddable":true,"href":"https:\/\/nextsnkr.com\/et\/wp-json\/wp\/v2\/product_tag?post=766641"}],"curies":[{"name":"wp","href":"https:\/\/api.w.org\/{rel}","templated":true}]}}