{"id":766380,"date":"2025-06-18T18:50:33","date_gmt":"2025-06-18T15:50:33","guid":{"rendered":"https:\/\/nextsnkr.com\/product\/muzhskoe-bele-lacoste-white\/"},"modified":"2026-01-30T16:37:34","modified_gmt":"2026-01-30T13:37:34","slug":"muzhskoe-bele-lacoste-white","status":"publish","type":"product","link":"https:\/\/nextsnkr.com\/et\/toode\/muzhskoe-bele-lacoste-white\/","title":{"rendered":"Lacoste White meeste aluspesu-puuvill ja spandex, mugavus ja stiil"},"content":{"rendered":"<h2>Lacoste White meeste aluspesu-puuvill ja spandex, mugavus ja stiil<\/h2>\n<p>LACOSTE White meeste aluspesu on valmistatud kvaliteetsest 95% puuvilla ja 5% spandeksi segust, mis tagab mugavuse, elastsuse ja ideaalse sobivuse. Saadaolevad suurused S-XXL v\u00f5imaldavad teil valida mis tahes figuuri jaoks parima variandi. Pehme materjal kaitseb nahka \u00f5rnalt, tagab pikaajalise kasutamise ja v\u00e4rskuse kogu p\u00e4eva jooksul. Ideaalne valik igap\u00e4evaseks kandmiseks ja aktiivseks elustiiliks, \u00fchendab Lacoste br\u00e4ndi stiili ja praktilisuse.<\/p>\n","protected":false},"excerpt":{"rendered":"<p>LACOSTE White meeste aluspesu on valmistatud kvaliteetsest 95% puuvilla ja 5% spandeksi segust, mis tagab mugavuse, elastsuse ja ideaalse sobivuse. Saadaolevad suurused S-XXL v\u00f5imaldavad teil valida mis tahes figuuri jaoks parima variandi. Pehme materjal kaitseb nahka \u00f5rnalt, tagab pikaajalise kasutamise ja v\u00e4rskuse kogu p\u00e4eva jooksul. Ideaalne valik igap\u00e4evaseks kandmiseks ja aktiivseks elustiiliks, \u00fchendab Lacoste br\u00e4ndi stiili ja praktilisuse.<\/p>\n","protected":false},"featured_media":766381,"comment_status":"open","ping_status":"open","template":"","meta":[],"product_brand":[],"product_cat":[3186,3521],"product_tag":[],"class_list":{"0":"post-766380","1":"product","2":"type-product","3":"status-publish","4":"has-post-thumbnail","6":"product_cat-all-product","7":"product_cat-cholovicha-bilyzna","8":"pa_rozmir-s","9":"pa_rozmir-m","10":"pa_rozmir-l","11":"pa_rozmir-xl","12":"pa_rozmir-xxl","14":"first","15":"onbackorder","16":"purchasable","17":"product-type-variable"},"_links":{"self":[{"href":"https:\/\/nextsnkr.com\/et\/wp-json\/wp\/v2\/product\/766380","targetHints":{"allow":["GET"]}}],"collection":[{"href":"https:\/\/nextsnkr.com\/et\/wp-json\/wp\/v2\/product"}],"about":[{"href":"https:\/\/nextsnkr.com\/et\/wp-json\/wp\/v2\/types\/product"}],"replies":[{"embeddable":true,"href":"https:\/\/nextsnkr.com\/et\/wp-json\/wp\/v2\/comments?post=766380"}],"version-history":[{"count":0,"href":"https:\/\/nextsnkr.com\/et\/wp-json\/wp\/v2\/product\/766380\/revisions"}],"wp:featuredmedia":[{"embeddable":true,"href":"https:\/\/nextsnkr.com\/et\/wp-json\/wp\/v2\/media\/766381"}],"wp:attachment":[{"href":"https:\/\/nextsnkr.com\/et\/wp-json\/wp\/v2\/media?parent=766380"}],"wp:term":[{"taxonomy":"product_brand","embeddable":true,"href":"https:\/\/nextsnkr.com\/et\/wp-json\/wp\/v2\/product_brand?post=766380"},{"taxonomy":"product_cat","embeddable":true,"href":"https:\/\/nextsnkr.com\/et\/wp-json\/wp\/v2\/product_cat?post=766380"},{"taxonomy":"product_tag","embeddable":true,"href":"https:\/\/nextsnkr.com\/et\/wp-json\/wp\/v2\/product_tag?post=766380"}],"curies":[{"name":"wp","href":"https:\/\/api.w.org\/{rel}","templated":true}]}}