{"id":766119,"date":"2025-06-18T18:50:55","date_gmt":"2025-06-18T15:50:55","guid":{"rendered":"https:\/\/nextsnkr.com\/product\/zhenskoe-bele-calvin-klein-white\/"},"modified":"2026-01-30T16:37:15","modified_gmt":"2026-01-30T13:37:15","slug":"zhenskoe-bele-calvin-klein-white","status":"publish","type":"product","link":"https:\/\/nextsnkr.com\/et\/toode\/zhenskoe-bele-calvin-klein-white\/","title":{"rendered":"Calvin Klein White Naistepesu-mugavus ja stiil"},"content":{"rendered":"<h2>Calvin Klein White Naistepesu-mugavus ja stiil<\/h2>\n<p>Calvin Klein White Naistepesu on valmistatud kvaliteetsest puuvillast ja spandexist (95% \/ 5%), mis tagab pehmuse, mugavuse ja ideaalse sobivuse. Mudel sobib igap\u00e4evaseks kandmiseks, ei piira liikumist ja annab kogu p\u00e4eva kergustunde. Stiilne valge v\u00e4rv ja Calvin Kleini kaubam\u00e4rgiga disain lisavad elegantsi ja kaasaegset v\u00e4limust. Saadaval suurustes M, L, XL. Tootja-Egiptus. Kood: None-149081.<\/p>\n","protected":false},"excerpt":{"rendered":"<p>Calvin Klein White Naistepesu on valmistatud kvaliteetsest puuvillast ja spandexist (95% \/ 5%), mis tagab pehmuse, mugavuse ja ideaalse sobivuse. Mudel sobib igap\u00e4evaseks kandmiseks, ei piira liikumist ja annab kogu p\u00e4eva kergustunde. Stiilne valge v\u00e4rv ja Calvin Kleini kaubam\u00e4rgiga disain lisavad elegantsi ja kaasaegset v\u00e4limust. Saadaval suurustes M, L, XL. Tootja-Egiptus. Kood: None-149081.<\/p>\n","protected":false},"featured_media":766120,"comment_status":"open","ping_status":"open","template":"","meta":[],"product_brand":[],"product_cat":[3186],"product_tag":[],"class_list":{"0":"post-766119","1":"product","2":"type-product","3":"status-publish","4":"has-post-thumbnail","6":"product_cat-all-product","7":"pa_rozmir-s","8":"pa_rozmir-m","9":"pa_rozmir-l","10":"pa_rozmir-xl","11":"pa_rozmir-xxl","13":"first","14":"onbackorder","15":"purchasable","16":"product-type-variable"},"_links":{"self":[{"href":"https:\/\/nextsnkr.com\/et\/wp-json\/wp\/v2\/product\/766119","targetHints":{"allow":["GET"]}}],"collection":[{"href":"https:\/\/nextsnkr.com\/et\/wp-json\/wp\/v2\/product"}],"about":[{"href":"https:\/\/nextsnkr.com\/et\/wp-json\/wp\/v2\/types\/product"}],"replies":[{"embeddable":true,"href":"https:\/\/nextsnkr.com\/et\/wp-json\/wp\/v2\/comments?post=766119"}],"version-history":[{"count":0,"href":"https:\/\/nextsnkr.com\/et\/wp-json\/wp\/v2\/product\/766119\/revisions"}],"wp:featuredmedia":[{"embeddable":true,"href":"https:\/\/nextsnkr.com\/et\/wp-json\/wp\/v2\/media\/766120"}],"wp:attachment":[{"href":"https:\/\/nextsnkr.com\/et\/wp-json\/wp\/v2\/media?parent=766119"}],"wp:term":[{"taxonomy":"product_brand","embeddable":true,"href":"https:\/\/nextsnkr.com\/et\/wp-json\/wp\/v2\/product_brand?post=766119"},{"taxonomy":"product_cat","embeddable":true,"href":"https:\/\/nextsnkr.com\/et\/wp-json\/wp\/v2\/product_cat?post=766119"},{"taxonomy":"product_tag","embeddable":true,"href":"https:\/\/nextsnkr.com\/et\/wp-json\/wp\/v2\/product_tag?post=766119"}],"curies":[{"name":"wp","href":"https:\/\/api.w.org\/{rel}","templated":true}]}}