{"id":765858,"date":"2025-06-18T18:51:21","date_gmt":"2025-06-18T15:51:21","guid":{"rendered":"https:\/\/nextsnkr.com\/product\/muzhskoe-bele-burberry-white\/"},"modified":"2026-01-30T16:36:56","modified_gmt":"2026-01-30T13:36:56","slug":"muzhskoe-bele-burberry-white","status":"publish","type":"product","link":"https:\/\/nextsnkr.com\/et\/toode\/muzhskoe-bele-burberry-white\/","title":{"rendered":"Cholov\u0456\u0447\u0430 \u0431\u0456\u043b\u0438\u0437\u043d\u0430 BURBERRY White Puuvill \/ spandex z mugavus"},"content":{"rendered":"<h2>Cholov\u0456\u0447\u0430 \u0431\u0456\u043b\u0438\u0437\u043d\u0430 BURBERRY White Puuvill \/ spandex z mugavus<\/h2>\n<p>BURBERRY White meeste aluspesu on valmistatud kvaliteetsest 95% puuvillast ja 5% spandexist, mis tagab maksimaalse mugavuse, elastsuse ja vastupidavuse. Pehme ja hingav materjal sobib igap\u00e4evaseks kandmiseks ja aktiivseks elustiiliks. Saadaval olevad S-XXL suurused v\u00f5imaldavad teil leida optimaalse sobivuse ja esmaklassiline Burberry kaubam\u00e4rk lisab stiilse aktsendi. Ideaalne valik neile, kes hindavad kvaliteeti, mugavust ja kaasaegset disaini.<\/p>\n","protected":false},"excerpt":{"rendered":"<p>BURBERRY White meeste aluspesu on valmistatud kvaliteetsest 95% puuvillast ja 5% spandexist, mis tagab maksimaalse mugavuse, elastsuse ja vastupidavuse. Pehme ja hingav materjal sobib igap\u00e4evaseks kandmiseks ja aktiivseks elustiiliks. Saadaval olevad S-XXL suurused v\u00f5imaldavad teil leida optimaalse sobivuse ja esmaklassiline Burberry kaubam\u00e4rk lisab stiilse aktsendi. Ideaalne valik neile, kes hindavad kvaliteeti, mugavust ja kaasaegset disaini.<\/p>\n","protected":false},"featured_media":765859,"comment_status":"open","ping_status":"open","template":"","meta":[],"product_brand":[],"product_cat":[3186,3521],"product_tag":[],"class_list":{"0":"post-765858","1":"product","2":"type-product","3":"status-publish","4":"has-post-thumbnail","6":"product_cat-all-product","7":"product_cat-cholovicha-bilyzna","8":"pa_rozmir-s","9":"pa_rozmir-m","10":"pa_rozmir-l","11":"pa_rozmir-xl","12":"pa_rozmir-xxl","14":"first","15":"onbackorder","16":"purchasable","17":"product-type-variable"},"_links":{"self":[{"href":"https:\/\/nextsnkr.com\/et\/wp-json\/wp\/v2\/product\/765858","targetHints":{"allow":["GET"]}}],"collection":[{"href":"https:\/\/nextsnkr.com\/et\/wp-json\/wp\/v2\/product"}],"about":[{"href":"https:\/\/nextsnkr.com\/et\/wp-json\/wp\/v2\/types\/product"}],"replies":[{"embeddable":true,"href":"https:\/\/nextsnkr.com\/et\/wp-json\/wp\/v2\/comments?post=765858"}],"version-history":[{"count":0,"href":"https:\/\/nextsnkr.com\/et\/wp-json\/wp\/v2\/product\/765858\/revisions"}],"wp:featuredmedia":[{"embeddable":true,"href":"https:\/\/nextsnkr.com\/et\/wp-json\/wp\/v2\/media\/765859"}],"wp:attachment":[{"href":"https:\/\/nextsnkr.com\/et\/wp-json\/wp\/v2\/media?parent=765858"}],"wp:term":[{"taxonomy":"product_brand","embeddable":true,"href":"https:\/\/nextsnkr.com\/et\/wp-json\/wp\/v2\/product_brand?post=765858"},{"taxonomy":"product_cat","embeddable":true,"href":"https:\/\/nextsnkr.com\/et\/wp-json\/wp\/v2\/product_cat?post=765858"},{"taxonomy":"product_tag","embeddable":true,"href":"https:\/\/nextsnkr.com\/et\/wp-json\/wp\/v2\/product_tag?post=765858"}],"curies":[{"name":"wp","href":"https:\/\/api.w.org\/{rel}","templated":true}]}}