{"id":765658,"date":"2025-06-13T11:21:56","date_gmt":"2025-06-13T08:21:56","guid":{"rendered":"https:\/\/nextsnkr.com\/product\/new-balance-574-legacy-black-2\/"},"modified":"2026-01-30T16:36:52","modified_gmt":"2026-01-30T13:36:52","slug":"new-balance-574-legacy-black-2","status":"publish","type":"product","link":"https:\/\/nextsnkr.com\/et\/toode\/new-balance-574-legacy-black-2\/","title":{"rendered":"New Balance 574 Legacy Black tossud-stiilne ja mitmek\u00fclgne"},"content":{"rendered":"<h2>New Balance 574 Legacy Black tossud-stiilne ja mitmek\u00fclgne<\/h2>\n<p>New Balance 574 Legacy Black tossud on valmistatud seemisnahast, nahast ja tekstiilist, et tagada vastupidavus ja mugavus. Mudeli klassikaline disain muudab selle igap\u00e4evaseks stiiliks universaalseks. Kerge tald tagab pehmenduse ja toe k\u00f5ndimise ajal. New Balance &#8216; i kingad on kvaliteedi, t\u00f6\u00f6kindluse ja kaasaegse v\u00e4limuse kombinatsioon, mis sobib ideaalselt linnap\u00e4evadeks ja v\u00e4litegevuseks.<\/p>\n","protected":false},"excerpt":{"rendered":"<p>New Balance 574 Legacy Black tossud on valmistatud seemisnahast, nahast ja tekstiilist, et tagada vastupidavus ja mugavus. Mudeli klassikaline disain muudab selle igap\u00e4evaseks stiiliks universaalseks. Kerge tald tagab pehmenduse ja toe k\u00f5ndimise ajal. New Balance &#8216; i kingad on kvaliteedi, t\u00f6\u00f6kindluse ja kaasaegse v\u00e4limuse kombinatsioon, mis sobib ideaalselt linnap\u00e4evadeks ja v\u00e4litegevuseks.<\/p>\n","protected":false},"featured_media":765660,"comment_status":"open","ping_status":"open","template":"","meta":[],"product_brand":[],"product_cat":[3186,3187],"product_tag":[],"class_list":{"0":"post-765658","1":"product","2":"type-product","3":"status-publish","4":"has-post-thumbnail","6":"product_cat-all-product","7":"product_cat-krosivky","8":"pa_rozmir-910","9":"pa_rozmir-912","10":"pa_rozmir-914","11":"pa_rozmir-915","12":"pa_rozmir-916","13":"pa_rozmir-917","14":"pa_rozmir-918","15":"pa_rozmir-919","16":"pa_rozmir-920","17":"pa_rozmir-921","18":"pa_rozmir-922","20":"first","21":"onbackorder","22":"purchasable","23":"product-type-variable"},"_links":{"self":[{"href":"https:\/\/nextsnkr.com\/et\/wp-json\/wp\/v2\/product\/765658","targetHints":{"allow":["GET"]}}],"collection":[{"href":"https:\/\/nextsnkr.com\/et\/wp-json\/wp\/v2\/product"}],"about":[{"href":"https:\/\/nextsnkr.com\/et\/wp-json\/wp\/v2\/types\/product"}],"replies":[{"embeddable":true,"href":"https:\/\/nextsnkr.com\/et\/wp-json\/wp\/v2\/comments?post=765658"}],"version-history":[{"count":0,"href":"https:\/\/nextsnkr.com\/et\/wp-json\/wp\/v2\/product\/765658\/revisions"}],"wp:featuredmedia":[{"embeddable":true,"href":"https:\/\/nextsnkr.com\/et\/wp-json\/wp\/v2\/media\/765660"}],"wp:attachment":[{"href":"https:\/\/nextsnkr.com\/et\/wp-json\/wp\/v2\/media?parent=765658"}],"wp:term":[{"taxonomy":"product_brand","embeddable":true,"href":"https:\/\/nextsnkr.com\/et\/wp-json\/wp\/v2\/product_brand?post=765658"},{"taxonomy":"product_cat","embeddable":true,"href":"https:\/\/nextsnkr.com\/et\/wp-json\/wp\/v2\/product_cat?post=765658"},{"taxonomy":"product_tag","embeddable":true,"href":"https:\/\/nextsnkr.com\/et\/wp-json\/wp\/v2\/product_tag?post=765658"}],"curies":[{"name":"wp","href":"https:\/\/api.w.org\/{rel}","templated":true}]}}