{"id":765075,"date":"2025-06-18T18:52:27","date_gmt":"2025-06-18T15:52:27","guid":{"rendered":"https:\/\/nextsnkr.com\/product\/muzhskoe-bele-calvin-klein-red\/"},"modified":"2026-01-30T16:36:10","modified_gmt":"2026-01-30T13:36:10","slug":"muzhskoe-bele-calvin-klein-red","status":"publish","type":"product","link":"https:\/\/nextsnkr.com\/et\/toode\/muzhskoe-bele-calvin-klein-red\/","title":{"rendered":"Calvin Klein Red meeste aluspesu-puuvill ja spandex, mugavus ja stiil"},"content":{"rendered":"<h2>Calvin Klein Red meeste aluspesu-puuvill ja spandex, mugavus ja stiil<\/h2>\n<p>Calvin Klein Red meeste aluspesu on valmistatud kvaliteetsest puuvillasest materjalist, millele on lisatud spandexi, et tagada optimaalne elastsus ja mugavus. Saadaval suurustes S-XXL, sobib see ideaalselt kehaga, pakkudes liikumisvabadust ja mugavust kogu p\u00e4eva v\u00e4ltel. Stiilne punane v\u00e4rv r\u00f5hutab Calvin Kleini kaubam\u00e4rgi kaasaegset disaini. Ideaalne valik igap\u00e4evaseks kasutamiseks ja neile, kes hindavad kvaliteeti, mugavust ja elegantsi detailides.<\/p>\n","protected":false},"excerpt":{"rendered":"<p>Calvin Klein Red meeste aluspesu on valmistatud kvaliteetsest puuvillasest materjalist, millele on lisatud spandexi, et tagada optimaalne elastsus ja mugavus. Saadaval suurustes S-XXL, sobib see ideaalselt kehaga, pakkudes liikumisvabadust ja mugavust kogu p\u00e4eva v\u00e4ltel. Stiilne punane v\u00e4rv r\u00f5hutab Calvin Kleini kaubam\u00e4rgi kaasaegset disaini. Ideaalne valik igap\u00e4evaseks kasutamiseks ja neile, kes hindavad kvaliteeti, mugavust ja elegantsi detailides.<\/p>\n","protected":false},"featured_media":765076,"comment_status":"open","ping_status":"open","template":"","meta":[],"product_brand":[],"product_cat":[3186,3521],"product_tag":[],"class_list":{"0":"post-765075","1":"product","2":"type-product","3":"status-publish","4":"has-post-thumbnail","6":"product_cat-all-product","7":"product_cat-cholovicha-bilyzna","8":"pa_rozmir-s","9":"pa_rozmir-m","10":"pa_rozmir-l","11":"pa_rozmir-xl","12":"pa_rozmir-xxl","14":"first","15":"onbackorder","16":"purchasable","17":"product-type-variable"},"_links":{"self":[{"href":"https:\/\/nextsnkr.com\/et\/wp-json\/wp\/v2\/product\/765075","targetHints":{"allow":["GET"]}}],"collection":[{"href":"https:\/\/nextsnkr.com\/et\/wp-json\/wp\/v2\/product"}],"about":[{"href":"https:\/\/nextsnkr.com\/et\/wp-json\/wp\/v2\/types\/product"}],"replies":[{"embeddable":true,"href":"https:\/\/nextsnkr.com\/et\/wp-json\/wp\/v2\/comments?post=765075"}],"version-history":[{"count":0,"href":"https:\/\/nextsnkr.com\/et\/wp-json\/wp\/v2\/product\/765075\/revisions"}],"wp:featuredmedia":[{"embeddable":true,"href":"https:\/\/nextsnkr.com\/et\/wp-json\/wp\/v2\/media\/765076"}],"wp:attachment":[{"href":"https:\/\/nextsnkr.com\/et\/wp-json\/wp\/v2\/media?parent=765075"}],"wp:term":[{"taxonomy":"product_brand","embeddable":true,"href":"https:\/\/nextsnkr.com\/et\/wp-json\/wp\/v2\/product_brand?post=765075"},{"taxonomy":"product_cat","embeddable":true,"href":"https:\/\/nextsnkr.com\/et\/wp-json\/wp\/v2\/product_cat?post=765075"},{"taxonomy":"product_tag","embeddable":true,"href":"https:\/\/nextsnkr.com\/et\/wp-json\/wp\/v2\/product_tag?post=765075"}],"curies":[{"name":"wp","href":"https:\/\/api.w.org\/{rel}","templated":true}]}}