{"id":764325,"date":"2025-06-18T18:53:47","date_gmt":"2025-06-18T15:53:47","guid":{"rendered":"https:\/\/nextsnkr.com\/product\/adidas-zelenyj-rozovyj-fyolet-holuboj-bezhevyj-synyj\/"},"modified":"2026-01-30T16:35:24","modified_gmt":"2026-01-30T13:35:24","slug":"adidas-zelenyj-rozovyj-fyolet-holuboj-bezhevyj-synyj","status":"publish","type":"product","link":"https:\/\/nextsnkr.com\/et\/toode\/adidas-zelenyj-rozovyj-fyolet-holuboj-bezhevyj-synyj\/","title":{"rendered":"Adidas sokid komplekt 3 paari-stiil ja mugavus iga p\u00e4ev"},"content":{"rendered":"<h2>Adidas sokid komplekt 3 paari-stiil ja mugavus iga p\u00e4ev<\/h2>\n<p>Adidase sokikomplekt sisaldab 3 paari erksates ja mitmek\u00fclgsetes v\u00e4rvides: roheline, roosa, lilla, helesinine, bee\u017e ja sinine. Valmistatud kvaliteetsest materjalist, pakuvad need mugavust, vastupidavust ja head ventilatsiooni igap\u00e4evaseks kandmiseks. Ideaalne sportimiseks, jalutamiseks ja aktiivseks eluviisiks, need sokid \u00fchendavad Adidase kaubam\u00e4rgi, stiilse disaini ja praktilisuse, tagades vastupidavuse ja mugavuse.<\/p>\n","protected":false},"excerpt":{"rendered":"<p>Adidase sokikomplekt sisaldab 3 paari erksates ja mitmek\u00fclgsetes v\u00e4rvides: roheline, roosa, lilla, helesinine, bee\u017e ja sinine. Valmistatud kvaliteetsest materjalist, pakuvad need mugavust, vastupidavust ja head ventilatsiooni igap\u00e4evaseks kandmiseks. Ideaalne sportimiseks, jalutamiseks ja aktiivseks eluviisiks, need sokid \u00fchendavad Adidase kaubam\u00e4rgi, stiilse disaini ja praktilisuse, tagades vastupidavuse ja mugavuse.<\/p>\n","protected":false},"featured_media":764326,"comment_status":"open","ping_status":"open","template":"","meta":[],"product_brand":[],"product_cat":[3186],"product_tag":[],"class_list":{"0":"post-764325","1":"product","2":"type-product","3":"status-publish","4":"has-post-thumbnail","6":"product_cat-all-product","8":"first","9":"onbackorder","10":"purchasable","11":"product-type-variable"},"_links":{"self":[{"href":"https:\/\/nextsnkr.com\/et\/wp-json\/wp\/v2\/product\/764325","targetHints":{"allow":["GET"]}}],"collection":[{"href":"https:\/\/nextsnkr.com\/et\/wp-json\/wp\/v2\/product"}],"about":[{"href":"https:\/\/nextsnkr.com\/et\/wp-json\/wp\/v2\/types\/product"}],"replies":[{"embeddable":true,"href":"https:\/\/nextsnkr.com\/et\/wp-json\/wp\/v2\/comments?post=764325"}],"version-history":[{"count":0,"href":"https:\/\/nextsnkr.com\/et\/wp-json\/wp\/v2\/product\/764325\/revisions"}],"wp:featuredmedia":[{"embeddable":true,"href":"https:\/\/nextsnkr.com\/et\/wp-json\/wp\/v2\/media\/764326"}],"wp:attachment":[{"href":"https:\/\/nextsnkr.com\/et\/wp-json\/wp\/v2\/media?parent=764325"}],"wp:term":[{"taxonomy":"product_brand","embeddable":true,"href":"https:\/\/nextsnkr.com\/et\/wp-json\/wp\/v2\/product_brand?post=764325"},{"taxonomy":"product_cat","embeddable":true,"href":"https:\/\/nextsnkr.com\/et\/wp-json\/wp\/v2\/product_cat?post=764325"},{"taxonomy":"product_tag","embeddable":true,"href":"https:\/\/nextsnkr.com\/et\/wp-json\/wp\/v2\/product_tag?post=764325"}],"curies":[{"name":"wp","href":"https:\/\/api.w.org\/{rel}","templated":true}]}}