{"id":760952,"date":"2025-06-18T19:03:56","date_gmt":"2025-06-18T16:03:56","guid":{"rendered":"https:\/\/nextsnkr.com\/product\/louis-vuitton-black-cream-slides\/"},"modified":"2026-01-30T16:32:58","modified_gmt":"2026-01-30T13:32:58","slug":"louis-vuitton-black-cream-slides","status":"publish","type":"product","link":"https:\/\/nextsnkr.com\/et\/toode\/louis-vuitton-black-cream-slides\/","title":{"rendered":"LOUIS VUITTON BLACK \/ CREAM SLIDES-stiilsed nahast sussid"},"content":{"rendered":"<h2>LOUIS VUITTON BLACK \/ CREAM SLIDES-stiilsed nahast sussid<\/h2>\n<p>Louis VUITTON BLACK \/ CREAM SLIDES sussid \u00fchendavad stiili ja mugavuse. Valmistatud kvaliteetsest nahast ja tekstiilist, pakuvad need kandmismugavust ja vastupidavust. Mudel sobib ideaalselt koduseks kasutamiseks ja v\u00e4ljas\u00f5iduks ning klassikaline musta ja kreemi kombinatsioon lisab elegantsi. Louis Vuittoni kaubam\u00e4rk tagab esmaklassilise kvaliteedi ja kaasaegse disaini. Tootja-T\u00fcrgi. Valige luksus ja mugavus iga p\u00e4ev.<\/p>\n","protected":false},"excerpt":{"rendered":"<p>Louis VUITTON BLACK \/ CREAM SLIDES sussid \u00fchendavad stiili ja mugavuse. Valmistatud kvaliteetsest nahast ja tekstiilist, pakuvad need kandmismugavust ja vastupidavust. Mudel sobib ideaalselt koduseks kasutamiseks ja v\u00e4ljas\u00f5iduks ning klassikaline musta ja kreemi kombinatsioon lisab elegantsi. Louis Vuittoni kaubam\u00e4rk tagab esmaklassilise kvaliteedi ja kaasaegse disaini. Tootja-T\u00fcrgi. Valige luksus ja mugavus iga p\u00e4ev.<\/p>\n","protected":false},"featured_media":760957,"comment_status":"open","ping_status":"open","template":"","meta":[],"product_brand":[],"product_cat":[3186,3419],"product_tag":[],"class_list":{"0":"post-760952","1":"product","2":"type-product","3":"status-publish","4":"has-post-thumbnail","6":"product_cat-all-product","7":"product_cat-shlopantsi","8":"pa_rozmir-910","9":"pa_rozmir-912","10":"pa_rozmir-914","11":"pa_rozmir-915","12":"pa_rozmir-916","13":"pa_rozmir-917","14":"pa_rozmir-918","15":"pa_rozmir-919","16":"pa_rozmir-920","17":"pa_rozmir-921","18":"pa_rozmir-922","20":"first","21":"instock","22":"purchasable","23":"product-type-variable"},"_links":{"self":[{"href":"https:\/\/nextsnkr.com\/et\/wp-json\/wp\/v2\/product\/760952","targetHints":{"allow":["GET"]}}],"collection":[{"href":"https:\/\/nextsnkr.com\/et\/wp-json\/wp\/v2\/product"}],"about":[{"href":"https:\/\/nextsnkr.com\/et\/wp-json\/wp\/v2\/types\/product"}],"replies":[{"embeddable":true,"href":"https:\/\/nextsnkr.com\/et\/wp-json\/wp\/v2\/comments?post=760952"}],"version-history":[{"count":0,"href":"https:\/\/nextsnkr.com\/et\/wp-json\/wp\/v2\/product\/760952\/revisions"}],"wp:featuredmedia":[{"embeddable":true,"href":"https:\/\/nextsnkr.com\/et\/wp-json\/wp\/v2\/media\/760957"}],"wp:attachment":[{"href":"https:\/\/nextsnkr.com\/et\/wp-json\/wp\/v2\/media?parent=760952"}],"wp:term":[{"taxonomy":"product_brand","embeddable":true,"href":"https:\/\/nextsnkr.com\/et\/wp-json\/wp\/v2\/product_brand?post=760952"},{"taxonomy":"product_cat","embeddable":true,"href":"https:\/\/nextsnkr.com\/et\/wp-json\/wp\/v2\/product_cat?post=760952"},{"taxonomy":"product_tag","embeddable":true,"href":"https:\/\/nextsnkr.com\/et\/wp-json\/wp\/v2\/product_tag?post=760952"}],"curies":[{"name":"wp","href":"https:\/\/api.w.org\/{rel}","templated":true}]}}