{"id":760676,"date":"2025-06-13T12:23:54","date_gmt":"2025-06-13T09:23:54","guid":{"rendered":"https:\/\/nextsnkr.com\/product\/1-retro-low\/"},"modified":"2026-01-30T16:32:45","modified_gmt":"2026-01-30T13:32:45","slug":"1-retro-low","status":"publish","type":"product","link":"https:\/\/nextsnkr.com\/et\/toode\/1-retro-low\/","title":{"rendered":"Tossud 1 Retro Low ehtsast nahast ja seemisnahast"},"content":{"rendered":"<h2>Tossud 1 Retro Low ehtsast nahast ja seemisnahast<\/h2>\n<p>Stiilsed 1 Retro Low tossud on valmistatud ehtsast nahast ja seemisnahast, mis tagab vastupidavuse, mugavuse ja atraktiivse v\u00e4limuse. Valmistatud Vietnamis, on need kvaliteetsed ja l\u00e4bim\u00f5eldud disainiga igap\u00e4evaseks kandmiseks. Klassikaline siluett ja mitmek\u00fclgne disain muudavad selle mudeli ideaalseks igap\u00e4evaseks stiiliks. Ideaalne valik neile, kes hindavad mugavust ja kaasaegset v\u00e4limust.<\/p>\n","protected":false},"excerpt":{"rendered":"<p>Stiilsed 1 Retro Low tossud on valmistatud ehtsast nahast ja seemisnahast, mis tagab vastupidavuse, mugavuse ja atraktiivse v\u00e4limuse. Valmistatud Vietnamis, on need kvaliteetsed ja l\u00e4bim\u00f5eldud disainiga igap\u00e4evaseks kandmiseks. Klassikaline siluett ja mitmek\u00fclgne disain muudavad selle mudeli ideaalseks igap\u00e4evaseks stiiliks. Ideaalne valik neile, kes hindavad mugavust ja kaasaegset v\u00e4limust.<\/p>\n","protected":false},"featured_media":760679,"comment_status":"open","ping_status":"open","template":"","meta":[],"product_brand":[],"product_cat":[3186,3317],"product_tag":[],"class_list":{"0":"post-760676","1":"product","2":"type-product","3":"status-publish","4":"has-post-thumbnail","6":"product_cat-all-product","7":"product_cat-kedy","8":"pa_rozmir-910","9":"pa_rozmir-912","10":"pa_rozmir-914","11":"pa_rozmir-915","12":"pa_rozmir-916","13":"pa_rozmir-917","14":"pa_rozmir-918","15":"pa_rozmir-919","16":"pa_rozmir-920","17":"pa_rozmir-921","18":"pa_rozmir-922","20":"first","21":"instock","22":"purchasable","23":"product-type-variable"},"_links":{"self":[{"href":"https:\/\/nextsnkr.com\/et\/wp-json\/wp\/v2\/product\/760676","targetHints":{"allow":["GET"]}}],"collection":[{"href":"https:\/\/nextsnkr.com\/et\/wp-json\/wp\/v2\/product"}],"about":[{"href":"https:\/\/nextsnkr.com\/et\/wp-json\/wp\/v2\/types\/product"}],"replies":[{"embeddable":true,"href":"https:\/\/nextsnkr.com\/et\/wp-json\/wp\/v2\/comments?post=760676"}],"version-history":[{"count":0,"href":"https:\/\/nextsnkr.com\/et\/wp-json\/wp\/v2\/product\/760676\/revisions"}],"wp:featuredmedia":[{"embeddable":true,"href":"https:\/\/nextsnkr.com\/et\/wp-json\/wp\/v2\/media\/760679"}],"wp:attachment":[{"href":"https:\/\/nextsnkr.com\/et\/wp-json\/wp\/v2\/media?parent=760676"}],"wp:term":[{"taxonomy":"product_brand","embeddable":true,"href":"https:\/\/nextsnkr.com\/et\/wp-json\/wp\/v2\/product_brand?post=760676"},{"taxonomy":"product_cat","embeddable":true,"href":"https:\/\/nextsnkr.com\/et\/wp-json\/wp\/v2\/product_cat?post=760676"},{"taxonomy":"product_tag","embeddable":true,"href":"https:\/\/nextsnkr.com\/et\/wp-json\/wp\/v2\/product_tag?post=760676"}],"curies":[{"name":"wp","href":"https:\/\/api.w.org\/{rel}","templated":true}]}}