{"id":760341,"date":"2025-06-13T12:24:16","date_gmt":"2025-06-13T09:24:16","guid":{"rendered":"https:\/\/nextsnkr.com\/product\/1-retro-high\/"},"modified":"2026-01-30T16:32:36","modified_gmt":"2026-01-30T13:32:36","slug":"1-retro-high","status":"publish","type":"product","link":"https:\/\/nextsnkr.com\/et\/toode\/1-retro-high\/","title":{"rendered":"1 Retro High ehtsast nahast tossud-Stiil ja mugavus iga p\u00e4ev"},"content":{"rendered":"<h2>1 Retro High ehtsast nahast tossud-Stiil ja mugavus iga p\u00e4ev<\/h2>\n<p>1 Retro High tossud on kombinatsioon klassikalisest disainist ja kaasaegsest kvaliteedist. Valmistatud ehtsast nahast, neid iseloomustab tugevus, meeldiv istuvus ja vastupidavus. Mudel on valmistatud Vietnamis ja sobib igap\u00e4evaseks kandmiseks, linnastiiliks ja aktiivseks elur\u00fctmiks. K\u00f5rge siluett pakub t\u00e4iendavat tuge ja stiilne retrokujundus muudab need tossud mitmek\u00fclgseks garderoobi valikuks. Ideaalne neile, kes hindavad mugavust ja trendikat v\u00e4limust.<\/p>\n","protected":false},"excerpt":{"rendered":"<p>1 Retro High tossud on kombinatsioon klassikalisest disainist ja kaasaegsest kvaliteedist. Valmistatud ehtsast nahast, neid iseloomustab tugevus, meeldiv istuvus ja vastupidavus. Mudel on valmistatud Vietnamis ja sobib igap\u00e4evaseks kandmiseks, linnastiiliks ja aktiivseks elur\u00fctmiks. K\u00f5rge siluett pakub t\u00e4iendavat tuge ja stiilne retrokujundus muudab need tossud mitmek\u00fclgseks garderoobi valikuks. Ideaalne neile, kes hindavad mugavust ja trendikat v\u00e4limust.<\/p>\n","protected":false},"featured_media":760345,"comment_status":"open","ping_status":"open","template":"","meta":[],"product_brand":[],"product_cat":[3186,3317],"product_tag":[],"class_list":{"0":"post-760341","1":"product","2":"type-product","3":"status-publish","4":"has-post-thumbnail","6":"product_cat-all-product","7":"product_cat-kedy","8":"pa_rozmir-910","9":"pa_rozmir-912","10":"pa_rozmir-914","11":"pa_rozmir-915","12":"pa_rozmir-916","13":"pa_rozmir-917","14":"pa_rozmir-918","15":"pa_rozmir-919","16":"pa_rozmir-920","17":"pa_rozmir-921","18":"pa_rozmir-922","20":"first","21":"instock","22":"purchasable","23":"product-type-variable"},"_links":{"self":[{"href":"https:\/\/nextsnkr.com\/et\/wp-json\/wp\/v2\/product\/760341","targetHints":{"allow":["GET"]}}],"collection":[{"href":"https:\/\/nextsnkr.com\/et\/wp-json\/wp\/v2\/product"}],"about":[{"href":"https:\/\/nextsnkr.com\/et\/wp-json\/wp\/v2\/types\/product"}],"replies":[{"embeddable":true,"href":"https:\/\/nextsnkr.com\/et\/wp-json\/wp\/v2\/comments?post=760341"}],"version-history":[{"count":0,"href":"https:\/\/nextsnkr.com\/et\/wp-json\/wp\/v2\/product\/760341\/revisions"}],"wp:featuredmedia":[{"embeddable":true,"href":"https:\/\/nextsnkr.com\/et\/wp-json\/wp\/v2\/media\/760345"}],"wp:attachment":[{"href":"https:\/\/nextsnkr.com\/et\/wp-json\/wp\/v2\/media?parent=760341"}],"wp:term":[{"taxonomy":"product_brand","embeddable":true,"href":"https:\/\/nextsnkr.com\/et\/wp-json\/wp\/v2\/product_brand?post=760341"},{"taxonomy":"product_cat","embeddable":true,"href":"https:\/\/nextsnkr.com\/et\/wp-json\/wp\/v2\/product_cat?post=760341"},{"taxonomy":"product_tag","embeddable":true,"href":"https:\/\/nextsnkr.com\/et\/wp-json\/wp\/v2\/product_tag?post=760341"}],"curies":[{"name":"wp","href":"https:\/\/api.w.org\/{rel}","templated":true}]}}