{"id":760003,"date":"2025-06-13T12:24:44","date_gmt":"2025-06-13T09:24:44","guid":{"rendered":"https:\/\/nextsnkr.com\/product\/350-v2-lemon\/"},"modified":"2026-01-30T16:32:17","modified_gmt":"2026-01-30T13:32:17","slug":"350-v2-lemon","status":"publish","type":"product","link":"https:\/\/nextsnkr.com\/et\/toode\/350-v2-lemon\/","title":{"rendered":"350 v2 Lemon tossud-stiilsed tekstiilist tossud igap\u00e4evaseks mugavuseks"},"content":{"rendered":"<h2>350 v2 Lemon tossud-stiilsed tekstiilist tossud igap\u00e4evaseks mugavuseks<\/h2>\n<p>350 v2 Lemon tossud on kerge ja mugav mudel, mis on valmistatud vastupidavast hingavast tekstiilist, mis pakub mugavust aktiivse kasutamise ajal. T\u00e4nu paindlikule tallale sobivad tossud ideaalselt jalutamiseks, sportimiseks ja igap\u00e4evaseks stiiliks. Lemoni silmatorkav disain eristab seda mudelit teistest ja lisab v\u00e4limusele modernsust. Tootja-Hiina. Valige 350 V2 Lemon, et saada iga p\u00e4ev stiil, kvaliteet ja mugavus. Kood: 042-307336.<\/p>\n","protected":false},"excerpt":{"rendered":"<p>350 v2 Lemon tossud on kerge ja mugav mudel, mis on valmistatud vastupidavast hingavast tekstiilist, mis pakub mugavust aktiivse kasutamise ajal. T\u00e4nu paindlikule tallale sobivad tossud ideaalselt jalutamiseks, sportimiseks ja igap\u00e4evaseks stiiliks. Lemoni silmatorkav disain eristab seda mudelit teistest ja lisab v\u00e4limusele modernsust. Tootja-Hiina. Valige 350 V2 Lemon, et saada iga p\u00e4ev stiil, kvaliteet ja mugavus. Kood: 042-307336.<\/p>\n","protected":false},"featured_media":760007,"comment_status":"open","ping_status":"open","template":"","meta":[],"product_brand":[],"product_cat":[3186,3187],"product_tag":[],"class_list":{"0":"post-760003","1":"product","2":"type-product","3":"status-publish","4":"has-post-thumbnail","6":"product_cat-all-product","7":"product_cat-krosivky","8":"pa_rozmir-910","9":"pa_rozmir-912","10":"pa_rozmir-914","11":"pa_rozmir-915","12":"pa_rozmir-916","13":"pa_rozmir-917","14":"pa_rozmir-918","15":"pa_rozmir-919","16":"pa_rozmir-920","17":"pa_rozmir-921","18":"pa_rozmir-922","20":"first","21":"instock","22":"purchasable","23":"product-type-variable"},"_links":{"self":[{"href":"https:\/\/nextsnkr.com\/et\/wp-json\/wp\/v2\/product\/760003","targetHints":{"allow":["GET"]}}],"collection":[{"href":"https:\/\/nextsnkr.com\/et\/wp-json\/wp\/v2\/product"}],"about":[{"href":"https:\/\/nextsnkr.com\/et\/wp-json\/wp\/v2\/types\/product"}],"replies":[{"embeddable":true,"href":"https:\/\/nextsnkr.com\/et\/wp-json\/wp\/v2\/comments?post=760003"}],"version-history":[{"count":0,"href":"https:\/\/nextsnkr.com\/et\/wp-json\/wp\/v2\/product\/760003\/revisions"}],"wp:featuredmedia":[{"embeddable":true,"href":"https:\/\/nextsnkr.com\/et\/wp-json\/wp\/v2\/media\/760007"}],"wp:attachment":[{"href":"https:\/\/nextsnkr.com\/et\/wp-json\/wp\/v2\/media?parent=760003"}],"wp:term":[{"taxonomy":"product_brand","embeddable":true,"href":"https:\/\/nextsnkr.com\/et\/wp-json\/wp\/v2\/product_brand?post=760003"},{"taxonomy":"product_cat","embeddable":true,"href":"https:\/\/nextsnkr.com\/et\/wp-json\/wp\/v2\/product_cat?post=760003"},{"taxonomy":"product_tag","embeddable":true,"href":"https:\/\/nextsnkr.com\/et\/wp-json\/wp\/v2\/product_tag?post=760003"}],"curies":[{"name":"wp","href":"https:\/\/api.w.org\/{rel}","templated":true}]}}