{"id":758913,"date":"2025-06-18T19:10:36","date_gmt":"2025-06-18T16:10:36","guid":{"rendered":"https:\/\/nextsnkr.com\/product\/miu-miu-matelasse-nappa-ginger-slides\/"},"modified":"2026-01-30T16:31:24","modified_gmt":"2026-01-30T13:31:24","slug":"miu-miu-matelasse-nappa-ginger-slides","status":"publish","type":"product","link":"https:\/\/nextsnkr.com\/et\/toode\/miu-miu-matelasse-nappa-ginger-slides\/","title":{"rendered":"Miu MIU Matelass\u00e9 nappa ingveri ehtsast nahast sussid"},"content":{"rendered":"<h2>Miu MIU Matelass\u00e9 nappa ingveri ehtsast nahast sussid<\/h2>\n<p>Stiilsed Miu MIU Matelass\u00e9 nappa Ginger Sussid on valmistatud kvaliteetsest ehtsast nahast, mis tagab mugavuse ja vastupidavuse. Elegantne disain koos \u00f5mmeldud tekstuuriga r\u00f5hutab br\u00e4ndi esmaklassilist stiili. Kerged ja mugavad, sobivad ideaalselt igap\u00e4evaseks kasutamiseks kodus v\u00f5i puhkusel. Tootja-T\u00fcrgi, kvaliteedi tagamine ja detailide Graatsiline teostus. Hankige Miu MIU Sussid ja tundke mugavuse ja moodsa v\u00f5lu kombinatsiooni.<\/p>\n","protected":false},"excerpt":{"rendered":"<p>Stiilsed Miu MIU Matelass\u00e9 nappa Ginger Sussid on valmistatud kvaliteetsest ehtsast nahast, mis tagab mugavuse ja vastupidavuse. Elegantne disain koos \u00f5mmeldud tekstuuriga r\u00f5hutab br\u00e4ndi esmaklassilist stiili. Kerged ja mugavad, sobivad ideaalselt igap\u00e4evaseks kasutamiseks kodus v\u00f5i puhkusel. Tootja-T\u00fcrgi, kvaliteedi tagamine ja detailide Graatsiline teostus. Hankige Miu MIU Sussid ja tundke mugavuse ja moodsa v\u00f5lu kombinatsiooni.<\/p>\n","protected":false},"featured_media":758914,"comment_status":"open","ping_status":"open","template":"","meta":[],"product_brand":[],"product_cat":[3186,3419],"product_tag":[],"class_list":{"0":"post-758913","1":"product","2":"type-product","3":"status-publish","4":"has-post-thumbnail","6":"product_cat-all-product","7":"product_cat-shlopantsi","8":"pa_rozmir-910","9":"pa_rozmir-912","10":"pa_rozmir-914","11":"pa_rozmir-915","12":"pa_rozmir-916","13":"pa_rozmir-917","14":"pa_rozmir-918","15":"pa_rozmir-919","16":"pa_rozmir-920","17":"pa_rozmir-921","18":"pa_rozmir-922","20":"first","21":"instock","22":"purchasable","23":"product-type-variable"},"_links":{"self":[{"href":"https:\/\/nextsnkr.com\/et\/wp-json\/wp\/v2\/product\/758913","targetHints":{"allow":["GET"]}}],"collection":[{"href":"https:\/\/nextsnkr.com\/et\/wp-json\/wp\/v2\/product"}],"about":[{"href":"https:\/\/nextsnkr.com\/et\/wp-json\/wp\/v2\/types\/product"}],"replies":[{"embeddable":true,"href":"https:\/\/nextsnkr.com\/et\/wp-json\/wp\/v2\/comments?post=758913"}],"version-history":[{"count":0,"href":"https:\/\/nextsnkr.com\/et\/wp-json\/wp\/v2\/product\/758913\/revisions"}],"wp:featuredmedia":[{"embeddable":true,"href":"https:\/\/nextsnkr.com\/et\/wp-json\/wp\/v2\/media\/758914"}],"wp:attachment":[{"href":"https:\/\/nextsnkr.com\/et\/wp-json\/wp\/v2\/media?parent=758913"}],"wp:term":[{"taxonomy":"product_brand","embeddable":true,"href":"https:\/\/nextsnkr.com\/et\/wp-json\/wp\/v2\/product_brand?post=758913"},{"taxonomy":"product_cat","embeddable":true,"href":"https:\/\/nextsnkr.com\/et\/wp-json\/wp\/v2\/product_cat?post=758913"},{"taxonomy":"product_tag","embeddable":true,"href":"https:\/\/nextsnkr.com\/et\/wp-json\/wp\/v2\/product_tag?post=758913"}],"curies":[{"name":"wp","href":"https:\/\/api.w.org\/{rel}","templated":true}]}}