{"id":756706,"date":"2025-06-18T19:20:17","date_gmt":"2025-06-18T16:20:17","guid":{"rendered":"https:\/\/nextsnkr.com\/product\/yeezy-slide-resin\/"},"modified":"2026-01-30T16:29:35","modified_gmt":"2026-01-30T13:29:35","slug":"yeezy-slide-resin","status":"publish","type":"product","link":"https:\/\/nextsnkr.com\/et\/toode\/yeezy-slide-resin\/","title":{"rendered":"Yeezy Slide Resin sussid-kerged ja mugavad igap\u00e4evaseks kasutamiseks"},"content":{"rendered":"<h2>Yeezy Slide Resin sussid-kerged ja mugavad igap\u00e4evaseks kasutamiseks<\/h2>\n<p>Yeezy Slide Resin Sussid on valmistatud kvaliteetsest vahtmaterjalist, mis tagab kerguse, pehmenduse ja mugavuse igal sammul. Resini stiilne disain ja mitmek\u00fclgne v\u00e4rv muudavad need ideaalseks valikuks igap\u00e4evaseks kandmiseks kodus v\u00f5i v\u00e4ljas. Tootja-Vietnam, tagab materjali usaldusv\u00e4\u00e4rsuse ja vastupidavuse. Valige Yeezy Slide Resin mugavuse, praktilisuse ja kaasaegse stiili jaoks igal ajal.<\/p>\n","protected":false},"excerpt":{"rendered":"<p>Yeezy Slide Resin Sussid on valmistatud kvaliteetsest vahtmaterjalist, mis tagab kerguse, pehmenduse ja mugavuse igal sammul. Resini stiilne disain ja mitmek\u00fclgne v\u00e4rv muudavad need ideaalseks valikuks igap\u00e4evaseks kandmiseks kodus v\u00f5i v\u00e4ljas. Tootja-Vietnam, tagab materjali usaldusv\u00e4\u00e4rsuse ja vastupidavuse. Valige Yeezy Slide Resin mugavuse, praktilisuse ja kaasaegse stiili jaoks igal ajal.<\/p>\n","protected":false},"featured_media":756707,"comment_status":"open","ping_status":"open","template":"","meta":[],"product_brand":[],"product_cat":[3395,3186,3419],"product_tag":[],"class_list":{"0":"post-756706","1":"product","2":"type-product","3":"status-publish","4":"has-post-thumbnail","6":"product_cat-adidas-yeezy","7":"product_cat-all-product","8":"product_cat-shlopantsi","9":"pa_rozmir-910","10":"pa_rozmir-912","11":"pa_rozmir-914","12":"pa_rozmir-915","13":"pa_rozmir-916","14":"pa_rozmir-917","15":"pa_rozmir-918","16":"pa_rozmir-919","17":"pa_rozmir-920","18":"pa_rozmir-921","19":"pa_rozmir-922","21":"first","22":"instock","23":"purchasable","24":"product-type-variable"},"_links":{"self":[{"href":"https:\/\/nextsnkr.com\/et\/wp-json\/wp\/v2\/product\/756706","targetHints":{"allow":["GET"]}}],"collection":[{"href":"https:\/\/nextsnkr.com\/et\/wp-json\/wp\/v2\/product"}],"about":[{"href":"https:\/\/nextsnkr.com\/et\/wp-json\/wp\/v2\/types\/product"}],"replies":[{"embeddable":true,"href":"https:\/\/nextsnkr.com\/et\/wp-json\/wp\/v2\/comments?post=756706"}],"version-history":[{"count":0,"href":"https:\/\/nextsnkr.com\/et\/wp-json\/wp\/v2\/product\/756706\/revisions"}],"wp:featuredmedia":[{"embeddable":true,"href":"https:\/\/nextsnkr.com\/et\/wp-json\/wp\/v2\/media\/756707"}],"wp:attachment":[{"href":"https:\/\/nextsnkr.com\/et\/wp-json\/wp\/v2\/media?parent=756706"}],"wp:term":[{"taxonomy":"product_brand","embeddable":true,"href":"https:\/\/nextsnkr.com\/et\/wp-json\/wp\/v2\/product_brand?post=756706"},{"taxonomy":"product_cat","embeddable":true,"href":"https:\/\/nextsnkr.com\/et\/wp-json\/wp\/v2\/product_cat?post=756706"},{"taxonomy":"product_tag","embeddable":true,"href":"https:\/\/nextsnkr.com\/et\/wp-json\/wp\/v2\/product_tag?post=756706"}],"curies":[{"name":"wp","href":"https:\/\/api.w.org\/{rel}","templated":true}]}}