{"id":753993,"date":"2025-06-13T12:31:39","date_gmt":"2025-06-13T09:31:39","guid":{"rendered":"https:\/\/nextsnkr.com\/product\/black-2\/"},"modified":"2026-01-30T16:27:39","modified_gmt":"2026-01-30T13:27:39","slug":"black-2","status":"publish","type":"product","link":"https:\/\/nextsnkr.com\/et\/toode\/black-2\/","title":{"rendered":"Mustad meeste tossud-nahk ja Tekstiil, stiilsed vabaajajalatsid"},"content":{"rendered":"<h2>Mustad meeste tossud-nahk ja Tekstiil, stiilsed vabaajajalatsid<\/h2>\n<p>Universaalsed Mustad tossud on loodud igap\u00e4evaseks mugavuseks ja kaasaegseks stiiliks. Ehtsa naha ja hingavate tekstiilide kombinatsioon tagab kulumiskindluse, kerguse ja meeldiva istuvuse. Tugev tald tagab usaldusv\u00e4\u00e4rse amortisatsiooni aktiivse kasutamise ajal. Hiinas tehases toodetud tossud \u00fchendavad kvaliteedi, trendika disaini ja praktilisuse. Ideaalne valik linna, jalutusk\u00e4igu ja igap\u00e4evase elutempo jaoks.<\/p>\n","protected":false},"excerpt":{"rendered":"<p>Universaalsed Mustad tossud on loodud igap\u00e4evaseks mugavuseks ja kaasaegseks stiiliks. Ehtsa naha ja hingavate tekstiilide kombinatsioon tagab kulumiskindluse, kerguse ja meeldiva istuvuse. Tugev tald tagab usaldusv\u00e4\u00e4rse amortisatsiooni aktiivse kasutamise ajal. Hiinas tehases toodetud tossud \u00fchendavad kvaliteedi, trendika disaini ja praktilisuse. Ideaalne valik linna, jalutusk\u00e4igu ja igap\u00e4evase elutempo jaoks.<\/p>\n","protected":false},"featured_media":753994,"comment_status":"open","ping_status":"open","template":"","meta":[],"product_brand":[],"product_cat":[3186,3187],"product_tag":[],"class_list":{"0":"post-753993","1":"product","2":"type-product","3":"status-publish","4":"has-post-thumbnail","6":"product_cat-all-product","7":"product_cat-krosivky","8":"pa_rozmir-910","9":"pa_rozmir-912","10":"pa_rozmir-914","11":"pa_rozmir-915","12":"pa_rozmir-916","13":"pa_rozmir-917","14":"pa_rozmir-918","15":"pa_rozmir-919","16":"pa_rozmir-920","17":"pa_rozmir-921","18":"pa_rozmir-922","20":"first","21":"instock","22":"purchasable","23":"product-type-variable"},"_links":{"self":[{"href":"https:\/\/nextsnkr.com\/et\/wp-json\/wp\/v2\/product\/753993","targetHints":{"allow":["GET"]}}],"collection":[{"href":"https:\/\/nextsnkr.com\/et\/wp-json\/wp\/v2\/product"}],"about":[{"href":"https:\/\/nextsnkr.com\/et\/wp-json\/wp\/v2\/types\/product"}],"replies":[{"embeddable":true,"href":"https:\/\/nextsnkr.com\/et\/wp-json\/wp\/v2\/comments?post=753993"}],"version-history":[{"count":0,"href":"https:\/\/nextsnkr.com\/et\/wp-json\/wp\/v2\/product\/753993\/revisions"}],"wp:featuredmedia":[{"embeddable":true,"href":"https:\/\/nextsnkr.com\/et\/wp-json\/wp\/v2\/media\/753994"}],"wp:attachment":[{"href":"https:\/\/nextsnkr.com\/et\/wp-json\/wp\/v2\/media?parent=753993"}],"wp:term":[{"taxonomy":"product_brand","embeddable":true,"href":"https:\/\/nextsnkr.com\/et\/wp-json\/wp\/v2\/product_brand?post=753993"},{"taxonomy":"product_cat","embeddable":true,"href":"https:\/\/nextsnkr.com\/et\/wp-json\/wp\/v2\/product_cat?post=753993"},{"taxonomy":"product_tag","embeddable":true,"href":"https:\/\/nextsnkr.com\/et\/wp-json\/wp\/v2\/product_tag?post=753993"}],"curies":[{"name":"wp","href":"https:\/\/api.w.org\/{rel}","templated":true}]}}