{"id":751445,"date":"2025-06-13T12:37:58","date_gmt":"2025-06-13T09:37:58","guid":{"rendered":"https:\/\/nextsnkr.com\/product\/ugg-classic-mini-ii-zip-boot\/"},"modified":"2026-01-30T16:25:43","modified_gmt":"2026-01-30T13:25:43","slug":"ugg-classic-mini-ii-zip-boot","status":"publish","type":"product","link":"https:\/\/nextsnkr.com\/et\/toode\/ugg-classic-mini-ii-zip-boot\/","title":{"rendered":"UGG Classic Mini II Zip Boot nahast ja lambanahast"},"content":{"rendered":"<h2>UGG Classic Mini II Zip Boot nahast ja lambanahast<\/h2>\n<p>UGG Classic Mini II Zip Boot on Soojad ja stiilsed talvesaapad, mis on loodud maksimaalse mugavuse tagamiseks. Ehtne nahk koos pehme lambanahaga tagab soojuse, pehmuse ja vastupidavuse. K\u00fclgmine t\u00f5mblukk lisab jalatsite ajal mugavust ja klassikaline UGG disain muudab mudeli igap\u00e4evaseks kandmiseks mitmek\u00fclgseks. See on ideaalne valik neile, kes hindavad kvaliteetseid talvejalatseid ja laitmatut stiili.<\/p>\n","protected":false},"excerpt":{"rendered":"<p>UGG Classic Mini II Zip Boot on Soojad ja stiilsed talvesaapad, mis on loodud maksimaalse mugavuse tagamiseks. Ehtne nahk koos pehme lambanahaga tagab soojuse, pehmuse ja vastupidavuse. K\u00fclgmine t\u00f5mblukk lisab jalatsite ajal mugavust ja klassikaline UGG disain muudab mudeli igap\u00e4evaseks kandmiseks mitmek\u00fclgseks. See on ideaalne valik neile, kes hindavad kvaliteetseid talvejalatseid ja laitmatut stiili.<\/p>\n","protected":false},"featured_media":751446,"comment_status":"open","ping_status":"open","template":"","meta":[],"product_brand":[],"product_cat":[3406,3186],"product_tag":[],"class_list":{"0":"post-751445","1":"product","2":"type-product","3":"status-publish","4":"has-post-thumbnail","6":"product_cat-ugg","7":"product_cat-all-product","8":"pa_rozmir-910","9":"pa_rozmir-912","10":"pa_rozmir-914","11":"pa_rozmir-915","12":"pa_rozmir-916","13":"pa_rozmir-917","14":"pa_rozmir-918","15":"pa_rozmir-919","16":"pa_rozmir-920","17":"pa_rozmir-921","18":"pa_rozmir-922","20":"first","21":"instock","22":"purchasable","23":"product-type-variable"},"_links":{"self":[{"href":"https:\/\/nextsnkr.com\/et\/wp-json\/wp\/v2\/product\/751445","targetHints":{"allow":["GET"]}}],"collection":[{"href":"https:\/\/nextsnkr.com\/et\/wp-json\/wp\/v2\/product"}],"about":[{"href":"https:\/\/nextsnkr.com\/et\/wp-json\/wp\/v2\/types\/product"}],"replies":[{"embeddable":true,"href":"https:\/\/nextsnkr.com\/et\/wp-json\/wp\/v2\/comments?post=751445"}],"version-history":[{"count":0,"href":"https:\/\/nextsnkr.com\/et\/wp-json\/wp\/v2\/product\/751445\/revisions"}],"wp:featuredmedia":[{"embeddable":true,"href":"https:\/\/nextsnkr.com\/et\/wp-json\/wp\/v2\/media\/751446"}],"wp:attachment":[{"href":"https:\/\/nextsnkr.com\/et\/wp-json\/wp\/v2\/media?parent=751445"}],"wp:term":[{"taxonomy":"product_brand","embeddable":true,"href":"https:\/\/nextsnkr.com\/et\/wp-json\/wp\/v2\/product_brand?post=751445"},{"taxonomy":"product_cat","embeddable":true,"href":"https:\/\/nextsnkr.com\/et\/wp-json\/wp\/v2\/product_cat?post=751445"},{"taxonomy":"product_tag","embeddable":true,"href":"https:\/\/nextsnkr.com\/et\/wp-json\/wp\/v2\/product_tag?post=751445"}],"curies":[{"name":"wp","href":"https:\/\/api.w.org\/{rel}","templated":true}]}}