{"id":750600,"date":"2025-06-13T12:40:05","date_gmt":"2025-06-13T09:40:05","guid":{"rendered":"https:\/\/nextsnkr.com\/product\/ugg-mini-bailey-button-bling-grey-rasprodazha\/"},"modified":"2026-01-30T16:25:00","modified_gmt":"2026-01-30T13:25:00","slug":"ugg-mini-bailey-button-bling-grey-rasprodazha","status":"publish","type":"product","link":"https:\/\/nextsnkr.com\/et\/toode\/ugg-mini-bailey-button-bling-grey-rasprodazha\/","title":{"rendered":"UGG Mini Bailey Button Bling Grey &#8211; naiste seemisnahast Lambanahast uggs"},"content":{"rendered":"<h2>UGG Mini Bailey Button Bling Grey &#8211; naiste seemisnahast Lambanahast uggs<\/h2>\n<p>UGG Mini Bailey Button Bling Grey-stiilsed naiste uggid, mis on valmistatud looduslikust seemisnahast ja pehmest Austraalia Lambanahast, pakkudes k\u00fclmal aastaajal soojust ja mugavust. Originaalne l\u00e4ikiv pannal lisab keerukust ja madal siluett muudab mudeli igap\u00e4evaseks kandmiseks mitmek\u00fclgseks. Austraalias toodetud need uggid pakuvad pehmet pehmendust, usaldusv\u00e4\u00e4rset soojusisolatsiooni ja laitmatut v\u00e4limust. Ideaalne valik neile, kes hindavad UGG kvaliteeti ja stiili.<\/p>\n","protected":false},"excerpt":{"rendered":"<p>UGG Mini Bailey Button Bling Grey-stiilsed naiste uggid, mis on valmistatud looduslikust seemisnahast ja pehmest Austraalia Lambanahast, pakkudes k\u00fclmal aastaajal soojust ja mugavust. Originaalne l\u00e4ikiv pannal lisab keerukust ja madal siluett muudab mudeli igap\u00e4evaseks kandmiseks mitmek\u00fclgseks. Austraalias toodetud need uggid pakuvad pehmet pehmendust, usaldusv\u00e4\u00e4rset soojusisolatsiooni ja laitmatut v\u00e4limust. Ideaalne valik neile, kes hindavad UGG kvaliteeti ja stiili.<\/p>\n","protected":false},"featured_media":750601,"comment_status":"open","ping_status":"open","template":"","meta":[],"product_brand":[],"product_cat":[3406,3186],"product_tag":[],"class_list":{"0":"post-750600","1":"product","2":"type-product","3":"status-publish","4":"has-post-thumbnail","6":"product_cat-ugg","7":"product_cat-all-product","8":"pa_rozmir-923","9":"pa_rozmir-910","10":"pa_rozmir-912","11":"pa_rozmir-914","12":"pa_rozmir-915","13":"pa_rozmir-916","14":"pa_rozmir-917","15":"pa_rozmir-918","16":"pa_rozmir-919","17":"pa_rozmir-920","18":"pa_rozmir-921","20":"first","21":"onbackorder","22":"purchasable","23":"product-type-variable"},"_links":{"self":[{"href":"https:\/\/nextsnkr.com\/et\/wp-json\/wp\/v2\/product\/750600","targetHints":{"allow":["GET"]}}],"collection":[{"href":"https:\/\/nextsnkr.com\/et\/wp-json\/wp\/v2\/product"}],"about":[{"href":"https:\/\/nextsnkr.com\/et\/wp-json\/wp\/v2\/types\/product"}],"replies":[{"embeddable":true,"href":"https:\/\/nextsnkr.com\/et\/wp-json\/wp\/v2\/comments?post=750600"}],"version-history":[{"count":0,"href":"https:\/\/nextsnkr.com\/et\/wp-json\/wp\/v2\/product\/750600\/revisions"}],"wp:featuredmedia":[{"embeddable":true,"href":"https:\/\/nextsnkr.com\/et\/wp-json\/wp\/v2\/media\/750601"}],"wp:attachment":[{"href":"https:\/\/nextsnkr.com\/et\/wp-json\/wp\/v2\/media?parent=750600"}],"wp:term":[{"taxonomy":"product_brand","embeddable":true,"href":"https:\/\/nextsnkr.com\/et\/wp-json\/wp\/v2\/product_brand?post=750600"},{"taxonomy":"product_cat","embeddable":true,"href":"https:\/\/nextsnkr.com\/et\/wp-json\/wp\/v2\/product_cat?post=750600"},{"taxonomy":"product_tag","embeddable":true,"href":"https:\/\/nextsnkr.com\/et\/wp-json\/wp\/v2\/product_tag?post=750600"}],"curies":[{"name":"wp","href":"https:\/\/api.w.org\/{rel}","templated":true}]}}