{"id":750431,"date":"2025-06-13T12:40:29","date_gmt":"2025-06-13T09:40:29","guid":{"rendered":"https:\/\/nextsnkr.com\/product\/ugg-classic-mini-ii-boot-light-shade-rasprodazha\/"},"modified":"2026-01-30T16:24:55","modified_gmt":"2026-01-30T13:24:55","slug":"ugg-classic-mini-ii-boot-light-shade-rasprodazha","status":"publish","type":"product","link":"https:\/\/nextsnkr.com\/et\/toode\/ugg-classic-mini-ii-boot-light-shade-rasprodazha\/","title":{"rendered":"UGG Classic Mini II Boot Light Shade &#8211; naiste seemisnahast uggs koos lambanahaga"},"content":{"rendered":"<h2>UGG Classic Mini II Boot Light Shade &#8211; naiste seemisnahast uggs koos lambanahaga<\/h2>\n<p>UGG Classic Mini II Boot Light Shade on stiilne ja soe uggs, mis on loodud maksimaalse mugavuse tagamiseks k\u00fclmal aastaajal. Valmistatud looduslikust seemisnahast ja pehmest Austraalia Lambanahast, hoiavad nad suurep\u00e4raselt soojust ja tagavad meeldiva termoregulatsiooni. Kerge ja kulumiskindel tald tagab mugavuse igap\u00e4evase kandmise ajal. Austraalia originaalmudel \u00fchendab klassikalise disaini ja k\u00f5rge kvaliteedi. Valige UGG Classic Mini II, et lisada oma talvisele v\u00e4limusele hubasust ja elegantsi.<\/p>\n","protected":false},"excerpt":{"rendered":"<p>UGG Classic Mini II Boot Light Shade on stiilne ja soe uggs, mis on loodud maksimaalse mugavuse tagamiseks k\u00fclmal aastaajal. Valmistatud looduslikust seemisnahast ja pehmest Austraalia Lambanahast, hoiavad nad suurep\u00e4raselt soojust ja tagavad meeldiva termoregulatsiooni. Kerge ja kulumiskindel tald tagab mugavuse igap\u00e4evase kandmise ajal. Austraalia originaalmudel \u00fchendab klassikalise disaini ja k\u00f5rge kvaliteedi. Valige UGG Classic Mini II, et lisada oma talvisele v\u00e4limusele hubasust ja elegantsi.<\/p>\n","protected":false},"featured_media":750432,"comment_status":"open","ping_status":"open","template":"","meta":[],"product_brand":[],"product_cat":[3406,3186],"product_tag":[],"class_list":{"0":"post-750431","1":"product","2":"type-product","3":"status-publish","4":"has-post-thumbnail","6":"product_cat-ugg","7":"product_cat-all-product","8":"pa_rozmir-923","9":"pa_rozmir-910","10":"pa_rozmir-912","11":"pa_rozmir-914","12":"pa_rozmir-915","13":"pa_rozmir-916","14":"pa_rozmir-917","15":"pa_rozmir-918","16":"pa_rozmir-919","17":"pa_rozmir-920","18":"pa_rozmir-921","20":"first","21":"onbackorder","22":"purchasable","23":"product-type-variable"},"_links":{"self":[{"href":"https:\/\/nextsnkr.com\/et\/wp-json\/wp\/v2\/product\/750431","targetHints":{"allow":["GET"]}}],"collection":[{"href":"https:\/\/nextsnkr.com\/et\/wp-json\/wp\/v2\/product"}],"about":[{"href":"https:\/\/nextsnkr.com\/et\/wp-json\/wp\/v2\/types\/product"}],"replies":[{"embeddable":true,"href":"https:\/\/nextsnkr.com\/et\/wp-json\/wp\/v2\/comments?post=750431"}],"version-history":[{"count":0,"href":"https:\/\/nextsnkr.com\/et\/wp-json\/wp\/v2\/product\/750431\/revisions"}],"wp:featuredmedia":[{"embeddable":true,"href":"https:\/\/nextsnkr.com\/et\/wp-json\/wp\/v2\/media\/750432"}],"wp:attachment":[{"href":"https:\/\/nextsnkr.com\/et\/wp-json\/wp\/v2\/media?parent=750431"}],"wp:term":[{"taxonomy":"product_brand","embeddable":true,"href":"https:\/\/nextsnkr.com\/et\/wp-json\/wp\/v2\/product_brand?post=750431"},{"taxonomy":"product_cat","embeddable":true,"href":"https:\/\/nextsnkr.com\/et\/wp-json\/wp\/v2\/product_cat?post=750431"},{"taxonomy":"product_tag","embeddable":true,"href":"https:\/\/nextsnkr.com\/et\/wp-json\/wp\/v2\/product_tag?post=750431"}],"curies":[{"name":"wp","href":"https:\/\/api.w.org\/{rel}","templated":true}]}}