{"id":749755,"date":"2025-06-14T15:55:39","date_gmt":"2025-06-14T12:55:39","guid":{"rendered":"https:\/\/nextsnkr.com\/product\/hermes-chyrpe-chevre-velours-picture\/"},"modified":"2026-01-30T16:24:26","modified_gmt":"2026-01-30T13:24:26","slug":"hermes-chyrpe-chevre-velours-picture","status":"publish","type":"product","link":"https:\/\/nextsnkr.com\/et\/toode\/hermes-chyrpe-chevre-velours-picture\/","title":{"rendered":"Hermes chyrpe Ch\u00e8vre velours picture sussid-stiilne tekstiilist veluur"},"content":{"rendered":"<h2>Hermes chyrpe Ch\u00e8vre velours picture sussid-stiilne tekstiilist veluur<\/h2>\n<p>Hermes Chyrpe Ch\u00e8vre velours picture Sussid on luksuslik tekstiili-ja veluurikombinatsioon kodu mugavuse ja stiili jaoks. Pehme tald tagab h\u00f5lpsa sammu ning kvaliteetsed materjalid tagavad vastupidavuse ja mugavuse kogu p\u00e4eva v\u00e4ltel. Peen disain koos br\u00e4ndi detailidega r\u00f5hutab omaniku elegantsi ja maitset. Hermes Chyrpe Ch\u00e8vre Velours Picture on ideaalne valik neile, kes hindavad mugavust, stiili ja kvaliteeti igas puudutuses.<\/p>\n","protected":false},"excerpt":{"rendered":"<p>Hermes Chyrpe Ch\u00e8vre velours picture Sussid on luksuslik tekstiili-ja veluurikombinatsioon kodu mugavuse ja stiili jaoks. Pehme tald tagab h\u00f5lpsa sammu ning kvaliteetsed materjalid tagavad vastupidavuse ja mugavuse kogu p\u00e4eva v\u00e4ltel. Peen disain koos br\u00e4ndi detailidega r\u00f5hutab omaniku elegantsi ja maitset. Hermes Chyrpe Ch\u00e8vre Velours Picture on ideaalne valik neile, kes hindavad mugavust, stiili ja kvaliteeti igas puudutuses.<\/p>\n","protected":false},"featured_media":749756,"comment_status":"open","ping_status":"open","template":"","meta":[],"product_brand":[],"product_cat":[3186,3419],"product_tag":[],"class_list":{"0":"post-749755","1":"product","2":"type-product","3":"status-publish","4":"has-post-thumbnail","6":"product_cat-all-product","7":"product_cat-shlopantsi","8":"pa_rozmir-910","9":"pa_rozmir-912","10":"pa_rozmir-914","11":"pa_rozmir-915","12":"pa_rozmir-916","13":"pa_rozmir-917","14":"pa_rozmir-918","15":"pa_rozmir-919","16":"pa_rozmir-920","17":"pa_rozmir-921","18":"pa_rozmir-922","20":"first","21":"onbackorder","22":"purchasable","23":"product-type-variable"},"_links":{"self":[{"href":"https:\/\/nextsnkr.com\/et\/wp-json\/wp\/v2\/product\/749755","targetHints":{"allow":["GET"]}}],"collection":[{"href":"https:\/\/nextsnkr.com\/et\/wp-json\/wp\/v2\/product"}],"about":[{"href":"https:\/\/nextsnkr.com\/et\/wp-json\/wp\/v2\/types\/product"}],"replies":[{"embeddable":true,"href":"https:\/\/nextsnkr.com\/et\/wp-json\/wp\/v2\/comments?post=749755"}],"version-history":[{"count":0,"href":"https:\/\/nextsnkr.com\/et\/wp-json\/wp\/v2\/product\/749755\/revisions"}],"wp:featuredmedia":[{"embeddable":true,"href":"https:\/\/nextsnkr.com\/et\/wp-json\/wp\/v2\/media\/749756"}],"wp:attachment":[{"href":"https:\/\/nextsnkr.com\/et\/wp-json\/wp\/v2\/media?parent=749755"}],"wp:term":[{"taxonomy":"product_brand","embeddable":true,"href":"https:\/\/nextsnkr.com\/et\/wp-json\/wp\/v2\/product_brand?post=749755"},{"taxonomy":"product_cat","embeddable":true,"href":"https:\/\/nextsnkr.com\/et\/wp-json\/wp\/v2\/product_cat?post=749755"},{"taxonomy":"product_tag","embeddable":true,"href":"https:\/\/nextsnkr.com\/et\/wp-json\/wp\/v2\/product_tag?post=749755"}],"curies":[{"name":"wp","href":"https:\/\/api.w.org\/{rel}","templated":true}]}}