{"id":745870,"date":"2025-06-14T16:11:23","date_gmt":"2025-06-14T13:11:23","guid":{"rendered":"https:\/\/nextsnkr.com\/product\/balenciaga-3xl-purple-beige\/"},"modified":"2026-01-30T16:21:30","modified_gmt":"2026-01-30T13:21:30","slug":"balenciaga-3xl-purple-beige","status":"publish","type":"product","link":"https:\/\/nextsnkr.com\/et\/toode\/balenciaga-3xl-purple-beige\/","title":{"rendered":"Balenciaga 3XL Purple \/ Beige tossud-nahast ja tekstiilist stiilsed"},"content":{"rendered":"<h2>Balenciaga 3XL Purple \/ Beige tossud-nahast ja tekstiilist stiilsed<\/h2>\n<p>Balenciaga 3XL Purple \/ Beige tossud \u00fchendavad naha ja tekstiili, et saavutada \u00fclim tugevus, mugavus ja stiilne v\u00e4limus. Lilla ja bee\u017ei ainulaadne kombinatsioon r\u00f5hutab kaasaegset disaini ja muudab mudeli universaalseks linna-ja v\u00e4litegevuseks. Pehme tald pehmendab sammu, pakkudes mugavust kogu p\u00e4eva v\u00e4ltel. Need on premium Balenciaga tossud neile, kes hindavad stiili, kvaliteeti ja mugavust iga p\u00e4ev.<\/p>\n","protected":false},"excerpt":{"rendered":"<p>Balenciaga 3XL Purple \/ Beige tossud \u00fchendavad naha ja tekstiili, et saavutada \u00fclim tugevus, mugavus ja stiilne v\u00e4limus. Lilla ja bee\u017ei ainulaadne kombinatsioon r\u00f5hutab kaasaegset disaini ja muudab mudeli universaalseks linna-ja v\u00e4litegevuseks. Pehme tald pehmendab sammu, pakkudes mugavust kogu p\u00e4eva v\u00e4ltel. Need on premium Balenciaga tossud neile, kes hindavad stiili, kvaliteeti ja mugavust iga p\u00e4ev.<\/p>\n","protected":false},"featured_media":745871,"comment_status":"open","ping_status":"open","template":"","meta":[],"product_brand":[],"product_cat":[3186,3187],"product_tag":[],"class_list":{"0":"post-745870","1":"product","2":"type-product","3":"status-publish","4":"has-post-thumbnail","6":"product_cat-all-product","7":"product_cat-krosivky","8":"pa_rozmir-910","9":"pa_rozmir-912","10":"pa_rozmir-914","11":"pa_rozmir-915","12":"pa_rozmir-916","13":"pa_rozmir-917","14":"pa_rozmir-918","15":"pa_rozmir-919","16":"pa_rozmir-920","17":"pa_rozmir-921","18":"pa_rozmir-922","20":"first","21":"onbackorder","22":"purchasable","23":"product-type-variable"},"_links":{"self":[{"href":"https:\/\/nextsnkr.com\/et\/wp-json\/wp\/v2\/product\/745870","targetHints":{"allow":["GET"]}}],"collection":[{"href":"https:\/\/nextsnkr.com\/et\/wp-json\/wp\/v2\/product"}],"about":[{"href":"https:\/\/nextsnkr.com\/et\/wp-json\/wp\/v2\/types\/product"}],"replies":[{"embeddable":true,"href":"https:\/\/nextsnkr.com\/et\/wp-json\/wp\/v2\/comments?post=745870"}],"version-history":[{"count":0,"href":"https:\/\/nextsnkr.com\/et\/wp-json\/wp\/v2\/product\/745870\/revisions"}],"wp:featuredmedia":[{"embeddable":true,"href":"https:\/\/nextsnkr.com\/et\/wp-json\/wp\/v2\/media\/745871"}],"wp:attachment":[{"href":"https:\/\/nextsnkr.com\/et\/wp-json\/wp\/v2\/media?parent=745870"}],"wp:term":[{"taxonomy":"product_brand","embeddable":true,"href":"https:\/\/nextsnkr.com\/et\/wp-json\/wp\/v2\/product_brand?post=745870"},{"taxonomy":"product_cat","embeddable":true,"href":"https:\/\/nextsnkr.com\/et\/wp-json\/wp\/v2\/product_cat?post=745870"},{"taxonomy":"product_tag","embeddable":true,"href":"https:\/\/nextsnkr.com\/et\/wp-json\/wp\/v2\/product_tag?post=745870"}],"curies":[{"name":"wp","href":"https:\/\/api.w.org\/{rel}","templated":true}]}}