{"id":743868,"date":"2025-06-14T16:18:53","date_gmt":"2025-06-14T13:18:53","guid":{"rendered":"https:\/\/nextsnkr.com\/product\/vans-knu-skool-platform-black-white\/"},"modified":"2026-01-30T16:20:09","modified_gmt":"2026-01-30T13:20:09","slug":"vans-knu-skool-platform-black-white","status":"publish","type":"product","link":"https:\/\/nextsnkr.com\/et\/toode\/vans-knu-skool-platform-black-white\/","title":{"rendered":"Tossud Vans Knu Skool Platform Must \/ valge-seemisnahast tekstiilplatvormid"},"content":{"rendered":"<h2>Tossud Vans Knu Skool Platform Must \/ valge-seemisnahast tekstiilplatvormid<\/h2>\n<p>Vans Knu Skool Platform Black \/ White on stiilsed Platvormkingad, mis on valmistatud vastupidavast seemisnahast ja tekstiilist, et tagada mugavus ja vastupidavus. Klassikaline musta ja valge kombinatsioon muudab mudeli mitmek\u00fclgseks ja sobib h\u00f5lpsalt iga igap\u00e4evase v\u00e4limusega. Vietnamis toodetud Vans Knu Skooli tossudel on talla stabiilsus, mugav istuvus ja kaasaegne disain. Ideaalne valik neile, kes hindavad mugavust, stiili ja linna casual.<\/p>\n","protected":false},"excerpt":{"rendered":"<p>Vans Knu Skool Platform Black \/ White on stiilsed Platvormkingad, mis on valmistatud vastupidavast seemisnahast ja tekstiilist, et tagada mugavus ja vastupidavus. Klassikaline musta ja valge kombinatsioon muudab mudeli mitmek\u00fclgseks ja sobib h\u00f5lpsalt iga igap\u00e4evase v\u00e4limusega. Vietnamis toodetud Vans Knu Skooli tossudel on talla stabiilsus, mugav istuvus ja kaasaegne disain. Ideaalne valik neile, kes hindavad mugavust, stiili ja linna casual.<\/p>\n","protected":false},"featured_media":743869,"comment_status":"open","ping_status":"open","template":"","meta":[],"product_brand":[],"product_cat":[3186,3317],"product_tag":[],"class_list":{"0":"post-743868","1":"product","2":"type-product","3":"status-publish","4":"has-post-thumbnail","6":"product_cat-all-product","7":"product_cat-kedy","8":"pa_rozmir-910","9":"pa_rozmir-912","10":"pa_rozmir-914","11":"pa_rozmir-915","12":"pa_rozmir-916","13":"pa_rozmir-917","14":"pa_rozmir-918","15":"pa_rozmir-919","16":"pa_rozmir-920","17":"pa_rozmir-921","18":"pa_rozmir-922","20":"first","21":"onbackorder","22":"purchasable","23":"product-type-variable"},"_links":{"self":[{"href":"https:\/\/nextsnkr.com\/et\/wp-json\/wp\/v2\/product\/743868","targetHints":{"allow":["GET"]}}],"collection":[{"href":"https:\/\/nextsnkr.com\/et\/wp-json\/wp\/v2\/product"}],"about":[{"href":"https:\/\/nextsnkr.com\/et\/wp-json\/wp\/v2\/types\/product"}],"replies":[{"embeddable":true,"href":"https:\/\/nextsnkr.com\/et\/wp-json\/wp\/v2\/comments?post=743868"}],"version-history":[{"count":0,"href":"https:\/\/nextsnkr.com\/et\/wp-json\/wp\/v2\/product\/743868\/revisions"}],"wp:featuredmedia":[{"embeddable":true,"href":"https:\/\/nextsnkr.com\/et\/wp-json\/wp\/v2\/media\/743869"}],"wp:attachment":[{"href":"https:\/\/nextsnkr.com\/et\/wp-json\/wp\/v2\/media?parent=743868"}],"wp:term":[{"taxonomy":"product_brand","embeddable":true,"href":"https:\/\/nextsnkr.com\/et\/wp-json\/wp\/v2\/product_brand?post=743868"},{"taxonomy":"product_cat","embeddable":true,"href":"https:\/\/nextsnkr.com\/et\/wp-json\/wp\/v2\/product_cat?post=743868"},{"taxonomy":"product_tag","embeddable":true,"href":"https:\/\/nextsnkr.com\/et\/wp-json\/wp\/v2\/product_tag?post=743868"}],"curies":[{"name":"wp","href":"https:\/\/api.w.org\/{rel}","templated":true}]}}