{"id":743686,"date":"2025-06-14T16:19:48","date_gmt":"2025-06-14T13:19:48","guid":{"rendered":"https:\/\/nextsnkr.com\/product\/timberlad-black-termo\/"},"modified":"2026-01-30T16:19:55","modified_gmt":"2026-01-30T13:19:55","slug":"timberlad-black-termo","status":"publish","type":"product","link":"https:\/\/nextsnkr.com\/et\/toode\/timberlad-black-termo\/","title":{"rendered":"Timberland Black Thermo saapad-Meeste nubuki talvesaapad"},"content":{"rendered":"<h2>Timberland Black Thermo saapad-Meeste nubuki talvesaapad<\/h2>\n<p>Timberland Black saapad \u2014 termo) &#8211; Soojad meeste talvesaapad nubukist, mis on loodud maksimaalse mugavuse tagamiseks k\u00fclmal aastaajal. Mudel pakub usaldusv\u00e4\u00e4rset kaitset k\u00fclma ja niiskuse eest t\u00e4nu termosubstraadile ja vastupidavale materjalile. Mugav padi ja stabiilne tald tagavad mugavuse jalutusk\u00e4ikude ja aktiivse puhkuse ajal. USA tootmine kinnitab k\u00f5rget kvaliteeti ja pikaealisust. Valige Timberland Black stiilsete ja usaldusv\u00e4\u00e4rsete talvejalatsite jaoks.<\/p>\n","protected":false},"excerpt":{"rendered":"<p>Timberland Black saapad \u2014 termo) &#8211; Soojad meeste talvesaapad nubukist, mis on loodud maksimaalse mugavuse tagamiseks k\u00fclmal aastaajal. Mudel pakub usaldusv\u00e4\u00e4rset kaitset k\u00fclma ja niiskuse eest t\u00e4nu termosubstraadile ja vastupidavale materjalile. Mugav padi ja stabiilne tald tagavad mugavuse jalutusk\u00e4ikude ja aktiivse puhkuse ajal. USA tootmine kinnitab k\u00f5rget kvaliteeti ja pikaealisust. Valige Timberland Black stiilsete ja usaldusv\u00e4\u00e4rsete talvejalatsite jaoks.<\/p>\n","protected":false},"featured_media":743687,"comment_status":"open","ping_status":"open","template":"","meta":[],"product_brand":[],"product_cat":[3186,3330],"product_tag":[],"class_list":{"0":"post-743686","1":"product","2":"type-product","3":"status-publish","4":"has-post-thumbnail","6":"product_cat-all-product","7":"product_cat-cherevyky","8":"pa_rozmir-910","9":"pa_rozmir-912","10":"pa_rozmir-914","11":"pa_rozmir-915","12":"pa_rozmir-916","13":"pa_rozmir-917","14":"pa_rozmir-918","15":"pa_rozmir-919","16":"pa_rozmir-920","17":"pa_rozmir-921","18":"pa_rozmir-922","20":"first","21":"instock","22":"purchasable","23":"product-type-variable"},"_links":{"self":[{"href":"https:\/\/nextsnkr.com\/et\/wp-json\/wp\/v2\/product\/743686","targetHints":{"allow":["GET"]}}],"collection":[{"href":"https:\/\/nextsnkr.com\/et\/wp-json\/wp\/v2\/product"}],"about":[{"href":"https:\/\/nextsnkr.com\/et\/wp-json\/wp\/v2\/types\/product"}],"replies":[{"embeddable":true,"href":"https:\/\/nextsnkr.com\/et\/wp-json\/wp\/v2\/comments?post=743686"}],"version-history":[{"count":0,"href":"https:\/\/nextsnkr.com\/et\/wp-json\/wp\/v2\/product\/743686\/revisions"}],"wp:featuredmedia":[{"embeddable":true,"href":"https:\/\/nextsnkr.com\/et\/wp-json\/wp\/v2\/media\/743687"}],"wp:attachment":[{"href":"https:\/\/nextsnkr.com\/et\/wp-json\/wp\/v2\/media?parent=743686"}],"wp:term":[{"taxonomy":"product_brand","embeddable":true,"href":"https:\/\/nextsnkr.com\/et\/wp-json\/wp\/v2\/product_brand?post=743686"},{"taxonomy":"product_cat","embeddable":true,"href":"https:\/\/nextsnkr.com\/et\/wp-json\/wp\/v2\/product_cat?post=743686"},{"taxonomy":"product_tag","embeddable":true,"href":"https:\/\/nextsnkr.com\/et\/wp-json\/wp\/v2\/product_tag?post=743686"}],"curies":[{"name":"wp","href":"https:\/\/api.w.org\/{rel}","templated":true}]}}