{"id":743140,"date":"2025-06-14T16:21:28","date_gmt":"2025-06-14T13:21:28","guid":{"rendered":"https:\/\/nextsnkr.com\/product\/ugg-classic-clear-mini-black\/"},"modified":"2026-01-30T16:19:30","modified_gmt":"2026-01-30T13:19:30","slug":"ugg-classic-clear-mini-black","status":"publish","type":"product","link":"https:\/\/nextsnkr.com\/et\/toode\/ugg-classic-clear-mini-black\/","title":{"rendered":"Ugg Classic Clear Mini Black-stiilsed l\u00e4bipaistva tallaga karusnahast saapad"},"content":{"rendered":"<h2>Ugg Classic Clear Mini Black-stiilsed l\u00e4bipaistva tallaga karusnahast saapad<\/h2>\n<p>UGG Classic Clear Mini Black saapad \u00fchendavad pehme karusnaha ja l\u00e4bipaistva plasttaldaga mugavuse ja kaasaegse stiili. Mudel on valmistatud Vietnamis kvaliteetsetest materjalidest, mis tagab vastupidavuse ja mugavuse igap\u00e4evaseks kasutamiseks. Lakooniline must disain muudab saapad mitmek\u00fclgseks iga v\u00e4limuse jaoks, samas kui kompaktne madal siluett sobib ideaalselt aktiivseks linnaeluks ja k\u00fclmaks ilmaks.<\/p>\n","protected":false},"excerpt":{"rendered":"<p>UGG Classic Clear Mini Black saapad \u00fchendavad pehme karusnaha ja l\u00e4bipaistva plasttaldaga mugavuse ja kaasaegse stiili. Mudel on valmistatud Vietnamis kvaliteetsetest materjalidest, mis tagab vastupidavuse ja mugavuse igap\u00e4evaseks kasutamiseks. Lakooniline must disain muudab saapad mitmek\u00fclgseks iga v\u00e4limuse jaoks, samas kui kompaktne madal siluett sobib ideaalselt aktiivseks linnaeluks ja k\u00fclmaks ilmaks.<\/p>\n","protected":false},"featured_media":743141,"comment_status":"open","ping_status":"open","template":"","meta":[],"product_brand":[],"product_cat":[3406,3186],"product_tag":[],"class_list":{"0":"post-743140","1":"product","2":"type-product","3":"status-publish","4":"has-post-thumbnail","6":"product_cat-ugg","7":"product_cat-all-product","8":"pa_rozmir-910","9":"pa_rozmir-912","10":"pa_rozmir-914","11":"pa_rozmir-915","12":"pa_rozmir-916","13":"pa_rozmir-917","14":"pa_rozmir-918","15":"pa_rozmir-919","16":"pa_rozmir-920","17":"pa_rozmir-921","18":"pa_rozmir-922","20":"first","21":"instock","22":"purchasable","23":"product-type-variable"},"_links":{"self":[{"href":"https:\/\/nextsnkr.com\/et\/wp-json\/wp\/v2\/product\/743140","targetHints":{"allow":["GET"]}}],"collection":[{"href":"https:\/\/nextsnkr.com\/et\/wp-json\/wp\/v2\/product"}],"about":[{"href":"https:\/\/nextsnkr.com\/et\/wp-json\/wp\/v2\/types\/product"}],"replies":[{"embeddable":true,"href":"https:\/\/nextsnkr.com\/et\/wp-json\/wp\/v2\/comments?post=743140"}],"version-history":[{"count":0,"href":"https:\/\/nextsnkr.com\/et\/wp-json\/wp\/v2\/product\/743140\/revisions"}],"wp:featuredmedia":[{"embeddable":true,"href":"https:\/\/nextsnkr.com\/et\/wp-json\/wp\/v2\/media\/743141"}],"wp:attachment":[{"href":"https:\/\/nextsnkr.com\/et\/wp-json\/wp\/v2\/media?parent=743140"}],"wp:term":[{"taxonomy":"product_brand","embeddable":true,"href":"https:\/\/nextsnkr.com\/et\/wp-json\/wp\/v2\/product_brand?post=743140"},{"taxonomy":"product_cat","embeddable":true,"href":"https:\/\/nextsnkr.com\/et\/wp-json\/wp\/v2\/product_cat?post=743140"},{"taxonomy":"product_tag","embeddable":true,"href":"https:\/\/nextsnkr.com\/et\/wp-json\/wp\/v2\/product_tag?post=743140"}],"curies":[{"name":"wp","href":"https:\/\/api.w.org\/{rel}","templated":true}]}}