{"id":742776,"date":"2025-06-14T16:22:37","date_gmt":"2025-06-14T13:22:37","guid":{"rendered":"https:\/\/nextsnkr.com\/product\/ugg-classic-clear-mini-natural-black\/"},"modified":"2026-01-30T16:19:22","modified_gmt":"2026-01-30T13:19:22","slug":"ugg-classic-clear-mini-natural-black","status":"publish","type":"product","link":"https:\/\/nextsnkr.com\/et\/toode\/ugg-classic-clear-mini-natural-black\/","title":{"rendered":"UGG Classic Clear Mini Natural-Black saapad-stiilne karusnaha Mini"},"content":{"rendered":"<h2>UGG Classic Clear Mini Natural-Black saapad-stiilne karusnaha Mini<\/h2>\n<p>UGG Classic Clear Mini Natural \/ Black saapad on mugav ja stiilne mudel jahedaks aastaajaks. Valmistatud ehtsast karusnahast ja l\u00e4bipaistvast plastist, \u00fchendavad need soojust, kergust ja kaasaegset disaini. Mini mudel sobib igap\u00e4evaseks kandmiseks ja sobib kergesti erinevate v\u00e4limustega. Usaldusv\u00e4\u00e4rne tald tagab stabiilsuse mis tahes pinnal. Tootja-Vietnam. Valige Ugg Classic Clear Mini soojuse, mugavuse ja trendika v\u00e4ljan\u00e4gemise jaoks. Kood: ugg-0037-106127.<\/p>\n","protected":false},"excerpt":{"rendered":"<p>UGG Classic Clear Mini Natural \/ Black saapad on mugav ja stiilne mudel jahedaks aastaajaks. Valmistatud ehtsast karusnahast ja l\u00e4bipaistvast plastist, \u00fchendavad need soojust, kergust ja kaasaegset disaini. Mini mudel sobib igap\u00e4evaseks kandmiseks ja sobib kergesti erinevate v\u00e4limustega. Usaldusv\u00e4\u00e4rne tald tagab stabiilsuse mis tahes pinnal. Tootja-Vietnam. Valige Ugg Classic Clear Mini soojuse, mugavuse ja trendika v\u00e4ljan\u00e4gemise jaoks. Kood: ugg-0037-106127.<\/p>\n","protected":false},"featured_media":742777,"comment_status":"open","ping_status":"open","template":"","meta":[],"product_brand":[],"product_cat":[3406,3186],"product_tag":[],"class_list":{"0":"post-742776","1":"product","2":"type-product","3":"status-publish","4":"has-post-thumbnail","6":"product_cat-ugg","7":"product_cat-all-product","8":"pa_rozmir-910","9":"pa_rozmir-912","10":"pa_rozmir-914","11":"pa_rozmir-915","12":"pa_rozmir-916","13":"pa_rozmir-917","14":"pa_rozmir-918","15":"pa_rozmir-919","16":"pa_rozmir-920","17":"pa_rozmir-921","18":"pa_rozmir-922","20":"first","21":"instock","22":"purchasable","23":"product-type-variable"},"_links":{"self":[{"href":"https:\/\/nextsnkr.com\/et\/wp-json\/wp\/v2\/product\/742776","targetHints":{"allow":["GET"]}}],"collection":[{"href":"https:\/\/nextsnkr.com\/et\/wp-json\/wp\/v2\/product"}],"about":[{"href":"https:\/\/nextsnkr.com\/et\/wp-json\/wp\/v2\/types\/product"}],"replies":[{"embeddable":true,"href":"https:\/\/nextsnkr.com\/et\/wp-json\/wp\/v2\/comments?post=742776"}],"version-history":[{"count":0,"href":"https:\/\/nextsnkr.com\/et\/wp-json\/wp\/v2\/product\/742776\/revisions"}],"wp:featuredmedia":[{"embeddable":true,"href":"https:\/\/nextsnkr.com\/et\/wp-json\/wp\/v2\/media\/742777"}],"wp:attachment":[{"href":"https:\/\/nextsnkr.com\/et\/wp-json\/wp\/v2\/media?parent=742776"}],"wp:term":[{"taxonomy":"product_brand","embeddable":true,"href":"https:\/\/nextsnkr.com\/et\/wp-json\/wp\/v2\/product_brand?post=742776"},{"taxonomy":"product_cat","embeddable":true,"href":"https:\/\/nextsnkr.com\/et\/wp-json\/wp\/v2\/product_cat?post=742776"},{"taxonomy":"product_tag","embeddable":true,"href":"https:\/\/nextsnkr.com\/et\/wp-json\/wp\/v2\/product_tag?post=742776"}],"curies":[{"name":"wp","href":"https:\/\/api.w.org\/{rel}","templated":true}]}}