{"id":740956,"date":"2025-06-14T16:29:11","date_gmt":"2025-06-14T13:29:11","guid":{"rendered":"https:\/\/nextsnkr.com\/product\/ugg-classic-ultra-mini-platform-xl-black\/"},"modified":"2026-01-30T16:18:00","modified_gmt":"2026-01-30T13:18:00","slug":"ugg-classic-ultra-mini-platform-xl-black","status":"publish","type":"product","link":"https:\/\/nextsnkr.com\/et\/toode\/ugg-classic-ultra-mini-platform-xl-black\/","title":{"rendered":"Ugg Classic Ultra Mini Platform XL Must-stiilsed seemisnahast karusnahast saapad"},"content":{"rendered":"<h2>Ugg Classic Ultra Mini Platform XL Must-stiilsed seemisnahast karusnahast saapad<\/h2>\n<p>UGG Classic Ultra Mini Platform XL black saapad on seemisnahast ja ehtsast karusnahast valmistatud esmaklassiline mudel, mis \u00fchendab mugavuse ja stiili. Platvormtald lisab kaasaegse aktsendi ja pakub t\u00e4iendavat k\u00f5rgust. Pehme karusnaha siseviimistlus tagab soojuse ja mugavuse k\u00fclmal ajal. Ideaalne valik neile, kes hindavad moekat disaini, vastupidavust ja mugavust igap\u00e4evases kandmises.<\/p>\n","protected":false},"excerpt":{"rendered":"<p>UGG Classic Ultra Mini Platform XL black saapad on seemisnahast ja ehtsast karusnahast valmistatud esmaklassiline mudel, mis \u00fchendab mugavuse ja stiili. Platvormtald lisab kaasaegse aktsendi ja pakub t\u00e4iendavat k\u00f5rgust. Pehme karusnaha siseviimistlus tagab soojuse ja mugavuse k\u00fclmal ajal. Ideaalne valik neile, kes hindavad moekat disaini, vastupidavust ja mugavust igap\u00e4evases kandmises.<\/p>\n","protected":false},"featured_media":740957,"comment_status":"open","ping_status":"open","template":"","meta":[],"product_brand":[],"product_cat":[3406,3186],"product_tag":[],"class_list":{"0":"post-740956","1":"product","2":"type-product","3":"status-publish","4":"has-post-thumbnail","6":"product_cat-ugg","7":"product_cat-all-product","8":"pa_rozmir-910","9":"pa_rozmir-912","10":"pa_rozmir-914","11":"pa_rozmir-915","12":"pa_rozmir-916","13":"pa_rozmir-917","14":"pa_rozmir-918","15":"pa_rozmir-919","16":"pa_rozmir-920","17":"pa_rozmir-921","18":"pa_rozmir-922","20":"first","21":"onbackorder","22":"purchasable","23":"product-type-variable"},"_links":{"self":[{"href":"https:\/\/nextsnkr.com\/et\/wp-json\/wp\/v2\/product\/740956","targetHints":{"allow":["GET"]}}],"collection":[{"href":"https:\/\/nextsnkr.com\/et\/wp-json\/wp\/v2\/product"}],"about":[{"href":"https:\/\/nextsnkr.com\/et\/wp-json\/wp\/v2\/types\/product"}],"replies":[{"embeddable":true,"href":"https:\/\/nextsnkr.com\/et\/wp-json\/wp\/v2\/comments?post=740956"}],"version-history":[{"count":0,"href":"https:\/\/nextsnkr.com\/et\/wp-json\/wp\/v2\/product\/740956\/revisions"}],"wp:featuredmedia":[{"embeddable":true,"href":"https:\/\/nextsnkr.com\/et\/wp-json\/wp\/v2\/media\/740957"}],"wp:attachment":[{"href":"https:\/\/nextsnkr.com\/et\/wp-json\/wp\/v2\/media?parent=740956"}],"wp:term":[{"taxonomy":"product_brand","embeddable":true,"href":"https:\/\/nextsnkr.com\/et\/wp-json\/wp\/v2\/product_brand?post=740956"},{"taxonomy":"product_cat","embeddable":true,"href":"https:\/\/nextsnkr.com\/et\/wp-json\/wp\/v2\/product_cat?post=740956"},{"taxonomy":"product_tag","embeddable":true,"href":"https:\/\/nextsnkr.com\/et\/wp-json\/wp\/v2\/product_tag?post=740956"}],"curies":[{"name":"wp","href":"https:\/\/api.w.org\/{rel}","templated":true}]}}