{"id":740228,"date":"2025-06-14T16:31:36","date_gmt":"2025-06-14T13:31:36","guid":{"rendered":"https:\/\/nextsnkr.com\/product\/ugg-lowmel-sneaker-beige\/"},"modified":"2026-01-30T16:17:34","modified_gmt":"2026-01-30T13:17:34","slug":"ugg-lowmel-sneaker-beige","status":"publish","type":"product","link":"https:\/\/nextsnkr.com\/et\/toode\/ugg-lowmel-sneaker-beige\/","title":{"rendered":"UGG Lowmel Sneaker beige seemisnahast naiste karusnahast tossud"},"content":{"rendered":"<h2>UGG Lowmel Sneaker beige seemisnahast naiste karusnahast tossud<\/h2>\n<p>UGG Lowmel Sneaker beige tossud on stiilsed ja mugavad kingad igap\u00e4evaseks kandmiseks. Valmistatud kvaliteetsest seemisnahast ja pehmest karusnahast, pakuvad need soojust, mugavat istuvust ja vastupidavust. Heledat bee\u017ei v\u00e4rvi on lihtne kombineerida mis tahes v\u00e4limusega ning kaasaegne disain r\u00f5hutab elegantsi ja trendi. Vietnamis toodetud need UGG tossud sobivad ideaalselt linnaks, jalutamiseks ja v\u00e4litegevuseks k\u00fclmal aastaajal.<\/p>\n","protected":false},"excerpt":{"rendered":"<p>UGG Lowmel Sneaker beige tossud on stiilsed ja mugavad kingad igap\u00e4evaseks kandmiseks. Valmistatud kvaliteetsest seemisnahast ja pehmest karusnahast, pakuvad need soojust, mugavat istuvust ja vastupidavust. Heledat bee\u017ei v\u00e4rvi on lihtne kombineerida mis tahes v\u00e4limusega ning kaasaegne disain r\u00f5hutab elegantsi ja trendi. Vietnamis toodetud need UGG tossud sobivad ideaalselt linnaks, jalutamiseks ja v\u00e4litegevuseks k\u00fclmal aastaajal.<\/p>\n","protected":false},"featured_media":740229,"comment_status":"open","ping_status":"open","template":"","meta":[],"product_brand":[],"product_cat":[3406,3186],"product_tag":[],"class_list":{"0":"post-740228","1":"product","2":"type-product","3":"status-publish","4":"has-post-thumbnail","6":"product_cat-ugg","7":"product_cat-all-product","8":"pa_rozmir-910","9":"pa_rozmir-912","10":"pa_rozmir-914","11":"pa_rozmir-915","12":"pa_rozmir-916","13":"pa_rozmir-917","14":"pa_rozmir-918","15":"pa_rozmir-919","16":"pa_rozmir-920","17":"pa_rozmir-921","18":"pa_rozmir-922","20":"first","21":"onbackorder","22":"purchasable","23":"product-type-variable"},"_links":{"self":[{"href":"https:\/\/nextsnkr.com\/et\/wp-json\/wp\/v2\/product\/740228","targetHints":{"allow":["GET"]}}],"collection":[{"href":"https:\/\/nextsnkr.com\/et\/wp-json\/wp\/v2\/product"}],"about":[{"href":"https:\/\/nextsnkr.com\/et\/wp-json\/wp\/v2\/types\/product"}],"replies":[{"embeddable":true,"href":"https:\/\/nextsnkr.com\/et\/wp-json\/wp\/v2\/comments?post=740228"}],"version-history":[{"count":0,"href":"https:\/\/nextsnkr.com\/et\/wp-json\/wp\/v2\/product\/740228\/revisions"}],"wp:featuredmedia":[{"embeddable":true,"href":"https:\/\/nextsnkr.com\/et\/wp-json\/wp\/v2\/media\/740229"}],"wp:attachment":[{"href":"https:\/\/nextsnkr.com\/et\/wp-json\/wp\/v2\/media?parent=740228"}],"wp:term":[{"taxonomy":"product_brand","embeddable":true,"href":"https:\/\/nextsnkr.com\/et\/wp-json\/wp\/v2\/product_brand?post=740228"},{"taxonomy":"product_cat","embeddable":true,"href":"https:\/\/nextsnkr.com\/et\/wp-json\/wp\/v2\/product_cat?post=740228"},{"taxonomy":"product_tag","embeddable":true,"href":"https:\/\/nextsnkr.com\/et\/wp-json\/wp\/v2\/product_tag?post=740228"}],"curies":[{"name":"wp","href":"https:\/\/api.w.org\/{rel}","templated":true}]}}