{"id":739500,"date":"2025-06-14T16:34:31","date_gmt":"2025-06-14T13:34:31","guid":{"rendered":"https:\/\/nextsnkr.com\/product\/ugg-neumel-platform-chestnut\/"},"modified":"2026-01-30T16:17:06","modified_gmt":"2026-01-30T13:17:06","slug":"ugg-neumel-platform-chestnut","status":"publish","type":"product","link":"https:\/\/nextsnkr.com\/et\/toode\/ugg-neumel-platform-chestnut\/","title":{"rendered":"Ugg Neumeli platvormi kastan &#8211; meeste seemisnahast platvormsaapad"},"content":{"rendered":"<h2>Ugg Neumeli platvormi kastan &#8211; meeste seemisnahast platvormsaapad<\/h2>\n<p>UGG Neumel Platform Chestnut saapad \u00fchendavad stiilse disaini ja maksimaalse mugavuse. Valmistatud kvaliteetsest seemisnahast ja looduslikust villast, pakuvad need k\u00fclmal aastaajal soojust ja pehmust. Platvorm lisab k\u00f5ndimisel kaasaegse ilme ja stabiilsuse. Mudel sobib ideaalselt igap\u00e4evaseks kandmiseks, jalutamiseks ja linnastiiliks. Hiinas toodetud need saapad on UGG kaubam\u00e4rgi vastupidavuse ja kvaliteediga. Valige UGG Neumel Platform Chestnut mugavuse ja elegantsi kombinatsiooni jaoks.<\/p>\n","protected":false},"excerpt":{"rendered":"<p>UGG Neumel Platform Chestnut saapad \u00fchendavad stiilse disaini ja maksimaalse mugavuse. Valmistatud kvaliteetsest seemisnahast ja looduslikust villast, pakuvad need k\u00fclmal aastaajal soojust ja pehmust. Platvorm lisab k\u00f5ndimisel kaasaegse ilme ja stabiilsuse. Mudel sobib ideaalselt igap\u00e4evaseks kandmiseks, jalutamiseks ja linnastiiliks. Hiinas toodetud need saapad on UGG kaubam\u00e4rgi vastupidavuse ja kvaliteediga. Valige UGG Neumel Platform Chestnut mugavuse ja elegantsi kombinatsiooni jaoks.<\/p>\n","protected":false},"featured_media":739501,"comment_status":"open","ping_status":"open","template":"","meta":[],"product_brand":[],"product_cat":[3406,3186],"product_tag":[],"class_list":{"0":"post-739500","1":"product","2":"type-product","3":"status-publish","4":"has-post-thumbnail","6":"product_cat-ugg","7":"product_cat-all-product","8":"pa_rozmir-910","9":"pa_rozmir-912","10":"pa_rozmir-914","11":"pa_rozmir-915","12":"pa_rozmir-916","13":"pa_rozmir-917","14":"pa_rozmir-918","15":"pa_rozmir-919","16":"pa_rozmir-920","17":"pa_rozmir-921","18":"pa_rozmir-922","20":"first","21":"onbackorder","22":"purchasable","23":"product-type-variable"},"_links":{"self":[{"href":"https:\/\/nextsnkr.com\/et\/wp-json\/wp\/v2\/product\/739500","targetHints":{"allow":["GET"]}}],"collection":[{"href":"https:\/\/nextsnkr.com\/et\/wp-json\/wp\/v2\/product"}],"about":[{"href":"https:\/\/nextsnkr.com\/et\/wp-json\/wp\/v2\/types\/product"}],"replies":[{"embeddable":true,"href":"https:\/\/nextsnkr.com\/et\/wp-json\/wp\/v2\/comments?post=739500"}],"version-history":[{"count":0,"href":"https:\/\/nextsnkr.com\/et\/wp-json\/wp\/v2\/product\/739500\/revisions"}],"wp:featuredmedia":[{"embeddable":true,"href":"https:\/\/nextsnkr.com\/et\/wp-json\/wp\/v2\/media\/739501"}],"wp:attachment":[{"href":"https:\/\/nextsnkr.com\/et\/wp-json\/wp\/v2\/media?parent=739500"}],"wp:term":[{"taxonomy":"product_brand","embeddable":true,"href":"https:\/\/nextsnkr.com\/et\/wp-json\/wp\/v2\/product_brand?post=739500"},{"taxonomy":"product_cat","embeddable":true,"href":"https:\/\/nextsnkr.com\/et\/wp-json\/wp\/v2\/product_cat?post=739500"},{"taxonomy":"product_tag","embeddable":true,"href":"https:\/\/nextsnkr.com\/et\/wp-json\/wp\/v2\/product_tag?post=739500"}],"curies":[{"name":"wp","href":"https:\/\/api.w.org\/{rel}","templated":true}]}}