{"id":739318,"date":"2025-06-14T16:35:05","date_gmt":"2025-06-14T13:35:05","guid":{"rendered":"https:\/\/nextsnkr.com\/product\/ugg-neumel-hybrid-khaki\/"},"modified":"2026-01-30T16:16:51","modified_gmt":"2026-01-30T13:16:51","slug":"ugg-neumel-hybrid-khaki","status":"publish","type":"product","link":"https:\/\/nextsnkr.com\/et\/toode\/ugg-neumel-hybrid-khaki\/","title":{"rendered":"UGG Neumel Hybrid Khaki Saapad-seemisnahast ja karusnahast talvesaapad"},"content":{"rendered":"<h2>UGG Neumel Hybrid Khaki Saapad-seemisnahast ja karusnahast talvesaapad<\/h2>\n<p>Stiilsed UGG Neumel Hybrid Khaki Saapad on valmistatud seemisnahast ja ehtsast karusnahast, et pakkuda k\u00fclmal aastaajal soojust, mugavust ja kulumiskindlust. Khaki mitmek\u00fclgne varjund muudab mudeli h\u00f5lpsasti kombineerituks mis tahes garderoobiga, r\u00f5hutades kaasaegset stiili. Vietnamis toodetud saapad \u00fchendavad esmaklassilise kvaliteedi, t\u00f6\u00f6kindluse ja mugava istuvuse. Ideaalne valik igap\u00e4evaseks kandmiseks, jalutamiseks ja aktiivseks puhkuseks k\u00fclmal aastaajal.<\/p>\n","protected":false},"excerpt":{"rendered":"<p>Stiilsed UGG Neumel Hybrid Khaki Saapad on valmistatud seemisnahast ja ehtsast karusnahast, et pakkuda k\u00fclmal aastaajal soojust, mugavust ja kulumiskindlust. Khaki mitmek\u00fclgne varjund muudab mudeli h\u00f5lpsasti kombineerituks mis tahes garderoobiga, r\u00f5hutades kaasaegset stiili. Vietnamis toodetud saapad \u00fchendavad esmaklassilise kvaliteedi, t\u00f6\u00f6kindluse ja mugava istuvuse. Ideaalne valik igap\u00e4evaseks kandmiseks, jalutamiseks ja aktiivseks puhkuseks k\u00fclmal aastaajal.<\/p>\n","protected":false},"featured_media":739319,"comment_status":"open","ping_status":"open","template":"","meta":[],"product_brand":[],"product_cat":[3406,3186],"product_tag":[],"class_list":{"0":"post-739318","1":"product","2":"type-product","3":"status-publish","4":"has-post-thumbnail","6":"product_cat-ugg","7":"product_cat-all-product","8":"pa_rozmir-910","9":"pa_rozmir-912","10":"pa_rozmir-914","11":"pa_rozmir-915","12":"pa_rozmir-916","13":"pa_rozmir-917","14":"pa_rozmir-918","15":"pa_rozmir-919","16":"pa_rozmir-920","17":"pa_rozmir-921","18":"pa_rozmir-922","20":"first","21":"onbackorder","22":"purchasable","23":"product-type-variable"},"_links":{"self":[{"href":"https:\/\/nextsnkr.com\/et\/wp-json\/wp\/v2\/product\/739318","targetHints":{"allow":["GET"]}}],"collection":[{"href":"https:\/\/nextsnkr.com\/et\/wp-json\/wp\/v2\/product"}],"about":[{"href":"https:\/\/nextsnkr.com\/et\/wp-json\/wp\/v2\/types\/product"}],"replies":[{"embeddable":true,"href":"https:\/\/nextsnkr.com\/et\/wp-json\/wp\/v2\/comments?post=739318"}],"version-history":[{"count":0,"href":"https:\/\/nextsnkr.com\/et\/wp-json\/wp\/v2\/product\/739318\/revisions"}],"wp:featuredmedia":[{"embeddable":true,"href":"https:\/\/nextsnkr.com\/et\/wp-json\/wp\/v2\/media\/739319"}],"wp:attachment":[{"href":"https:\/\/nextsnkr.com\/et\/wp-json\/wp\/v2\/media?parent=739318"}],"wp:term":[{"taxonomy":"product_brand","embeddable":true,"href":"https:\/\/nextsnkr.com\/et\/wp-json\/wp\/v2\/product_brand?post=739318"},{"taxonomy":"product_cat","embeddable":true,"href":"https:\/\/nextsnkr.com\/et\/wp-json\/wp\/v2\/product_cat?post=739318"},{"taxonomy":"product_tag","embeddable":true,"href":"https:\/\/nextsnkr.com\/et\/wp-json\/wp\/v2\/product_tag?post=739318"}],"curies":[{"name":"wp","href":"https:\/\/api.w.org\/{rel}","templated":true}]}}