{"id":738772,"date":"2025-06-14T16:37:02","date_gmt":"2025-06-14T13:37:02","guid":{"rendered":"https:\/\/nextsnkr.com\/product\/ugg-classic-ultra-mini-platform-xl-grey\/"},"modified":"2026-01-30T16:16:26","modified_gmt":"2026-01-30T13:16:26","slug":"ugg-classic-ultra-mini-platform-xl-grey","status":"publish","type":"product","link":"https:\/\/nextsnkr.com\/et\/toode\/ugg-classic-ultra-mini-platform-xl-grey\/","title":{"rendered":"Ugg Classic Ultra Mini Platform XL Grey-seemisnahast naiste karusnahast uggs"},"content":{"rendered":"<h2>Ugg Classic Ultra Mini Platform XL Grey-seemisnahast naiste karusnahast uggs<\/h2>\n<p>Ugg Classic Ultra Mini Platform XL Grey-moodsad naiste uggid, mis on valmistatud looduslikust seemisnahast ja pehmest karusnahast, pakkudes k\u00fclmal aastaajal soojust ja mugavust. Mudelil on platvorm t\u00e4iendava pehmenduse jaoks ja stiilne grafiithall varjund, mis sobib h\u00f5lpsalt mis tahes juhusliku v\u00e4limusega. Valmistatud Vietnamis, \u00fchendavad need UGG br\u00e4ndi esmaklassilist kvaliteeti, vastupidavust ja legendaarset stiili, muutes need ideaalseks valikuks igap\u00e4evaseks kandmiseks.<\/p>\n","protected":false},"excerpt":{"rendered":"<p>Ugg Classic Ultra Mini Platform XL Grey-moodsad naiste uggid, mis on valmistatud looduslikust seemisnahast ja pehmest karusnahast, pakkudes k\u00fclmal aastaajal soojust ja mugavust. Mudelil on platvorm t\u00e4iendava pehmenduse jaoks ja stiilne grafiithall varjund, mis sobib h\u00f5lpsalt mis tahes juhusliku v\u00e4limusega. Valmistatud Vietnamis, \u00fchendavad need UGG br\u00e4ndi esmaklassilist kvaliteeti, vastupidavust ja legendaarset stiili, muutes need ideaalseks valikuks igap\u00e4evaseks kandmiseks.<\/p>\n","protected":false},"featured_media":738773,"comment_status":"open","ping_status":"open","template":"","meta":[],"product_brand":[],"product_cat":[3406,3186],"product_tag":[],"class_list":{"0":"post-738772","1":"product","2":"type-product","3":"status-publish","4":"has-post-thumbnail","6":"product_cat-ugg","7":"product_cat-all-product","8":"pa_rozmir-910","9":"pa_rozmir-912","10":"pa_rozmir-914","11":"pa_rozmir-915","12":"pa_rozmir-916","13":"pa_rozmir-917","14":"pa_rozmir-918","15":"pa_rozmir-919","16":"pa_rozmir-920","17":"pa_rozmir-921","18":"pa_rozmir-922","20":"first","21":"onbackorder","22":"purchasable","23":"product-type-variable"},"_links":{"self":[{"href":"https:\/\/nextsnkr.com\/et\/wp-json\/wp\/v2\/product\/738772","targetHints":{"allow":["GET"]}}],"collection":[{"href":"https:\/\/nextsnkr.com\/et\/wp-json\/wp\/v2\/product"}],"about":[{"href":"https:\/\/nextsnkr.com\/et\/wp-json\/wp\/v2\/types\/product"}],"replies":[{"embeddable":true,"href":"https:\/\/nextsnkr.com\/et\/wp-json\/wp\/v2\/comments?post=738772"}],"version-history":[{"count":0,"href":"https:\/\/nextsnkr.com\/et\/wp-json\/wp\/v2\/product\/738772\/revisions"}],"wp:featuredmedia":[{"embeddable":true,"href":"https:\/\/nextsnkr.com\/et\/wp-json\/wp\/v2\/media\/738773"}],"wp:attachment":[{"href":"https:\/\/nextsnkr.com\/et\/wp-json\/wp\/v2\/media?parent=738772"}],"wp:term":[{"taxonomy":"product_brand","embeddable":true,"href":"https:\/\/nextsnkr.com\/et\/wp-json\/wp\/v2\/product_brand?post=738772"},{"taxonomy":"product_cat","embeddable":true,"href":"https:\/\/nextsnkr.com\/et\/wp-json\/wp\/v2\/product_cat?post=738772"},{"taxonomy":"product_tag","embeddable":true,"href":"https:\/\/nextsnkr.com\/et\/wp-json\/wp\/v2\/product_tag?post=738772"}],"curies":[{"name":"wp","href":"https:\/\/api.w.org\/{rel}","templated":true}]}}