{"id":738044,"date":"2025-06-14T16:39:32","date_gmt":"2025-06-14T13:39:32","guid":{"rendered":"https:\/\/nextsnkr.com\/product\/dr-martens-jadon-audrick-black-khutro\/"},"modified":"2026-01-30T16:15:59","modified_gmt":"2026-01-30T13:15:59","slug":"dr-martens-jadon-audrick-black-khutro","status":"publish","type":"product","link":"https:\/\/nextsnkr.com\/et\/toode\/dr-martens-jadon-audrick-black-khutro\/","title":{"rendered":"Saapad Dr. Martens Jadon Audrick Black-nahk karusnahaga"},"content":{"rendered":"<h2>Saapad Dr. Martens Jadon Audrick Black-nahk karusnahaga<\/h2>\n<p>Saapad Dr. Martens Jadon Audrick Black on valmistatud kvaliteetsest nahast ja soojustatud pehme karusnahaga, mis tagab maksimaalse mugavuse ja soojuse k\u00fclmal aastaajal. Mudel \u00fchendab vastupidavuse, stiilse musta v\u00e4rvi ja ikoonilise Dr. Martens, r\u00f5hutades individuaalsust. Usaldusv\u00e4\u00e4rne tald ja nutikas disain muudavad need ideaalseks igap\u00e4evaseks kandmiseks. Praktiline ja moodne valik neile, kes hindavad kvaliteeti ja stiili.<\/p>\n","protected":false},"excerpt":{"rendered":"<p>Saapad Dr. Martens Jadon Audrick Black on valmistatud kvaliteetsest nahast ja soojustatud pehme karusnahaga, mis tagab maksimaalse mugavuse ja soojuse k\u00fclmal aastaajal. Mudel \u00fchendab vastupidavuse, stiilse musta v\u00e4rvi ja ikoonilise Dr. Martens, r\u00f5hutades individuaalsust. Usaldusv\u00e4\u00e4rne tald ja nutikas disain muudavad need ideaalseks igap\u00e4evaseks kandmiseks. Praktiline ja moodne valik neile, kes hindavad kvaliteeti ja stiili.<\/p>\n","protected":false},"featured_media":738045,"comment_status":"open","ping_status":"open","template":"","meta":[],"product_brand":[2398],"product_cat":[3615,3186,3330],"product_tag":[],"class_list":{"0":"post-738044","1":"product","2":"type-product","3":"status-publish","4":"has-post-thumbnail","6":"product_brand-dr-martens","7":"product_cat-dr-martens","8":"product_cat-all-product","9":"product_cat-cherevyky","10":"pa_rozmir-910","11":"pa_rozmir-912","12":"pa_rozmir-914","13":"pa_rozmir-915","14":"pa_rozmir-916","15":"pa_rozmir-917","16":"pa_rozmir-918","17":"pa_rozmir-919","18":"pa_rozmir-920","19":"pa_rozmir-921","20":"pa_rozmir-922","22":"first","23":"instock","24":"purchasable","25":"product-type-variable"},"_links":{"self":[{"href":"https:\/\/nextsnkr.com\/et\/wp-json\/wp\/v2\/product\/738044","targetHints":{"allow":["GET"]}}],"collection":[{"href":"https:\/\/nextsnkr.com\/et\/wp-json\/wp\/v2\/product"}],"about":[{"href":"https:\/\/nextsnkr.com\/et\/wp-json\/wp\/v2\/types\/product"}],"replies":[{"embeddable":true,"href":"https:\/\/nextsnkr.com\/et\/wp-json\/wp\/v2\/comments?post=738044"}],"version-history":[{"count":0,"href":"https:\/\/nextsnkr.com\/et\/wp-json\/wp\/v2\/product\/738044\/revisions"}],"wp:featuredmedia":[{"embeddable":true,"href":"https:\/\/nextsnkr.com\/et\/wp-json\/wp\/v2\/media\/738045"}],"wp:attachment":[{"href":"https:\/\/nextsnkr.com\/et\/wp-json\/wp\/v2\/media?parent=738044"}],"wp:term":[{"taxonomy":"product_brand","embeddable":true,"href":"https:\/\/nextsnkr.com\/et\/wp-json\/wp\/v2\/product_brand?post=738044"},{"taxonomy":"product_cat","embeddable":true,"href":"https:\/\/nextsnkr.com\/et\/wp-json\/wp\/v2\/product_cat?post=738044"},{"taxonomy":"product_tag","embeddable":true,"href":"https:\/\/nextsnkr.com\/et\/wp-json\/wp\/v2\/product_tag?post=738044"}],"curies":[{"name":"wp","href":"https:\/\/api.w.org\/{rel}","templated":true}]}}