{"id":737316,"date":"2025-06-14T16:41:50","date_gmt":"2025-06-14T13:41:50","guid":{"rendered":"https:\/\/nextsnkr.com\/product\/no-brand-orange-art-015\/"},"modified":"2026-01-30T16:15:31","modified_gmt":"2026-01-30T13:15:31","slug":"no-brand-orange-art-015","status":"publish","type":"product","link":"https:\/\/nextsnkr.com\/et\/toode\/no-brand-orange-art-015\/","title":{"rendered":"No Brand Orange saapad-tekstiilist stiilsed s\u00fcgissaapad"},"content":{"rendered":"<h2>No Brand Orange saapad-tekstiilist stiilsed s\u00fcgissaapad<\/h2>\n<p>No Brand Orange, Art 015 saapad on valmistatud vastupidavast tekstiilist, mis tagab kerguse, mugavuse ja vastupidavuse. Hele oran\u017e v\u00e4rv muudab mudeli meeldej\u00e4\u00e4vaks ja moes, samas kui klassikaline stiil sobib igap\u00e4evaseks kandmiseks s\u00fcgisel ja kevadel. Mugav tald tagab pehmenduse ja jala toe kogu p\u00e4eva jooksul. Praktiline, stiilne ja mugav on suurep\u00e4rane valik neile, kes hindavad erksa disaini ja funktsionaalsuse kombinatsiooni.<\/p>\n","protected":false},"excerpt":{"rendered":"<p>No Brand Orange, Art 015 saapad on valmistatud vastupidavast tekstiilist, mis tagab kerguse, mugavuse ja vastupidavuse. Hele oran\u017e v\u00e4rv muudab mudeli meeldej\u00e4\u00e4vaks ja moes, samas kui klassikaline stiil sobib igap\u00e4evaseks kandmiseks s\u00fcgisel ja kevadel. Mugav tald tagab pehmenduse ja jala toe kogu p\u00e4eva jooksul. Praktiline, stiilne ja mugav on suurep\u00e4rane valik neile, kes hindavad erksa disaini ja funktsionaalsuse kombinatsiooni.<\/p>\n","protected":false},"featured_media":737317,"comment_status":"open","ping_status":"open","template":"","meta":[],"product_brand":[],"product_cat":[3186,3330],"product_tag":[],"class_list":{"0":"post-737316","1":"product","2":"type-product","3":"status-publish","4":"has-post-thumbnail","6":"product_cat-all-product","7":"product_cat-cherevyky","8":"pa_rozmir-910","9":"pa_rozmir-912","10":"pa_rozmir-914","11":"pa_rozmir-915","12":"pa_rozmir-916","13":"pa_rozmir-917","14":"pa_rozmir-918","15":"pa_rozmir-919","16":"pa_rozmir-920","17":"pa_rozmir-921","18":"pa_rozmir-922","20":"first","21":"instock","22":"purchasable","23":"product-type-variable"},"_links":{"self":[{"href":"https:\/\/nextsnkr.com\/et\/wp-json\/wp\/v2\/product\/737316","targetHints":{"allow":["GET"]}}],"collection":[{"href":"https:\/\/nextsnkr.com\/et\/wp-json\/wp\/v2\/product"}],"about":[{"href":"https:\/\/nextsnkr.com\/et\/wp-json\/wp\/v2\/types\/product"}],"replies":[{"embeddable":true,"href":"https:\/\/nextsnkr.com\/et\/wp-json\/wp\/v2\/comments?post=737316"}],"version-history":[{"count":0,"href":"https:\/\/nextsnkr.com\/et\/wp-json\/wp\/v2\/product\/737316\/revisions"}],"wp:featuredmedia":[{"embeddable":true,"href":"https:\/\/nextsnkr.com\/et\/wp-json\/wp\/v2\/media\/737317"}],"wp:attachment":[{"href":"https:\/\/nextsnkr.com\/et\/wp-json\/wp\/v2\/media?parent=737316"}],"wp:term":[{"taxonomy":"product_brand","embeddable":true,"href":"https:\/\/nextsnkr.com\/et\/wp-json\/wp\/v2\/product_brand?post=737316"},{"taxonomy":"product_cat","embeddable":true,"href":"https:\/\/nextsnkr.com\/et\/wp-json\/wp\/v2\/product_cat?post=737316"},{"taxonomy":"product_tag","embeddable":true,"href":"https:\/\/nextsnkr.com\/et\/wp-json\/wp\/v2\/product_tag?post=737316"}],"curies":[{"name":"wp","href":"https:\/\/api.w.org\/{rel}","templated":true}]}}