{"id":737134,"date":"2025-06-14T16:42:19","date_gmt":"2025-06-14T13:42:19","guid":{"rendered":"https:\/\/nextsnkr.com\/product\/no-brand-bordo-art-009\/"},"modified":"2026-01-30T16:15:16","modified_gmt":"2026-01-30T13:15:16","slug":"no-brand-bordo-art-009","status":"publish","type":"product","link":"https:\/\/nextsnkr.com\/et\/toode\/no-brand-bordo-art-009\/","title":{"rendered":"Bordo No Brand nahast saapad-stiilne ja mugav igap\u00e4evaseks kandmiseks"},"content":{"rendered":"<h2>Bordo No Brand nahast saapad-stiilne ja mugav igap\u00e4evaseks kandmiseks<\/h2>\n<p>No Brand Bordo saapad, kunst. 009 on valmistatud ehtsast nahast, mis tagab vastupidavuse, mugavuse ja esmaklassilise v\u00e4limuse. Mudelil on klassikaline disain ja rikkalik Burgundia v\u00e4rv, mida on lihtne kombineerida erinevate garderoobidega. Mugav padi ja vastupidav tald muudavad need saapad ideaalseks valikuks igap\u00e4evaseks kandmiseks ja linnas\u00f5iduks. Valmistatud Vietnamis, \u00fchendavad need kvaliteedi, stiili ja praktilisuse.<\/p>\n","protected":false},"excerpt":{"rendered":"<p>No Brand Bordo saapad, kunst. 009 on valmistatud ehtsast nahast, mis tagab vastupidavuse, mugavuse ja esmaklassilise v\u00e4limuse. Mudelil on klassikaline disain ja rikkalik Burgundia v\u00e4rv, mida on lihtne kombineerida erinevate garderoobidega. Mugav padi ja vastupidav tald muudavad need saapad ideaalseks valikuks igap\u00e4evaseks kandmiseks ja linnas\u00f5iduks. Valmistatud Vietnamis, \u00fchendavad need kvaliteedi, stiili ja praktilisuse.<\/p>\n","protected":false},"featured_media":737135,"comment_status":"open","ping_status":"open","template":"","meta":[],"product_brand":[],"product_cat":[3186,3330],"product_tag":[],"class_list":{"0":"post-737134","1":"product","2":"type-product","3":"status-publish","4":"has-post-thumbnail","6":"product_cat-all-product","7":"product_cat-cherevyky","8":"pa_rozmir-910","9":"pa_rozmir-912","10":"pa_rozmir-914","11":"pa_rozmir-915","12":"pa_rozmir-916","13":"pa_rozmir-917","14":"pa_rozmir-918","15":"pa_rozmir-919","16":"pa_rozmir-920","17":"pa_rozmir-921","18":"pa_rozmir-922","20":"first","21":"instock","22":"purchasable","23":"product-type-variable"},"_links":{"self":[{"href":"https:\/\/nextsnkr.com\/et\/wp-json\/wp\/v2\/product\/737134","targetHints":{"allow":["GET"]}}],"collection":[{"href":"https:\/\/nextsnkr.com\/et\/wp-json\/wp\/v2\/product"}],"about":[{"href":"https:\/\/nextsnkr.com\/et\/wp-json\/wp\/v2\/types\/product"}],"replies":[{"embeddable":true,"href":"https:\/\/nextsnkr.com\/et\/wp-json\/wp\/v2\/comments?post=737134"}],"version-history":[{"count":0,"href":"https:\/\/nextsnkr.com\/et\/wp-json\/wp\/v2\/product\/737134\/revisions"}],"wp:featuredmedia":[{"embeddable":true,"href":"https:\/\/nextsnkr.com\/et\/wp-json\/wp\/v2\/media\/737135"}],"wp:attachment":[{"href":"https:\/\/nextsnkr.com\/et\/wp-json\/wp\/v2\/media?parent=737134"}],"wp:term":[{"taxonomy":"product_brand","embeddable":true,"href":"https:\/\/nextsnkr.com\/et\/wp-json\/wp\/v2\/product_brand?post=737134"},{"taxonomy":"product_cat","embeddable":true,"href":"https:\/\/nextsnkr.com\/et\/wp-json\/wp\/v2\/product_cat?post=737134"},{"taxonomy":"product_tag","embeddable":true,"href":"https:\/\/nextsnkr.com\/et\/wp-json\/wp\/v2\/product_tag?post=737134"}],"curies":[{"name":"wp","href":"https:\/\/api.w.org\/{rel}","templated":true}]}}