{"id":736406,"date":"2025-06-14T16:44:39","date_gmt":"2025-06-14T13:44:39","guid":{"rendered":"https:\/\/nextsnkr.com\/product\/no-brand-white-art-010\/"},"modified":"2026-01-30T16:14:50","modified_gmt":"2026-01-30T13:14:50","slug":"no-brand-white-art-010","status":"publish","type":"product","link":"https:\/\/nextsnkr.com\/et\/toode\/no-brand-white-art-010\/","title":{"rendered":"No Brand White saapad-naiste nahast kingad, stiil ja mugavus"},"content":{"rendered":"<h2>No Brand White saapad-naiste nahast kingad, stiil ja mugavus<\/h2>\n<p>No brand White saapad on valmistatud ehtsast nahast, mis tagab vastupidavuse, mugava istuvuse ja kaitse k\u00fclma eest. Elegantne valge v\u00e4rv lisab modernsust ja mitmek\u00fclgsust, seda on lihtne kombineerida mis tahes garderoobiga. Tugev tald tagab usaldusv\u00e4\u00e4rse k\u00f5ndimise linnas ja v\u00e4ljaspool seda. Vietnamis toodetud saapad \u00fchendavad kvaliteedi, stiili ja praktilisuse, muutes need ideaalseks valikuks igap\u00e4evaseks kandmiseks k\u00fclmal ajal.<\/p>\n","protected":false},"excerpt":{"rendered":"<p>No brand White saapad on valmistatud ehtsast nahast, mis tagab vastupidavuse, mugava istuvuse ja kaitse k\u00fclma eest. Elegantne valge v\u00e4rv lisab modernsust ja mitmek\u00fclgsust, seda on lihtne kombineerida mis tahes garderoobiga. Tugev tald tagab usaldusv\u00e4\u00e4rse k\u00f5ndimise linnas ja v\u00e4ljaspool seda. Vietnamis toodetud saapad \u00fchendavad kvaliteedi, stiili ja praktilisuse, muutes need ideaalseks valikuks igap\u00e4evaseks kandmiseks k\u00fclmal ajal.<\/p>\n","protected":false},"featured_media":736407,"comment_status":"open","ping_status":"open","template":"","meta":[],"product_brand":[],"product_cat":[3186,3330],"product_tag":[],"class_list":{"0":"post-736406","1":"product","2":"type-product","3":"status-publish","4":"has-post-thumbnail","6":"product_cat-all-product","7":"product_cat-cherevyky","8":"pa_rozmir-910","9":"pa_rozmir-912","10":"pa_rozmir-914","11":"pa_rozmir-915","12":"pa_rozmir-916","13":"pa_rozmir-917","14":"pa_rozmir-918","15":"pa_rozmir-919","16":"pa_rozmir-920","17":"pa_rozmir-921","18":"pa_rozmir-922","20":"first","21":"instock","22":"purchasable","23":"product-type-variable"},"_links":{"self":[{"href":"https:\/\/nextsnkr.com\/et\/wp-json\/wp\/v2\/product\/736406","targetHints":{"allow":["GET"]}}],"collection":[{"href":"https:\/\/nextsnkr.com\/et\/wp-json\/wp\/v2\/product"}],"about":[{"href":"https:\/\/nextsnkr.com\/et\/wp-json\/wp\/v2\/types\/product"}],"replies":[{"embeddable":true,"href":"https:\/\/nextsnkr.com\/et\/wp-json\/wp\/v2\/comments?post=736406"}],"version-history":[{"count":0,"href":"https:\/\/nextsnkr.com\/et\/wp-json\/wp\/v2\/product\/736406\/revisions"}],"wp:featuredmedia":[{"embeddable":true,"href":"https:\/\/nextsnkr.com\/et\/wp-json\/wp\/v2\/media\/736407"}],"wp:attachment":[{"href":"https:\/\/nextsnkr.com\/et\/wp-json\/wp\/v2\/media?parent=736406"}],"wp:term":[{"taxonomy":"product_brand","embeddable":true,"href":"https:\/\/nextsnkr.com\/et\/wp-json\/wp\/v2\/product_brand?post=736406"},{"taxonomy":"product_cat","embeddable":true,"href":"https:\/\/nextsnkr.com\/et\/wp-json\/wp\/v2\/product_cat?post=736406"},{"taxonomy":"product_tag","embeddable":true,"href":"https:\/\/nextsnkr.com\/et\/wp-json\/wp\/v2\/product_tag?post=736406"}],"curies":[{"name":"wp","href":"https:\/\/api.w.org\/{rel}","templated":true}]}}