{"id":735325,"date":"2025-06-14T16:48:10","date_gmt":"2025-06-14T13:48:10","guid":{"rendered":"https:\/\/nextsnkr.com\/product\/no-brand-yellow-art-025\/"},"modified":"2026-01-30T16:14:03","modified_gmt":"2026-01-30T13:14:03","slug":"no-brand-yellow-art-025","status":"publish","type":"product","link":"https:\/\/nextsnkr.com\/et\/toode\/no-brand-yellow-art-025\/","title":{"rendered":"No Brand Yellow sussid-kerged kollased vahtmaterjalist sussid"},"content":{"rendered":"<h2>No Brand Yellow sussid-kerged kollased vahtmaterjalist sussid<\/h2>\n<p>Sussid No Brand Yellow, Art. 025-mugavad ja kerged Sussid, mis on valmistatud pehmest vahtmaterjalist. Need pakuvad jalgadele mugavust ja soojust, sobivad ideaalselt igap\u00e4evaseks kasutamiseks kodus. Hele kollane v\u00e4rv lisab interj\u00f6\u00f6rile r\u00f5\u00f5msat aktsenti ja t\u00f5stab meeleolu. Kerge tald tagab mugavuse k\u00f5ndimise ajal ja Hiina tootja kvaliteetne j\u00f5udlus tagab vastupidavuse. Valige No Brand Yellow hubasuse ja mugavuse tagamiseks iga p\u00e4ev.<\/p>\n","protected":false},"excerpt":{"rendered":"<p>Sussid No Brand Yellow, Art. 025-mugavad ja kerged Sussid, mis on valmistatud pehmest vahtmaterjalist. Need pakuvad jalgadele mugavust ja soojust, sobivad ideaalselt igap\u00e4evaseks kasutamiseks kodus. Hele kollane v\u00e4rv lisab interj\u00f6\u00f6rile r\u00f5\u00f5msat aktsenti ja t\u00f5stab meeleolu. Kerge tald tagab mugavuse k\u00f5ndimise ajal ja Hiina tootja kvaliteetne j\u00f5udlus tagab vastupidavuse. Valige No Brand Yellow hubasuse ja mugavuse tagamiseks iga p\u00e4ev.<\/p>\n","protected":false},"featured_media":735326,"comment_status":"open","ping_status":"open","template":"","meta":[],"product_brand":[],"product_cat":[3186,3419],"product_tag":[],"class_list":{"0":"post-735325","1":"product","2":"type-product","3":"status-publish","4":"has-post-thumbnail","6":"product_cat-all-product","7":"product_cat-shlopantsi","8":"pa_rozmir-910","9":"pa_rozmir-912","10":"pa_rozmir-914","11":"pa_rozmir-915","12":"pa_rozmir-916","13":"pa_rozmir-917","14":"pa_rozmir-918","15":"pa_rozmir-919","16":"pa_rozmir-920","17":"pa_rozmir-921","18":"pa_rozmir-922","20":"first","21":"instock","22":"purchasable","23":"product-type-variable"},"_links":{"self":[{"href":"https:\/\/nextsnkr.com\/et\/wp-json\/wp\/v2\/product\/735325","targetHints":{"allow":["GET"]}}],"collection":[{"href":"https:\/\/nextsnkr.com\/et\/wp-json\/wp\/v2\/product"}],"about":[{"href":"https:\/\/nextsnkr.com\/et\/wp-json\/wp\/v2\/types\/product"}],"replies":[{"embeddable":true,"href":"https:\/\/nextsnkr.com\/et\/wp-json\/wp\/v2\/comments?post=735325"}],"version-history":[{"count":0,"href":"https:\/\/nextsnkr.com\/et\/wp-json\/wp\/v2\/product\/735325\/revisions"}],"wp:featuredmedia":[{"embeddable":true,"href":"https:\/\/nextsnkr.com\/et\/wp-json\/wp\/v2\/media\/735326"}],"wp:attachment":[{"href":"https:\/\/nextsnkr.com\/et\/wp-json\/wp\/v2\/media?parent=735325"}],"wp:term":[{"taxonomy":"product_brand","embeddable":true,"href":"https:\/\/nextsnkr.com\/et\/wp-json\/wp\/v2\/product_brand?post=735325"},{"taxonomy":"product_cat","embeddable":true,"href":"https:\/\/nextsnkr.com\/et\/wp-json\/wp\/v2\/product_cat?post=735325"},{"taxonomy":"product_tag","embeddable":true,"href":"https:\/\/nextsnkr.com\/et\/wp-json\/wp\/v2\/product_tag?post=735325"}],"curies":[{"name":"wp","href":"https:\/\/api.w.org\/{rel}","templated":true}]}}