{"id":734480,"date":"2025-06-14T19:51:21","date_gmt":"2025-06-14T16:51:21","guid":{"rendered":"https:\/\/nextsnkr.com\/product\/jordan-1-grey\/"},"modified":"2026-01-30T16:13:20","modified_gmt":"2026-01-30T13:13:20","slug":"jordan-1-grey","status":"publish","type":"product","link":"https:\/\/nextsnkr.com\/et\/toode\/jordan-1-grey\/","title":{"rendered":"Jordan 1 Grey tossud &#8211; stiilsed k\u00f5rged hallid tossud"},"content":{"rendered":"<h2>Jordan 1 Grey tossud &#8211; stiilsed k\u00f5rged hallid tossud<\/h2>\n<p>Jordan 1 Grey tossud on klassikalised k\u00f5rged tossud, mis \u00fchendavad stiili ja mugavuse igap\u00e4evaseks kandmiseks. Mudel on valmistatud kvaliteetsetest materjalidest, mis tagavad jala tugevuse ja mugava maandumise. Hall v\u00e4rv muudab tossud mitmek\u00fclgseks, h\u00f5lpsasti kombineeritavaks mis tahes igap\u00e4evase v\u00f5i sportliku v\u00e4limusega. Ideaalne aktiivseks linnaeluks ja moodsate piltide loomiseks. Valige Jordan 1 Grey, et \u00fchendada kaasaegne stiil, mugavus ja trendikas disain.<\/p>\n","protected":false},"excerpt":{"rendered":"<p>Jordan 1 Grey tossud on klassikalised k\u00f5rged tossud, mis \u00fchendavad stiili ja mugavuse igap\u00e4evaseks kandmiseks. Mudel on valmistatud kvaliteetsetest materjalidest, mis tagavad jala tugevuse ja mugava maandumise. Hall v\u00e4rv muudab tossud mitmek\u00fclgseks, h\u00f5lpsasti kombineeritavaks mis tahes igap\u00e4evase v\u00f5i sportliku v\u00e4limusega. Ideaalne aktiivseks linnaeluks ja moodsate piltide loomiseks. Valige Jordan 1 Grey, et \u00fchendada kaasaegne stiil, mugavus ja trendikas disain.<\/p>\n","protected":false},"featured_media":734481,"comment_status":"open","ping_status":"open","template":"","meta":[],"product_brand":[],"product_cat":[3382,3186,3317],"product_tag":[],"class_list":{"0":"post-734480","1":"product","2":"type-product","3":"status-publish","4":"has-post-thumbnail","6":"product_cat-nike-jordan","7":"product_cat-all-product","8":"product_cat-kedy","9":"pa_rozmir-910","10":"pa_rozmir-912","11":"pa_rozmir-914","12":"pa_rozmir-915","13":"pa_rozmir-916","14":"pa_rozmir-917","15":"pa_rozmir-918","16":"pa_rozmir-919","17":"pa_rozmir-920","18":"pa_rozmir-921","19":"pa_rozmir-922","21":"first","22":"instock","23":"purchasable","24":"product-type-variable"},"_links":{"self":[{"href":"https:\/\/nextsnkr.com\/et\/wp-json\/wp\/v2\/product\/734480","targetHints":{"allow":["GET"]}}],"collection":[{"href":"https:\/\/nextsnkr.com\/et\/wp-json\/wp\/v2\/product"}],"about":[{"href":"https:\/\/nextsnkr.com\/et\/wp-json\/wp\/v2\/types\/product"}],"replies":[{"embeddable":true,"href":"https:\/\/nextsnkr.com\/et\/wp-json\/wp\/v2\/comments?post=734480"}],"version-history":[{"count":0,"href":"https:\/\/nextsnkr.com\/et\/wp-json\/wp\/v2\/product\/734480\/revisions"}],"wp:featuredmedia":[{"embeddable":true,"href":"https:\/\/nextsnkr.com\/et\/wp-json\/wp\/v2\/media\/734481"}],"wp:attachment":[{"href":"https:\/\/nextsnkr.com\/et\/wp-json\/wp\/v2\/media?parent=734480"}],"wp:term":[{"taxonomy":"product_brand","embeddable":true,"href":"https:\/\/nextsnkr.com\/et\/wp-json\/wp\/v2\/product_brand?post=734480"},{"taxonomy":"product_cat","embeddable":true,"href":"https:\/\/nextsnkr.com\/et\/wp-json\/wp\/v2\/product_cat?post=734480"},{"taxonomy":"product_tag","embeddable":true,"href":"https:\/\/nextsnkr.com\/et\/wp-json\/wp\/v2\/product_tag?post=734480"}],"curies":[{"name":"wp","href":"https:\/\/api.w.org\/{rel}","templated":true}]}}