{"id":734131,"date":"2025-06-14T19:52:55","date_gmt":"2025-06-14T16:52:55","guid":{"rendered":"https:\/\/nextsnkr.com\/product\/air-jordan-1-low-light-smoke-grey\/"},"modified":"2026-01-30T16:13:11","modified_gmt":"2026-01-30T13:13:11","slug":"air-jordan-1-low-light-smoke-grey","status":"publish","type":"product","link":"https:\/\/nextsnkr.com\/et\/toode\/air-jordan-1-low-light-smoke-grey\/","title":{"rendered":"Air Jordan 1 Low Light Smoke Grey ehtsast nahast tossud"},"content":{"rendered":"<h2>Air Jordan 1 Low Light Smoke Grey ehtsast nahast tossud<\/h2>\n<p>Air Jordan 1 Low Light Smoke Grey \u2014 stiilsed ja mitmek\u00fclgsed ehtsast nahast tossud, mis \u00fchendavad mugavuse, vastupidavuse ja esmaklassilise v\u00e4limuse. Helehall toon lisab elegantsi ja on h\u00f5lpsasti kombineeritav erineva garderoobiga. Tugev tald tagab pehmenduse ja stabiilsuse igap\u00e4evase kandmise ajal. Vietnamis toodetud need Air Jordani tossud sobivad ideaalselt neile, kes hindavad kaubam\u00e4rki, kaasaegset disaini ja mugavust vabaaja stiilis.<\/p>\n","protected":false},"excerpt":{"rendered":"<p>Air Jordan 1 Low Light Smoke Grey \u2014 stiilsed ja mitmek\u00fclgsed ehtsast nahast tossud, mis \u00fchendavad mugavuse, vastupidavuse ja esmaklassilise v\u00e4limuse. Helehall toon lisab elegantsi ja on h\u00f5lpsasti kombineeritav erineva garderoobiga. Tugev tald tagab pehmenduse ja stabiilsuse igap\u00e4evase kandmise ajal. Vietnamis toodetud need Air Jordani tossud sobivad ideaalselt neile, kes hindavad kaubam\u00e4rki, kaasaegset disaini ja mugavust vabaaja stiilis.<\/p>\n","protected":false},"featured_media":734132,"comment_status":"open","ping_status":"open","template":"","meta":[],"product_brand":[],"product_cat":[3382,3186,3317],"product_tag":[],"class_list":{"0":"post-734131","1":"product","2":"type-product","3":"status-publish","4":"has-post-thumbnail","6":"product_cat-nike-jordan","7":"product_cat-all-product","8":"product_cat-kedy","9":"pa_rozmir-910","10":"pa_rozmir-912","11":"pa_rozmir-914","12":"pa_rozmir-915","13":"pa_rozmir-916","14":"pa_rozmir-917","15":"pa_rozmir-918","16":"pa_rozmir-919","17":"pa_rozmir-920","18":"pa_rozmir-921","19":"pa_rozmir-922","21":"first","22":"instock","23":"purchasable","24":"product-type-variable"},"_links":{"self":[{"href":"https:\/\/nextsnkr.com\/et\/wp-json\/wp\/v2\/product\/734131","targetHints":{"allow":["GET"]}}],"collection":[{"href":"https:\/\/nextsnkr.com\/et\/wp-json\/wp\/v2\/product"}],"about":[{"href":"https:\/\/nextsnkr.com\/et\/wp-json\/wp\/v2\/types\/product"}],"replies":[{"embeddable":true,"href":"https:\/\/nextsnkr.com\/et\/wp-json\/wp\/v2\/comments?post=734131"}],"version-history":[{"count":0,"href":"https:\/\/nextsnkr.com\/et\/wp-json\/wp\/v2\/product\/734131\/revisions"}],"wp:featuredmedia":[{"embeddable":true,"href":"https:\/\/nextsnkr.com\/et\/wp-json\/wp\/v2\/media\/734132"}],"wp:attachment":[{"href":"https:\/\/nextsnkr.com\/et\/wp-json\/wp\/v2\/media?parent=734131"}],"wp:term":[{"taxonomy":"product_brand","embeddable":true,"href":"https:\/\/nextsnkr.com\/et\/wp-json\/wp\/v2\/product_brand?post=734131"},{"taxonomy":"product_cat","embeddable":true,"href":"https:\/\/nextsnkr.com\/et\/wp-json\/wp\/v2\/product_cat?post=734131"},{"taxonomy":"product_tag","embeddable":true,"href":"https:\/\/nextsnkr.com\/et\/wp-json\/wp\/v2\/product_tag?post=734131"}],"curies":[{"name":"wp","href":"https:\/\/api.w.org\/{rel}","templated":true}]}}