{"id":733791,"date":"2025-06-14T20:54:06","date_gmt":"2025-06-14T17:54:06","guid":{"rendered":"https:\/\/nextsnkr.com\/product\/air-jordan-retro1-black-violet-white-leather\/"},"modified":"2026-01-30T16:12:52","modified_gmt":"2026-01-30T13:12:52","slug":"air-jordan-retro1-black-violet-white-leather","status":"publish","type":"product","link":"https:\/\/nextsnkr.com\/et\/toode\/air-jordan-retro1-black-violet-white-leather\/","title":{"rendered":"Air Jordan Retro 1 Mustad \/ violetsed valged tossud-nahast meeste tossud"},"content":{"rendered":"<h2>Air Jordan Retro 1 Mustad \/ violetsed valged tossud-nahast meeste tossud<\/h2>\n<p>Air Jordan Retro1 Black Violet White Leather tossud on stiilsed ehtsast nahast k\u00f5rged meeste tossud, mis \u00fchendavad mugavuse, vastupidavuse ja kaasaegse disaini. Kontrastsed mustad, lillad ja valged v\u00e4rvid loovad erksa ja \u00e4ratuntava v\u00e4limuse. tugev tald tagab pehmenduse ja kindla jalatoe, samas kui kerge konstruktsioon muudab mudeli ideaalseks igap\u00e4evaseks kandmiseks ja v\u00e4litegevuseks. Ideaalne valik Air Jordani kaubam\u00e4rgi ja stiilsete spordijalatsite tundjatele.<\/p>\n","protected":false},"excerpt":{"rendered":"<p>Air Jordan Retro1 Black Violet White Leather tossud on stiilsed ehtsast nahast k\u00f5rged meeste tossud, mis \u00fchendavad mugavuse, vastupidavuse ja kaasaegse disaini. Kontrastsed mustad, lillad ja valged v\u00e4rvid loovad erksa ja \u00e4ratuntava v\u00e4limuse. tugev tald tagab pehmenduse ja kindla jalatoe, samas kui kerge konstruktsioon muudab mudeli ideaalseks igap\u00e4evaseks kandmiseks ja v\u00e4litegevuseks. Ideaalne valik Air Jordani kaubam\u00e4rgi ja stiilsete spordijalatsite tundjatele.<\/p>\n","protected":false},"featured_media":733792,"comment_status":"open","ping_status":"open","template":"","meta":[],"product_brand":[],"product_cat":[3382,3186,3317],"product_tag":[],"class_list":{"0":"post-733791","1":"product","2":"type-product","3":"status-publish","4":"has-post-thumbnail","6":"product_cat-nike-jordan","7":"product_cat-all-product","8":"product_cat-kedy","9":"pa_rozmir-910","10":"pa_rozmir-912","11":"pa_rozmir-914","12":"pa_rozmir-915","13":"pa_rozmir-916","14":"pa_rozmir-917","15":"pa_rozmir-918","16":"pa_rozmir-919","17":"pa_rozmir-920","18":"pa_rozmir-921","19":"pa_rozmir-922","21":"first","22":"instock","23":"purchasable","24":"product-type-variable"},"_links":{"self":[{"href":"https:\/\/nextsnkr.com\/et\/wp-json\/wp\/v2\/product\/733791","targetHints":{"allow":["GET"]}}],"collection":[{"href":"https:\/\/nextsnkr.com\/et\/wp-json\/wp\/v2\/product"}],"about":[{"href":"https:\/\/nextsnkr.com\/et\/wp-json\/wp\/v2\/types\/product"}],"replies":[{"embeddable":true,"href":"https:\/\/nextsnkr.com\/et\/wp-json\/wp\/v2\/comments?post=733791"}],"version-history":[{"count":0,"href":"https:\/\/nextsnkr.com\/et\/wp-json\/wp\/v2\/product\/733791\/revisions"}],"wp:featuredmedia":[{"embeddable":true,"href":"https:\/\/nextsnkr.com\/et\/wp-json\/wp\/v2\/media\/733792"}],"wp:attachment":[{"href":"https:\/\/nextsnkr.com\/et\/wp-json\/wp\/v2\/media?parent=733791"}],"wp:term":[{"taxonomy":"product_brand","embeddable":true,"href":"https:\/\/nextsnkr.com\/et\/wp-json\/wp\/v2\/product_brand?post=733791"},{"taxonomy":"product_cat","embeddable":true,"href":"https:\/\/nextsnkr.com\/et\/wp-json\/wp\/v2\/product_cat?post=733791"},{"taxonomy":"product_tag","embeddable":true,"href":"https:\/\/nextsnkr.com\/et\/wp-json\/wp\/v2\/product_tag?post=733791"}],"curies":[{"name":"wp","href":"https:\/\/api.w.org\/{rel}","templated":true}]}}