{"id":733115,"date":"2025-06-14T20:59:12","date_gmt":"2025-06-14T17:59:12","guid":{"rendered":"https:\/\/nextsnkr.com\/product\/nike-air-jordan-1-retro-mid\/"},"modified":"2026-01-30T16:12:25","modified_gmt":"2026-01-30T13:12:25","slug":"nike-air-jordan-1-retro-mid","status":"publish","type":"product","link":"https:\/\/nextsnkr.com\/et\/toode\/nike-air-jordan-1-retro-mid\/","title":{"rendered":"Nike Air Jordan 1 Retro Mid tossud-meeste nahast tossud"},"content":{"rendered":"<h2>Nike Air Jordan 1 Retro Mid tossud-meeste nahast tossud<\/h2>\n<p>Nike Air Jordan 1 Retro Mid \u2014 ikoonilised ehtsast nahast meeste tossud, mis \u00fchendavad legendaarse disaini ja maksimaalse mugavuse. Mudel sobib ideaalselt igap\u00e4evaseks kandmiseks, aktiivseks puhkamiseks ja stiilse linnaliku ilme loomiseks. Pehme l\u00f6\u00f6ke neelav tald pakub k\u00f5ndimisel mugavust ja nutikas disain tagab vastupidavuse. Vietnami tootmine kinnitab materjalide k\u00f5rget kvaliteeti. Valige Nike Air Jordan 1 Retro Mid stiilse ja mugava v\u00e4ljan\u00e4gemise jaoks.<\/p>\n","protected":false},"excerpt":{"rendered":"<p>Nike Air Jordan 1 Retro Mid \u2014 ikoonilised ehtsast nahast meeste tossud, mis \u00fchendavad legendaarse disaini ja maksimaalse mugavuse. Mudel sobib ideaalselt igap\u00e4evaseks kandmiseks, aktiivseks puhkamiseks ja stiilse linnaliku ilme loomiseks. Pehme l\u00f6\u00f6ke neelav tald pakub k\u00f5ndimisel mugavust ja nutikas disain tagab vastupidavuse. Vietnami tootmine kinnitab materjalide k\u00f5rget kvaliteeti. Valige Nike Air Jordan 1 Retro Mid stiilse ja mugava v\u00e4ljan\u00e4gemise jaoks.<\/p>\n","protected":false},"featured_media":733116,"comment_status":"open","ping_status":"open","template":"","meta":[],"product_brand":[],"product_cat":[3382,3186,3317],"product_tag":[],"class_list":{"0":"post-733115","1":"product","2":"type-product","3":"status-publish","4":"has-post-thumbnail","6":"product_cat-nike-jordan","7":"product_cat-all-product","8":"product_cat-kedy","9":"pa_rozmir-910","10":"pa_rozmir-912","11":"pa_rozmir-914","12":"pa_rozmir-915","13":"pa_rozmir-916","14":"pa_rozmir-917","15":"pa_rozmir-918","16":"pa_rozmir-919","17":"pa_rozmir-920","18":"pa_rozmir-921","19":"pa_rozmir-922","21":"first","22":"onbackorder","23":"purchasable","24":"product-type-variable"},"_links":{"self":[{"href":"https:\/\/nextsnkr.com\/et\/wp-json\/wp\/v2\/product\/733115","targetHints":{"allow":["GET"]}}],"collection":[{"href":"https:\/\/nextsnkr.com\/et\/wp-json\/wp\/v2\/product"}],"about":[{"href":"https:\/\/nextsnkr.com\/et\/wp-json\/wp\/v2\/types\/product"}],"replies":[{"embeddable":true,"href":"https:\/\/nextsnkr.com\/et\/wp-json\/wp\/v2\/comments?post=733115"}],"version-history":[{"count":0,"href":"https:\/\/nextsnkr.com\/et\/wp-json\/wp\/v2\/product\/733115\/revisions"}],"wp:featuredmedia":[{"embeddable":true,"href":"https:\/\/nextsnkr.com\/et\/wp-json\/wp\/v2\/media\/733116"}],"wp:attachment":[{"href":"https:\/\/nextsnkr.com\/et\/wp-json\/wp\/v2\/media?parent=733115"}],"wp:term":[{"taxonomy":"product_brand","embeddable":true,"href":"https:\/\/nextsnkr.com\/et\/wp-json\/wp\/v2\/product_brand?post=733115"},{"taxonomy":"product_cat","embeddable":true,"href":"https:\/\/nextsnkr.com\/et\/wp-json\/wp\/v2\/product_cat?post=733115"},{"taxonomy":"product_tag","embeddable":true,"href":"https:\/\/nextsnkr.com\/et\/wp-json\/wp\/v2\/product_tag?post=733115"}],"curies":[{"name":"wp","href":"https:\/\/api.w.org\/{rel}","templated":true}]}}