{"id":732101,"date":"2025-06-14T21:04:07","date_gmt":"2025-06-14T18:04:07","guid":{"rendered":"https:\/\/nextsnkr.com\/product\/nike-air-jordan-low-grey\/"},"modified":"2026-01-30T16:11:38","modified_gmt":"2026-01-30T13:11:38","slug":"nike-air-jordan-low-grey","status":"publish","type":"product","link":"https:\/\/nextsnkr.com\/et\/toode\/nike-air-jordan-low-grey\/","title":{"rendered":"Nike Air Jordan Low Grey tossud &#8211; nahast hallid tossud igap\u00e4evaseks kandmiseks"},"content":{"rendered":"<h2>Nike Air Jordan Low Grey tossud &#8211; nahast hallid tossud igap\u00e4evaseks kandmiseks<\/h2>\n<p>Nike Air Jordan Low Grey tossud on stiilne ehtsast nahast mudel, mis on loodud mugavuse ja vastupidavuse tagamiseks. Hall v\u00e4rv muudab tossud mitmek\u00fclgseks ja h\u00f5lpsasti kombineeritavaks mis tahes riietusega. Kerge tald pakub mugavat k\u00f5ndimist ja nutikas disain r\u00f5hutab kaasaegset sportlikku stiili. Valmistatud Vietnamis, need tossud tagavad k\u00f5rge kvaliteedi ja usaldusv\u00e4\u00e4rsuse. Nike Air Jordan Low Grey on ideaalne valik neile, kes hindavad mugavust, stiili ja praktilisust.<\/p>\n","protected":false},"excerpt":{"rendered":"<p>Nike Air Jordan Low Grey tossud on stiilne ehtsast nahast mudel, mis on loodud mugavuse ja vastupidavuse tagamiseks. Hall v\u00e4rv muudab tossud mitmek\u00fclgseks ja h\u00f5lpsasti kombineeritavaks mis tahes riietusega. Kerge tald pakub mugavat k\u00f5ndimist ja nutikas disain r\u00f5hutab kaasaegset sportlikku stiili. Valmistatud Vietnamis, need tossud tagavad k\u00f5rge kvaliteedi ja usaldusv\u00e4\u00e4rsuse. Nike Air Jordan Low Grey on ideaalne valik neile, kes hindavad mugavust, stiili ja praktilisust.<\/p>\n","protected":false},"featured_media":732102,"comment_status":"open","ping_status":"open","template":"","meta":[],"product_brand":[],"product_cat":[3382,3186,3317],"product_tag":[],"class_list":{"0":"post-732101","1":"product","2":"type-product","3":"status-publish","4":"has-post-thumbnail","6":"product_cat-nike-jordan","7":"product_cat-all-product","8":"product_cat-kedy","9":"pa_rozmir-910","10":"pa_rozmir-912","11":"pa_rozmir-914","12":"pa_rozmir-915","13":"pa_rozmir-916","14":"pa_rozmir-917","15":"pa_rozmir-918","16":"pa_rozmir-919","17":"pa_rozmir-920","18":"pa_rozmir-921","19":"pa_rozmir-922","21":"first","22":"onbackorder","23":"purchasable","24":"product-type-variable"},"_links":{"self":[{"href":"https:\/\/nextsnkr.com\/et\/wp-json\/wp\/v2\/product\/732101","targetHints":{"allow":["GET"]}}],"collection":[{"href":"https:\/\/nextsnkr.com\/et\/wp-json\/wp\/v2\/product"}],"about":[{"href":"https:\/\/nextsnkr.com\/et\/wp-json\/wp\/v2\/types\/product"}],"replies":[{"embeddable":true,"href":"https:\/\/nextsnkr.com\/et\/wp-json\/wp\/v2\/comments?post=732101"}],"version-history":[{"count":0,"href":"https:\/\/nextsnkr.com\/et\/wp-json\/wp\/v2\/product\/732101\/revisions"}],"wp:featuredmedia":[{"embeddable":true,"href":"https:\/\/nextsnkr.com\/et\/wp-json\/wp\/v2\/media\/732102"}],"wp:attachment":[{"href":"https:\/\/nextsnkr.com\/et\/wp-json\/wp\/v2\/media?parent=732101"}],"wp:term":[{"taxonomy":"product_brand","embeddable":true,"href":"https:\/\/nextsnkr.com\/et\/wp-json\/wp\/v2\/product_brand?post=732101"},{"taxonomy":"product_cat","embeddable":true,"href":"https:\/\/nextsnkr.com\/et\/wp-json\/wp\/v2\/product_cat?post=732101"},{"taxonomy":"product_tag","embeddable":true,"href":"https:\/\/nextsnkr.com\/et\/wp-json\/wp\/v2\/product_tag?post=732101"}],"curies":[{"name":"wp","href":"https:\/\/api.w.org\/{rel}","templated":true}]}}