{"id":731256,"date":"2025-06-14T21:08:14","date_gmt":"2025-06-14T18:08:14","guid":{"rendered":"https:\/\/nextsnkr.com\/product\/nike-air-jordan-1-retro-high-grey-red\/"},"modified":"2026-01-30T16:10:57","modified_gmt":"2026-01-30T13:10:57","slug":"nike-air-jordan-1-retro-high-grey-red","status":"publish","type":"product","link":"https:\/\/nextsnkr.com\/et\/toode\/nike-air-jordan-1-retro-high-grey-red\/","title":{"rendered":"Nike Air Jordan 1 Retro High Grey \/ Red tossud &#8211; nahast k\u00f5rged tossud"},"content":{"rendered":"<h2>Nike Air Jordan 1 Retro High Grey \/ Red tossud &#8211; nahast k\u00f5rged tossud<\/h2>\n<p>Nike Air Jordan 1 Retro High Grey\/Red tossud on valmistatud kvaliteetsest nahast, mis tagab mugavuse, vastupidavuse ja kindla jala hoidmise. K\u00f5rge siluett toetab pahkluu ning stiilne halli ja punase segu lisab igale v\u00e4limusele trendika aktsendi. Kerge pehmendav tald muudab tossud mugavaks igap\u00e4evaseks kandmiseks ja aktiivseks linnaeluks. Tootja-Vietnam. Valige Nike Air Jordan 1 Retro High mugavuse, stiili ja k\u00f5rge kvaliteedi jaoks.<\/p>\n","protected":false},"excerpt":{"rendered":"<p>Nike Air Jordan 1 Retro High Grey\/Red tossud on valmistatud kvaliteetsest nahast, mis tagab mugavuse, vastupidavuse ja kindla jala hoidmise. K\u00f5rge siluett toetab pahkluu ning stiilne halli ja punase segu lisab igale v\u00e4limusele trendika aktsendi. Kerge pehmendav tald muudab tossud mugavaks igap\u00e4evaseks kandmiseks ja aktiivseks linnaeluks. Tootja-Vietnam. Valige Nike Air Jordan 1 Retro High mugavuse, stiili ja k\u00f5rge kvaliteedi jaoks.<\/p>\n","protected":false},"featured_media":731257,"comment_status":"open","ping_status":"open","template":"","meta":[],"product_brand":[],"product_cat":[3382,3186,3317],"product_tag":[],"class_list":{"0":"post-731256","1":"product","2":"type-product","3":"status-publish","4":"has-post-thumbnail","6":"product_cat-nike-jordan","7":"product_cat-all-product","8":"product_cat-kedy","9":"pa_rozmir-910","10":"pa_rozmir-912","11":"pa_rozmir-914","12":"pa_rozmir-915","13":"pa_rozmir-916","14":"pa_rozmir-917","15":"pa_rozmir-918","16":"pa_rozmir-919","17":"pa_rozmir-920","18":"pa_rozmir-921","19":"pa_rozmir-922","21":"first","22":"instock","23":"purchasable","24":"product-type-variable"},"_links":{"self":[{"href":"https:\/\/nextsnkr.com\/et\/wp-json\/wp\/v2\/product\/731256","targetHints":{"allow":["GET"]}}],"collection":[{"href":"https:\/\/nextsnkr.com\/et\/wp-json\/wp\/v2\/product"}],"about":[{"href":"https:\/\/nextsnkr.com\/et\/wp-json\/wp\/v2\/types\/product"}],"replies":[{"embeddable":true,"href":"https:\/\/nextsnkr.com\/et\/wp-json\/wp\/v2\/comments?post=731256"}],"version-history":[{"count":0,"href":"https:\/\/nextsnkr.com\/et\/wp-json\/wp\/v2\/product\/731256\/revisions"}],"wp:featuredmedia":[{"embeddable":true,"href":"https:\/\/nextsnkr.com\/et\/wp-json\/wp\/v2\/media\/731257"}],"wp:attachment":[{"href":"https:\/\/nextsnkr.com\/et\/wp-json\/wp\/v2\/media?parent=731256"}],"wp:term":[{"taxonomy":"product_brand","embeddable":true,"href":"https:\/\/nextsnkr.com\/et\/wp-json\/wp\/v2\/product_brand?post=731256"},{"taxonomy":"product_cat","embeddable":true,"href":"https:\/\/nextsnkr.com\/et\/wp-json\/wp\/v2\/product_cat?post=731256"},{"taxonomy":"product_tag","embeddable":true,"href":"https:\/\/nextsnkr.com\/et\/wp-json\/wp\/v2\/product_tag?post=731256"}],"curies":[{"name":"wp","href":"https:\/\/api.w.org\/{rel}","templated":true}]}}