{"id":731087,"date":"2025-06-14T21:09:03","date_gmt":"2025-06-14T18:09:03","guid":{"rendered":"https:\/\/nextsnkr.com\/product\/yeezy-350-full-black\/"},"modified":"2026-01-30T16:10:52","modified_gmt":"2026-01-30T13:10:52","slug":"yeezy-350-full-black","status":"publish","type":"product","link":"https:\/\/nextsnkr.com\/et\/toode\/yeezy-350-full-black\/","title":{"rendered":"Yeezy 350 Full Black tekstiili-ja v\u00f5rgujalatsid-Stiil ja mugavus"},"content":{"rendered":"<h2>Yeezy 350 Full Black tekstiili-ja v\u00f5rgujalatsid-Stiil ja mugavus<\/h2>\n<p>Yeezy 350 Full Black on kaasaegne tekstiili-ja v\u00f5rgujalats, mis \u00fchendab kerguse, mugavuse ja suurep\u00e4rase ventilatsiooni. \u00dcleni must disain muudab mudeli mitmek\u00fclgseks ja seda on lihtne kombineerida mis tahes riietusega. Kerge l\u00f6\u00f6ke neelav tald pakub mugavust igap\u00e4evaseks kandmiseks ja materjalide esmaklassiline kvaliteet tagab vastupidavuse. Vietnamis toodetud need yeezy tossud on stiilne ja praktiline valik aktiivseks linnaeluks.<\/p>\n","protected":false},"excerpt":{"rendered":"<p>Yeezy 350 Full Black on kaasaegne tekstiili-ja v\u00f5rgujalats, mis \u00fchendab kerguse, mugavuse ja suurep\u00e4rase ventilatsiooni. \u00dcleni must disain muudab mudeli mitmek\u00fclgseks ja seda on lihtne kombineerida mis tahes riietusega. Kerge l\u00f6\u00f6ke neelav tald pakub mugavust igap\u00e4evaseks kandmiseks ja materjalide esmaklassiline kvaliteet tagab vastupidavuse. Vietnamis toodetud need yeezy tossud on stiilne ja praktiline valik aktiivseks linnaeluks.<\/p>\n","protected":false},"featured_media":731088,"comment_status":"open","ping_status":"open","template":"","meta":[],"product_brand":[],"product_cat":[3395,3186,3187],"product_tag":[],"class_list":{"0":"post-731087","1":"product","2":"type-product","3":"status-publish","4":"has-post-thumbnail","6":"product_cat-adidas-yeezy","7":"product_cat-all-product","8":"product_cat-krosivky","9":"pa_rozmir-910","10":"pa_rozmir-912","11":"pa_rozmir-914","12":"pa_rozmir-915","13":"pa_rozmir-916","14":"pa_rozmir-917","15":"pa_rozmir-918","16":"pa_rozmir-919","17":"pa_rozmir-920","18":"pa_rozmir-921","19":"pa_rozmir-922","21":"first","22":"instock","23":"purchasable","24":"product-type-variable"},"_links":{"self":[{"href":"https:\/\/nextsnkr.com\/et\/wp-json\/wp\/v2\/product\/731087","targetHints":{"allow":["GET"]}}],"collection":[{"href":"https:\/\/nextsnkr.com\/et\/wp-json\/wp\/v2\/product"}],"about":[{"href":"https:\/\/nextsnkr.com\/et\/wp-json\/wp\/v2\/types\/product"}],"replies":[{"embeddable":true,"href":"https:\/\/nextsnkr.com\/et\/wp-json\/wp\/v2\/comments?post=731087"}],"version-history":[{"count":0,"href":"https:\/\/nextsnkr.com\/et\/wp-json\/wp\/v2\/product\/731087\/revisions"}],"wp:featuredmedia":[{"embeddable":true,"href":"https:\/\/nextsnkr.com\/et\/wp-json\/wp\/v2\/media\/731088"}],"wp:attachment":[{"href":"https:\/\/nextsnkr.com\/et\/wp-json\/wp\/v2\/media?parent=731087"}],"wp:term":[{"taxonomy":"product_brand","embeddable":true,"href":"https:\/\/nextsnkr.com\/et\/wp-json\/wp\/v2\/product_brand?post=731087"},{"taxonomy":"product_cat","embeddable":true,"href":"https:\/\/nextsnkr.com\/et\/wp-json\/wp\/v2\/product_cat?post=731087"},{"taxonomy":"product_tag","embeddable":true,"href":"https:\/\/nextsnkr.com\/et\/wp-json\/wp\/v2\/product_tag?post=731087"}],"curies":[{"name":"wp","href":"https:\/\/api.w.org\/{rel}","templated":true}]}}