{"id":730749,"date":"2025-06-14T21:10:36","date_gmt":"2025-06-14T18:10:36","guid":{"rendered":"https:\/\/nextsnkr.com\/product\/yeezy-boost-350-v2-black-red\/"},"modified":"2026-01-30T16:10:33","modified_gmt":"2026-01-30T13:10:33","slug":"yeezy-boost-350-v2-black-red","status":"publish","type":"product","link":"https:\/\/nextsnkr.com\/et\/toode\/yeezy-boost-350-v2-black-red\/","title":{"rendered":"Yeezy Boost 350 v2 mustad \/ punased tossud-tekstiilist stiilsed tossud"},"content":{"rendered":"<h2>Yeezy Boost 350 v2 mustad \/ punased tossud-tekstiilist stiilsed tossud<\/h2>\n<p>Yeezy Boost 350 v2 Black\/Red tossud on kaasaegne premium mudel mugavuse ja trendikate piltide tundjatele. Kvaliteetsete tekstiilide ja v\u00f5rgusilma kombinatsioon tagab kandmise ajal kerguse, ventilatsiooni ja mugavuse. Heledad mustad punaste aktsentidega v\u00e4rvid muudavad mudeli \u00e4ratuntavaks ja universaalseks igap\u00e4evaseks stiiliks. Need Vietnamis toodetud tossud on usaldusv\u00e4\u00e4rsed ja vastupidavad. Valige Yeezy Boost 350 V2-stiili, mugavuse ja kaasaegse disaini kombinatsioon.<\/p>\n","protected":false},"excerpt":{"rendered":"<p>Yeezy Boost 350 v2 Black\/Red tossud on kaasaegne premium mudel mugavuse ja trendikate piltide tundjatele. Kvaliteetsete tekstiilide ja v\u00f5rgusilma kombinatsioon tagab kandmise ajal kerguse, ventilatsiooni ja mugavuse. Heledad mustad punaste aktsentidega v\u00e4rvid muudavad mudeli \u00e4ratuntavaks ja universaalseks igap\u00e4evaseks stiiliks. Need Vietnamis toodetud tossud on usaldusv\u00e4\u00e4rsed ja vastupidavad. Valige Yeezy Boost 350 V2-stiili, mugavuse ja kaasaegse disaini kombinatsioon.<\/p>\n","protected":false},"featured_media":730750,"comment_status":"open","ping_status":"open","template":"","meta":[],"product_brand":[],"product_cat":[3395,3186,3187],"product_tag":[],"class_list":{"0":"post-730749","1":"product","2":"type-product","3":"status-publish","4":"has-post-thumbnail","6":"product_cat-adidas-yeezy","7":"product_cat-all-product","8":"product_cat-krosivky","9":"pa_rozmir-910","10":"pa_rozmir-912","11":"pa_rozmir-914","12":"pa_rozmir-915","13":"pa_rozmir-916","14":"pa_rozmir-917","15":"pa_rozmir-918","16":"pa_rozmir-919","17":"pa_rozmir-920","18":"pa_rozmir-921","19":"pa_rozmir-922","21":"first","22":"onbackorder","23":"purchasable","24":"product-type-variable"},"_links":{"self":[{"href":"https:\/\/nextsnkr.com\/et\/wp-json\/wp\/v2\/product\/730749","targetHints":{"allow":["GET"]}}],"collection":[{"href":"https:\/\/nextsnkr.com\/et\/wp-json\/wp\/v2\/product"}],"about":[{"href":"https:\/\/nextsnkr.com\/et\/wp-json\/wp\/v2\/types\/product"}],"replies":[{"embeddable":true,"href":"https:\/\/nextsnkr.com\/et\/wp-json\/wp\/v2\/comments?post=730749"}],"version-history":[{"count":0,"href":"https:\/\/nextsnkr.com\/et\/wp-json\/wp\/v2\/product\/730749\/revisions"}],"wp:featuredmedia":[{"embeddable":true,"href":"https:\/\/nextsnkr.com\/et\/wp-json\/wp\/v2\/media\/730750"}],"wp:attachment":[{"href":"https:\/\/nextsnkr.com\/et\/wp-json\/wp\/v2\/media?parent=730749"}],"wp:term":[{"taxonomy":"product_brand","embeddable":true,"href":"https:\/\/nextsnkr.com\/et\/wp-json\/wp\/v2\/product_brand?post=730749"},{"taxonomy":"product_cat","embeddable":true,"href":"https:\/\/nextsnkr.com\/et\/wp-json\/wp\/v2\/product_cat?post=730749"},{"taxonomy":"product_tag","embeddable":true,"href":"https:\/\/nextsnkr.com\/et\/wp-json\/wp\/v2\/product_tag?post=730749"}],"curies":[{"name":"wp","href":"https:\/\/api.w.org\/{rel}","templated":true}]}}