{"id":730580,"date":"2025-06-14T21:11:25","date_gmt":"2025-06-14T18:11:25","guid":{"rendered":"https:\/\/nextsnkr.com\/product\/yeezy-350-no-reflective\/"},"modified":"2026-01-30T16:10:28","modified_gmt":"2026-01-30T13:10:28","slug":"yeezy-350-no-reflective","status":"publish","type":"product","link":"https:\/\/nextsnkr.com\/et\/toode\/yeezy-350-no-reflective\/","title":{"rendered":"Yeezy 350 no Reflective tossud-tekstiilist stiilsed meeste tossud"},"content":{"rendered":"<h2>Yeezy 350 no Reflective tossud-tekstiilist stiilsed meeste tossud<\/h2>\n<p>Yeezy 350 no Reflective tossud on valmistatud kergest tekstiilist ja v\u00f5rgust, mis tagab kandmise ajal ventilatsiooni, mugavuse ja paindlikkuse. Kaasaegne disain muudab mudeli iga v\u00e4limuse m\u00e4rgatavaks aktsendiks ning vastupidav tald tagab kindla pehmenduse ja sammu stabiilsuse. Vietnamis toodetud Yeezy 350 tossud \u00fchendavad stiili, praktilisuse ja vastupidavuse, sobivad ideaalselt aktiivseks linnaeluks ja igap\u00e4evaseks kasutamiseks.<\/p>\n","protected":false},"excerpt":{"rendered":"<p>Yeezy 350 no Reflective tossud on valmistatud kergest tekstiilist ja v\u00f5rgust, mis tagab kandmise ajal ventilatsiooni, mugavuse ja paindlikkuse. Kaasaegne disain muudab mudeli iga v\u00e4limuse m\u00e4rgatavaks aktsendiks ning vastupidav tald tagab kindla pehmenduse ja sammu stabiilsuse. Vietnamis toodetud Yeezy 350 tossud \u00fchendavad stiili, praktilisuse ja vastupidavuse, sobivad ideaalselt aktiivseks linnaeluks ja igap\u00e4evaseks kasutamiseks.<\/p>\n","protected":false},"featured_media":730581,"comment_status":"open","ping_status":"open","template":"","meta":[],"product_brand":[],"product_cat":[3395,3186,3187],"product_tag":[],"class_list":{"0":"post-730580","1":"product","2":"type-product","3":"status-publish","4":"has-post-thumbnail","6":"product_cat-adidas-yeezy","7":"product_cat-all-product","8":"product_cat-krosivky","9":"pa_rozmir-910","10":"pa_rozmir-912","11":"pa_rozmir-914","12":"pa_rozmir-915","13":"pa_rozmir-916","14":"pa_rozmir-917","15":"pa_rozmir-918","16":"pa_rozmir-919","17":"pa_rozmir-920","18":"pa_rozmir-921","19":"pa_rozmir-922","21":"first","22":"onbackorder","23":"purchasable","24":"product-type-variable"},"_links":{"self":[{"href":"https:\/\/nextsnkr.com\/et\/wp-json\/wp\/v2\/product\/730580","targetHints":{"allow":["GET"]}}],"collection":[{"href":"https:\/\/nextsnkr.com\/et\/wp-json\/wp\/v2\/product"}],"about":[{"href":"https:\/\/nextsnkr.com\/et\/wp-json\/wp\/v2\/types\/product"}],"replies":[{"embeddable":true,"href":"https:\/\/nextsnkr.com\/et\/wp-json\/wp\/v2\/comments?post=730580"}],"version-history":[{"count":0,"href":"https:\/\/nextsnkr.com\/et\/wp-json\/wp\/v2\/product\/730580\/revisions"}],"wp:featuredmedia":[{"embeddable":true,"href":"https:\/\/nextsnkr.com\/et\/wp-json\/wp\/v2\/media\/730581"}],"wp:attachment":[{"href":"https:\/\/nextsnkr.com\/et\/wp-json\/wp\/v2\/media?parent=730580"}],"wp:term":[{"taxonomy":"product_brand","embeddable":true,"href":"https:\/\/nextsnkr.com\/et\/wp-json\/wp\/v2\/product_brand?post=730580"},{"taxonomy":"product_cat","embeddable":true,"href":"https:\/\/nextsnkr.com\/et\/wp-json\/wp\/v2\/product_cat?post=730580"},{"taxonomy":"product_tag","embeddable":true,"href":"https:\/\/nextsnkr.com\/et\/wp-json\/wp\/v2\/product_tag?post=730580"}],"curies":[{"name":"wp","href":"https:\/\/api.w.org\/{rel}","templated":true}]}}