{"id":730411,"date":"2025-06-14T21:12:11","date_gmt":"2025-06-14T18:12:11","guid":{"rendered":"https:\/\/nextsnkr.com\/product\/adidas-yeezy-350-full-white-premium\/"},"modified":"2026-01-30T16:10:10","modified_gmt":"2026-01-30T13:10:10","slug":"adidas-yeezy-350-full-white-premium","status":"publish","type":"product","link":"https:\/\/nextsnkr.com\/et\/toode\/adidas-yeezy-350-full-white-premium\/","title":{"rendered":"Adidas Yeezy 350 Full White Premium tossud-kerged tekstiilist tossud"},"content":{"rendered":"<h2>Adidas Yeezy 350 Full White Premium tossud-kerged tekstiilist tossud<\/h2>\n<p>Stiilsed Adidas Yeezy 350 Full White Premium tossud \u00fchendavad kaasaegse disaini ja mugavuse igap\u00e4evaseks kasutamiseks. Hingavast tekstiilist \u00fclaosa tagab kerguse, ventilatsiooni ja mugava jala. L\u00f6\u00f6ke neelav tald tagab sammu pehmuse ning puhas valge muudab mudeli mitmek\u00fclgseks ja sobib h\u00f5lpsalt mis tahes viisil. Ideaalne valik neile, kes hindavad Adidas Yeezy esmaklassilist kvaliteeti, stiili ja legendaarset kaubam\u00e4rki.<\/p>\n","protected":false},"excerpt":{"rendered":"<p>Stiilsed Adidas Yeezy 350 Full White Premium tossud \u00fchendavad kaasaegse disaini ja mugavuse igap\u00e4evaseks kasutamiseks. Hingavast tekstiilist \u00fclaosa tagab kerguse, ventilatsiooni ja mugava jala. L\u00f6\u00f6ke neelav tald tagab sammu pehmuse ning puhas valge muudab mudeli mitmek\u00fclgseks ja sobib h\u00f5lpsalt mis tahes viisil. Ideaalne valik neile, kes hindavad Adidas Yeezy esmaklassilist kvaliteeti, stiili ja legendaarset kaubam\u00e4rki.<\/p>\n","protected":false},"featured_media":730412,"comment_status":"open","ping_status":"open","template":"","meta":[],"product_brand":[],"product_cat":[3395,3186,3187],"product_tag":[],"class_list":{"0":"post-730411","1":"product","2":"type-product","3":"status-publish","4":"has-post-thumbnail","6":"product_cat-adidas-yeezy","7":"product_cat-all-product","8":"product_cat-krosivky","9":"pa_rozmir-910","10":"pa_rozmir-912","11":"pa_rozmir-914","12":"pa_rozmir-915","13":"pa_rozmir-916","14":"pa_rozmir-917","15":"pa_rozmir-918","16":"pa_rozmir-919","17":"pa_rozmir-920","18":"pa_rozmir-921","19":"pa_rozmir-922","21":"first","22":"onbackorder","23":"purchasable","24":"product-type-variable"},"_links":{"self":[{"href":"https:\/\/nextsnkr.com\/et\/wp-json\/wp\/v2\/product\/730411","targetHints":{"allow":["GET"]}}],"collection":[{"href":"https:\/\/nextsnkr.com\/et\/wp-json\/wp\/v2\/product"}],"about":[{"href":"https:\/\/nextsnkr.com\/et\/wp-json\/wp\/v2\/types\/product"}],"replies":[{"embeddable":true,"href":"https:\/\/nextsnkr.com\/et\/wp-json\/wp\/v2\/comments?post=730411"}],"version-history":[{"count":0,"href":"https:\/\/nextsnkr.com\/et\/wp-json\/wp\/v2\/product\/730411\/revisions"}],"wp:featuredmedia":[{"embeddable":true,"href":"https:\/\/nextsnkr.com\/et\/wp-json\/wp\/v2\/media\/730412"}],"wp:attachment":[{"href":"https:\/\/nextsnkr.com\/et\/wp-json\/wp\/v2\/media?parent=730411"}],"wp:term":[{"taxonomy":"product_brand","embeddable":true,"href":"https:\/\/nextsnkr.com\/et\/wp-json\/wp\/v2\/product_brand?post=730411"},{"taxonomy":"product_cat","embeddable":true,"href":"https:\/\/nextsnkr.com\/et\/wp-json\/wp\/v2\/product_cat?post=730411"},{"taxonomy":"product_tag","embeddable":true,"href":"https:\/\/nextsnkr.com\/et\/wp-json\/wp\/v2\/product_tag?post=730411"}],"curies":[{"name":"wp","href":"https:\/\/api.w.org\/{rel}","templated":true}]}}