{"id":730150,"date":"2025-06-14T21:12:59","date_gmt":"2025-06-14T18:12:59","guid":{"rendered":"https:\/\/nextsnkr.com\/product\/black-full-ref-ne-premyum-rasprodazha\/"},"modified":"2026-01-30T16:10:06","modified_gmt":"2026-01-30T13:10:06","slug":"black-full-ref-ne-premyum-rasprodazha","status":"publish","type":"product","link":"https:\/\/nextsnkr.com\/et\/toode\/black-full-ref-ne-premyum-rasprodazha\/","title":{"rendered":"Tossud Black * Full Ref mitte premium meeste tekstiilist tossud"},"content":{"rendered":"<h2>Tossud Black * Full Ref mitte premium meeste tekstiilist tossud<\/h2>\n<p>Blackfull Ref mitte-premium tossud on valmistatud hingavast tekstiilist ja v\u00f5rgust, mis tagab kandmise ajal kerguse ja mugavuse. Mudel sobib igap\u00e4evaseks kasutamiseks, jalutusk\u00e4ikudeks ja kergeteks treeninguteks. Kaasaegne disain ja must v\u00e4rv muudavad tossud mitmek\u00fclgseks ja stiilseks. Valige BlackFull Ref mitte Premium, et \u00fchendada mugavus, praktilisus ja taskukohane kvaliteet igal sammul.<\/p>\n","protected":false},"excerpt":{"rendered":"<p>Blackfull Ref mitte-premium tossud on valmistatud hingavast tekstiilist ja v\u00f5rgust, mis tagab kandmise ajal kerguse ja mugavuse. Mudel sobib igap\u00e4evaseks kasutamiseks, jalutusk\u00e4ikudeks ja kergeteks treeninguteks. Kaasaegne disain ja must v\u00e4rv muudavad tossud mitmek\u00fclgseks ja stiilseks. Valige BlackFull Ref mitte Premium, et \u00fchendada mugavus, praktilisus ja taskukohane kvaliteet igal sammul.<\/p>\n","protected":false},"featured_media":730152,"comment_status":"open","ping_status":"open","template":"","meta":[],"product_brand":[],"product_cat":[3186,3187],"product_tag":[],"class_list":{"0":"post-730150","1":"product","2":"type-product","3":"status-publish","4":"has-post-thumbnail","6":"product_cat-all-product","7":"product_cat-krosivky","8":"pa_rozmir-923","9":"pa_rozmir-910","10":"pa_rozmir-912","11":"pa_rozmir-914","12":"pa_rozmir-915","13":"pa_rozmir-916","14":"pa_rozmir-917","15":"pa_rozmir-918","16":"pa_rozmir-919","17":"pa_rozmir-921","18":"pa_rozmir-922","20":"first","21":"instock","22":"purchasable","23":"product-type-variable"},"_links":{"self":[{"href":"https:\/\/nextsnkr.com\/et\/wp-json\/wp\/v2\/product\/730150","targetHints":{"allow":["GET"]}}],"collection":[{"href":"https:\/\/nextsnkr.com\/et\/wp-json\/wp\/v2\/product"}],"about":[{"href":"https:\/\/nextsnkr.com\/et\/wp-json\/wp\/v2\/types\/product"}],"replies":[{"embeddable":true,"href":"https:\/\/nextsnkr.com\/et\/wp-json\/wp\/v2\/comments?post=730150"}],"version-history":[{"count":0,"href":"https:\/\/nextsnkr.com\/et\/wp-json\/wp\/v2\/product\/730150\/revisions"}],"wp:featuredmedia":[{"embeddable":true,"href":"https:\/\/nextsnkr.com\/et\/wp-json\/wp\/v2\/media\/730152"}],"wp:attachment":[{"href":"https:\/\/nextsnkr.com\/et\/wp-json\/wp\/v2\/media?parent=730150"}],"wp:term":[{"taxonomy":"product_brand","embeddable":true,"href":"https:\/\/nextsnkr.com\/et\/wp-json\/wp\/v2\/product_brand?post=730150"},{"taxonomy":"product_cat","embeddable":true,"href":"https:\/\/nextsnkr.com\/et\/wp-json\/wp\/v2\/product_cat?post=730150"},{"taxonomy":"product_tag","embeddable":true,"href":"https:\/\/nextsnkr.com\/et\/wp-json\/wp\/v2\/product_tag?post=730150"}],"curies":[{"name":"wp","href":"https:\/\/api.w.org\/{rel}","templated":true}]}}