{"id":728289,"date":"2025-06-14T21:19:27","date_gmt":"2025-06-14T18:19:27","guid":{"rendered":"https:\/\/nextsnkr.com\/product\/synth-ref-shnurky\/"},"modified":"2026-01-30T16:08:36","modified_gmt":"2026-01-30T13:08:36","slug":"synth-ref-shnurky","status":"publish","type":"product","link":"https:\/\/nextsnkr.com\/et\/toode\/synth-ref-shnurky\/","title":{"rendered":"Synth tossud * Ref paelad-kerge Tekstiil igap\u00e4evaseks kandmiseks"},"content":{"rendered":"<h2>Synth tossud * Ref paelad-kerge Tekstiil igap\u00e4evaseks kandmiseks<\/h2>\n<p>Synth tossud (Ref kingapaelad) * on valmistatud kvaliteetsest tekstiilist ja v\u00f5rgust, mis tagab igap\u00e4evase kandmise ajal suurep\u00e4rase ventilatsiooni, kerguse ja mugavuse. Mudel sobib ideaalselt linnastiili, jalutusk\u00e4ikude ja aktiivse puhkuse jaoks. N\u00f6\u00f6rimine v\u00f5imaldab teil istuvust t\u00e4pselt reguleerida ja kaasaegne disain muudab tossud stiilseks t\u00e4ienduseks igale v\u00e4limusele. Valmistatud Vietnamis, \u00fchendavad need taskukohase hinna ja usaldusv\u00e4\u00e4rse kvaliteedi. Synth Ref * on praktiline ja trendikas valik aktiivseks eluks.<\/p>\n","protected":false},"excerpt":{"rendered":"<p>Synth tossud (Ref kingapaelad) * on valmistatud kvaliteetsest tekstiilist ja v\u00f5rgust, mis tagab igap\u00e4evase kandmise ajal suurep\u00e4rase ventilatsiooni, kerguse ja mugavuse. Mudel sobib ideaalselt linnastiili, jalutusk\u00e4ikude ja aktiivse puhkuse jaoks. N\u00f6\u00f6rimine v\u00f5imaldab teil istuvust t\u00e4pselt reguleerida ja kaasaegne disain muudab tossud stiilseks t\u00e4ienduseks igale v\u00e4limusele. Valmistatud Vietnamis, \u00fchendavad need taskukohase hinna ja usaldusv\u00e4\u00e4rse kvaliteedi. Synth Ref * on praktiline ja trendikas valik aktiivseks eluks.<\/p>\n","protected":false},"featured_media":728292,"comment_status":"open","ping_status":"open","template":"","meta":[],"product_brand":[],"product_cat":[3186,3187],"product_tag":[],"class_list":{"0":"post-728289","1":"product","2":"type-product","3":"status-publish","4":"has-post-thumbnail","6":"product_cat-all-product","7":"product_cat-krosivky","8":"pa_rozmir-910","9":"pa_rozmir-912","10":"pa_rozmir-914","11":"pa_rozmir-915","12":"pa_rozmir-916","13":"pa_rozmir-917","14":"pa_rozmir-918","15":"pa_rozmir-919","16":"pa_rozmir-920","17":"pa_rozmir-921","18":"pa_rozmir-922","20":"first","21":"instock","22":"purchasable","23":"product-type-variable"},"_links":{"self":[{"href":"https:\/\/nextsnkr.com\/et\/wp-json\/wp\/v2\/product\/728289","targetHints":{"allow":["GET"]}}],"collection":[{"href":"https:\/\/nextsnkr.com\/et\/wp-json\/wp\/v2\/product"}],"about":[{"href":"https:\/\/nextsnkr.com\/et\/wp-json\/wp\/v2\/types\/product"}],"replies":[{"embeddable":true,"href":"https:\/\/nextsnkr.com\/et\/wp-json\/wp\/v2\/comments?post=728289"}],"version-history":[{"count":0,"href":"https:\/\/nextsnkr.com\/et\/wp-json\/wp\/v2\/product\/728289\/revisions"}],"wp:featuredmedia":[{"embeddable":true,"href":"https:\/\/nextsnkr.com\/et\/wp-json\/wp\/v2\/media\/728292"}],"wp:attachment":[{"href":"https:\/\/nextsnkr.com\/et\/wp-json\/wp\/v2\/media?parent=728289"}],"wp:term":[{"taxonomy":"product_brand","embeddable":true,"href":"https:\/\/nextsnkr.com\/et\/wp-json\/wp\/v2\/product_brand?post=728289"},{"taxonomy":"product_cat","embeddable":true,"href":"https:\/\/nextsnkr.com\/et\/wp-json\/wp\/v2\/product_cat?post=728289"},{"taxonomy":"product_tag","embeddable":true,"href":"https:\/\/nextsnkr.com\/et\/wp-json\/wp\/v2\/product_tag?post=728289"}],"curies":[{"name":"wp","href":"https:\/\/api.w.org\/{rel}","templated":true}]}}